{"id":59917,"date":"2018-04-24T13:51:52","date_gmt":"2018-04-24T11:51:52","guid":{"rendered":"https:\/\/www.beatnikshoes.com\/zapatos-hechos-a-mano\/blucher-bicolour-womens-ethel-blue-cream-blue-beige\/"},"modified":"2025-08-27T21:38:44","modified_gmt":"2025-08-27T19:38:44","slug":"blucher-bicolour-womens-ethel-blue-cream-blue-beige","status":"publish","type":"product","link":"https:\/\/www.beatnikshoes.com\/pt-pt\/sapatos-feitos-a-mao\/blucher-bicolour-womens-ethel-blue-cream-blue-beige\/","title":{"rendered":"Blucher Ethel Blue Cream bicolor em azul e bege"},"content":{"rendered":"<h2>UM OXFORD PARA MULHER COM PELE MACIA EM CORES CREME PARA A ESTA\u00c7\u00c3O<\/h2>\n<p>Um <strong>blucher bicolor azul e bege para mulher<\/strong>, fabricado \u00e0 m\u00e3o em Espanha em pele de bezerro. O \u00faltimo modelo mais confort\u00e1vel e comprovado da nossa cole\u00e7\u00e3o, com a pele mais macia e elegante do mercado, a pele de bezerro, resulta neste Blucher elegante e confort\u00e1vel. Os dois tons escolhidos, o bege suave e o azul glacial, combinam na perfei\u00e7\u00e3o. Tudo isto cria um conjunto que se destaca ao mesmo tempo que proporciona um toque de eleg\u00e2ncia discreta.<\/p>\n<p>A combina\u00e7\u00e3o deste <strong>sapato de senhora estilo Oxford de dois tons<\/strong> com cores pastel e roupas em tons terra \u00e9 perfeita. Combinados com tons azuis e paletas de cores frias, s\u00e3o tamb\u00e9m uma \u00f3ptima escolha. Estes sapatos de senhora com atacadores bicolores s\u00e3o uma escolha f\u00e1cil para usar com todos os tipos de cal\u00e7as, tanto formais como mais casuais em algod\u00e3o ou com cal\u00e7as de ganga. Com saias e vestidos de todos os comprimentos e tonalidades, s\u00e3o tamb\u00e9m uma combina\u00e7\u00e3o perfeita. Estes <strong>sapatos de senhora com atacadores<\/strong>, femininos e irresist\u00edveis, d\u00e3o aquele toque de eleg\u00e2ncia cl\u00e1ssica que \u00e9 sempre perfeito para qualquer ocasi\u00e3o.<\/p>\n<p>Este<strong> sapato baixo bicolor para mulher<\/strong> apresenta um trabalho fino na parte superior. A l\u00e2mina \u00e9 brogueada \u00e0 m\u00e3o com a cl\u00e1ssica decora\u00e7\u00e3o Oxford de ponta de asa completa. \u00c9 forrado inteiramente \u00e0 m\u00e3o em pele de vitelo roxa e cosido quase sem costuras para o m\u00e1ximo conforto. A sola \u00e9 feita de couro genu\u00edno e foi injectada uma camada de spay antiderrapante na sola exterior para proporcionar um isolamento extra e seguran\u00e7a da sola.<\/p>\n<p>A pele de vitelo, t\u00e3o suave como resistente, \u00e9 muito f\u00e1cil de limpar. Um simples pano h\u00famido remove qualquer res\u00edduo da utiliza\u00e7\u00e3o di\u00e1ria. Para nutrir a pele, uma pequena quantidade de creme incolor restaura repetidamente o seu tom original.<\/p>\n<p>S\u00e3o fornecidos com dois la\u00e7os em bege e tamb\u00e9m em azul glacial, pelo que pode combin\u00e1-los.<\/p>\n","protected":false},"excerpt":{"rendered":"<h2>Blucher de couro bicolor feito \u00e0 m\u00e3o em Espanha<\/h2>\n<p>Material exterior: Pele de vitelo bicolor azul e bege<br \/>\nForro: Pele de vaca roxa<br \/>\nMaterial da sola: Couro genu\u00edno<br \/>\nFecho: atacadores<br \/>\nTipo de salto baixo<\/p>\n<p>&nbsp;<\/p>\n","protected":false},"featured_media":73754,"comment_status":"open","ping_status":"closed","template":"","meta":[],"product_brand":[],"product_cat":[9098,9057,9027,9056],"product_tag":[],"woo-feed-brand":[],"class_list":{"0":"post-59917","1":"product","2":"type-product","3":"status-publish","4":"has-post-thumbnail","6":"product_cat-sapatos-bicolores-para-mulher","7":"product_cat-sapatos-blucher-para-mulher","8":"product_cat-sapatos-de-senhora","9":"product_cat-sapatos-oxford-para-mulher","10":"pa_talla-zapato-35-pt-pt","11":"pa_talla-zapato-36-pt-pt","12":"pa_talla-zapato-37-pt-pt","13":"pa_talla-zapato-38-pt-pt","14":"pa_talla-zapato-39-pt-pt","15":"pa_talla-zapato-40-pt-pt","16":"pa_talla-zapato-41-pt-pt","17":"pa_talla-zapato-42-pt-pt","18":"pa_talla-zapato-43-pt-pt","19":"pa_talla-zapato-44-pt-pt","21":"first","22":"instock","23":"sale","24":"taxable","25":"shipping-taxable","26":"purchasable","27":"product-type-variable"},"_links":{"self":[{"href":"https:\/\/www.beatnikshoes.com\/pt-pt\/wp-json\/wp\/v2\/product\/59917","targetHints":{"allow":["GET"]}}],"collection":[{"href":"https:\/\/www.beatnikshoes.com\/pt-pt\/wp-json\/wp\/v2\/product"}],"about":[{"href":"https:\/\/www.beatnikshoes.com\/pt-pt\/wp-json\/wp\/v2\/types\/product"}],"replies":[{"embeddable":true,"href":"https:\/\/www.beatnikshoes.com\/pt-pt\/wp-json\/wp\/v2\/comments?post=59917"}],"wp:featuredmedia":[{"embeddable":true,"href":"https:\/\/www.beatnikshoes.com\/pt-pt\/wp-json\/wp\/v2\/media\/73754"}],"wp:attachment":[{"href":"https:\/\/www.beatnikshoes.com\/pt-pt\/wp-json\/wp\/v2\/media?parent=59917"}],"wp:term":[{"taxonomy":"product_brand","embeddable":true,"href":"https:\/\/www.beatnikshoes.com\/pt-pt\/wp-json\/wp\/v2\/product_brand?post=59917"},{"taxonomy":"product_cat","embeddable":true,"href":"https:\/\/www.beatnikshoes.com\/pt-pt\/wp-json\/wp\/v2\/product_cat?post=59917"},{"taxonomy":"product_tag","embeddable":true,"href":"https:\/\/www.beatnikshoes.com\/pt-pt\/wp-json\/wp\/v2\/product_tag?post=59917"},{"taxonomy":"woo-feed-brand","embeddable":true,"href":"https:\/\/www.beatnikshoes.com\/pt-pt\/wp-json\/wp\/v2\/woo-feed-brand?post=59917"}],"curies":[{"name":"wp","href":"https:\/\/api.w.org\/{rel}","templated":true}]}}