{"id":59891,"date":"2017-10-12T10:44:02","date_gmt":"2017-10-12T08:44:02","guid":{"rendered":"https:\/\/www.beatnikshoes.com\/zapatos-hechos-a-mano\/oxford-bota-com-atacadores-beatnik-barbara-castanho\/"},"modified":"2025-08-27T22:06:01","modified_gmt":"2025-08-27T20:06:01","slug":"oxford-bota-com-atacadores-beatnik-barbara-castanho","status":"publish","type":"product","link":"https:\/\/www.beatnikshoes.com\/pt-pt\/sapatos-feitos-a-mao\/oxford-bota-com-atacadores-beatnik-barbara-castanho\/","title":{"rendered":"Bota Oxford com atacadores castanha Beatnik Barbara"},"content":{"rendered":"<h2>A BOTA OXFORD COM ATACADORES EM PELE CASTANHA CARAMELO<\/h2>\n<p>Nesta esta\u00e7\u00e3o, apresentamos-lhe esta fant\u00e1stica <strong>bota Oxford castanha com atacadores<\/strong>. Um elegante ankle boot unissexo em pele de vitela macia castanha caramelo. A isto junt\u00e1mos o conforto do \u00faltimo que resulta do desenvolvimento da nossa gama Oxford. E, juntamente com ele, o toque de brogue decorativo que cria um conjunto elegante.<\/p>\n<p>Esta<strong> bota Oxford castanha com atacadores cor de caramelo<\/strong> \u00e9 feita \u00e0 m\u00e3o em Espanha e combina perfeitamente com todos os tons escuros e frios, desde o cinzento-azulado e o preto a todos os tons pastel e terra. <strong>Botas castanhas com atacadores<\/strong>, perfeitas tanto para cal\u00e7as como para vestidos. Para os dias frios e chuvosos, forr\u00e1mos todo o interior em pele de vitelo numa s\u00f3 pe\u00e7a, praticamente sem costuras. Para al\u00e9m disso, isol\u00e1mos a sola de couro com uma camada inferior de material antiderrapante. E, por fim, todo o cano da bota e a l\u00edngua s\u00e3o isolados. Porque somos obcecados com o conforto, adicion\u00e1mos um fecho lateral completo para vestir e despir facilmente, para que n\u00e3o perca um segundo a ajust\u00e1-las. \u00c9 um prazer us\u00e1-las com conforto, tanto num estilo casual como num fato completo.<\/p>\n<h3>ELEG\u00c2NCIA ABSOLUTA E ESTILO PERFEITO PARA ESTA ESTA\u00c7\u00c3O.<\/h3>\n<p>A bota<strong> Oxford com atacadores <\/strong>unissexo Beatnik Barbara Brown \u00e9 perfeita para a pr\u00f3xima esta\u00e7\u00e3o. Proporciona calor, conforto e estilo em igual medida, juntamente com infinitas possibilidades de combina\u00e7\u00e3o.<\/p>\n<p>Em suma, estas <strong>botas de couro castanho com atacadores num estilo Oxford<\/strong> cl\u00e1ssico s\u00e3o um must-have no teu guarda-roupa.<\/p>\n","protected":false},"excerpt":{"rendered":"<h2>Bota Brogue feita \u00e0 m\u00e3o em Espanha<\/h2>\n<p>Material exterior: Pele de bezerro<br \/>\nForro: Pele de bezerro<br \/>\nMaterial da sola: Couro genu\u00edno e uma camada de material antiderrapante<br \/>\nFecho: La\u00e7o e fecho de correr<br \/>\nTipo de salto: Baixo<\/p>\n","protected":false},"featured_media":57626,"comment_status":"open","ping_status":"closed","template":"","meta":[],"product_brand":[11792],"product_cat":[9027,9532,9450,9520,9535,9198],"product_tag":[],"woo-feed-brand":[],"class_list":{"0":"post-59891","1":"product","2":"type-product","3":"status-publish","4":"has-post-thumbnail","6":"product_brand-beatnik-shoes-pt-pt","7":"product_cat-sapatos-de-senhora","8":"product_cat-bota-com-cordoes","9":"product_cat-botas-pt-pt","10":"product_cat-botas-com-atacadores","11":"product_cat-botas-de-mulher","12":"product_cat-sapatos-de-homem","13":"pa_talla-zapato-35-pt-pt","14":"pa_talla-zapato-36-pt-pt","15":"pa_talla-zapato-37-pt-pt","16":"pa_talla-zapato-38-pt-pt","17":"pa_talla-zapato-39-pt-pt","18":"pa_talla-zapato-40-pt-pt","19":"pa_talla-zapato-41-pt-pt","20":"pa_talla-zapato-42-pt-pt","21":"pa_talla-zapato-43-pt-pt","22":"pa_talla-zapato-44-pt-pt","23":"pa_talla-zapato-45-pt-pt","25":"first","26":"instock","27":"sale","28":"taxable","29":"shipping-taxable","30":"purchasable","31":"product-type-variable"},"_links":{"self":[{"href":"https:\/\/www.beatnikshoes.com\/pt-pt\/wp-json\/wp\/v2\/product\/59891","targetHints":{"allow":["GET"]}}],"collection":[{"href":"https:\/\/www.beatnikshoes.com\/pt-pt\/wp-json\/wp\/v2\/product"}],"about":[{"href":"https:\/\/www.beatnikshoes.com\/pt-pt\/wp-json\/wp\/v2\/types\/product"}],"replies":[{"embeddable":true,"href":"https:\/\/www.beatnikshoes.com\/pt-pt\/wp-json\/wp\/v2\/comments?post=59891"}],"wp:featuredmedia":[{"embeddable":true,"href":"https:\/\/www.beatnikshoes.com\/pt-pt\/wp-json\/wp\/v2\/media\/57626"}],"wp:attachment":[{"href":"https:\/\/www.beatnikshoes.com\/pt-pt\/wp-json\/wp\/v2\/media?parent=59891"}],"wp:term":[{"taxonomy":"product_brand","embeddable":true,"href":"https:\/\/www.beatnikshoes.com\/pt-pt\/wp-json\/wp\/v2\/product_brand?post=59891"},{"taxonomy":"product_cat","embeddable":true,"href":"https:\/\/www.beatnikshoes.com\/pt-pt\/wp-json\/wp\/v2\/product_cat?post=59891"},{"taxonomy":"product_tag","embeddable":true,"href":"https:\/\/www.beatnikshoes.com\/pt-pt\/wp-json\/wp\/v2\/product_tag?post=59891"},{"taxonomy":"woo-feed-brand","embeddable":true,"href":"https:\/\/www.beatnikshoes.com\/pt-pt\/wp-json\/wp\/v2\/woo-feed-brand?post=59891"}],"curies":[{"name":"wp","href":"https:\/\/api.w.org\/{rel}","templated":true}]}}