{"id":59865,"date":"2017-08-16T17:13:50","date_gmt":"2017-08-16T15:13:50","guid":{"rendered":"https:\/\/www.beatnikshoes.com\/zapatos-hechos-a-mano\/sapato-preto-monge-lamantia-shoe-para-homem\/"},"modified":"2025-08-27T22:19:41","modified_gmt":"2025-08-27T20:19:41","slug":"sapato-preto-monge-lamantia-shoe-para-homem","status":"publish","type":"product","link":"https:\/\/www.beatnikshoes.com\/pt-pt\/sapatos-feitos-a-mao\/sapato-preto-monge-lamantia-shoe-para-homem\/","title":{"rendered":"Sapato monge preto com fivela dupla para homem Lamantia"},"content":{"rendered":"<h2>O SAPATO MONGE PRETO DE FIVELA DUPLA PARA HOMEM. UM ELEGANTE PASSO EM FRENTE.<\/h2>\n<p>O nosso Lamantia Black \u00e9 um sapato <strong>monge preto para homem com duas fivelas na biqueira<\/strong>, fabricado \u00e0 m\u00e3o em Espanha. Foi utilizada apenas a pele de vitelo preta mais macia. A sola \u00e9 feita de couro genu\u00edno, cosida e acabada com uma camada de material antiderrapante. Com um forro em pele de vaca roxa praticamente sem costuras, \u00e9 constru\u00eddo sobre a forma mais confort\u00e1vel da nossa cole\u00e7\u00e3o. E como o couro \u00e9 o mais macio do mercado, n\u00e3o h\u00e1 per\u00edodo de amaciamento. \u00c9 por isso que, desde o dia da estreia, o conforto total \u00e9 assegurado.<\/p>\n<p>Este <strong>sapato de duas fivelas para homem<\/strong> assenta numa forma brit\u00e2nica cl\u00e1ssica, elegante e c\u00f3nica, que \u00e9 perfeita para combinar com um fato completo, em qualquer tom, cor ou padr\u00e3o, e \u00e9 perfeitamente adequado para ocasi\u00f5es mais casuais. O <strong>sapato preto de fivela dupla para homem<\/strong> \u00e9 uma \u00f3ptima op\u00e7\u00e3o como sapato de escrit\u00f3rio, com um fato completo e at\u00e9 para usar como sapato de cerim\u00f3nia, tornando-o um acess\u00f3rio perfeito para um noivo ultra inteligente no dia do seu casamento.<\/p>\n<p>O fecho de fivela deste <strong>sapato monge preto para homem<\/strong> poupa-lhe o tempo e o inc\u00f3modo de o apertar.<\/p>\n<p>Como <strong>sapato de cerim\u00f3nia, o sapato preto para homem com fivela dupla<\/strong> tem vindo a ganhar popularidade nos \u00faltimos anos como uma op\u00e7\u00e3o formal e muito elegante. E para aqueles que gostam de dan\u00e7ar na pista de dan\u00e7a, podemos fabricar este <strong>sapato<\/strong> <strong>monkstrap preto para homem<\/strong> com uma sola de couro natural e um sistema de fecho de fivela para um ajuste perfeito, mediante pedido. Palavra.<\/p>\n","protected":false},"excerpt":{"rendered":"<h2>Sapato preto de fivela dupla para homem<\/h2>\n<p>Material exterior: Pele de bezerro<br \/>\nForro: Pele de bezerro<br \/>\nMaterial da sola: Couro genu\u00edno e uma camada de material antiderrapante<br \/>\nFecho: Fivelas<br \/>\nTipo de salto: Baixo<\/p>\n","protected":false},"featured_media":76723,"comment_status":"open","ping_status":"closed","template":"","meta":[],"product_brand":[],"product_cat":[9198,9496],"product_tag":[],"woo-feed-brand":[],"class_list":{"0":"post-59865","1":"product","2":"type-product","3":"status-publish","4":"has-post-thumbnail","6":"product_cat-sapatos-de-homem","7":"product_cat-sapatos-de-fivela","8":"pa_talla-zapato-39-pt-pt","9":"pa_talla-zapato-40-pt-pt","10":"pa_talla-zapato-41-pt-pt","11":"pa_talla-zapato-42-pt-pt","12":"pa_talla-zapato-43-pt-pt","13":"pa_talla-zapato-44-pt-pt","14":"pa_talla-zapato-45-pt-pt","15":"pa_talla-zapato-46-pt-pt","17":"first","18":"instock","19":"sale","20":"taxable","21":"shipping-taxable","22":"purchasable","23":"product-type-variable"},"_links":{"self":[{"href":"https:\/\/www.beatnikshoes.com\/pt-pt\/wp-json\/wp\/v2\/product\/59865","targetHints":{"allow":["GET"]}}],"collection":[{"href":"https:\/\/www.beatnikshoes.com\/pt-pt\/wp-json\/wp\/v2\/product"}],"about":[{"href":"https:\/\/www.beatnikshoes.com\/pt-pt\/wp-json\/wp\/v2\/types\/product"}],"replies":[{"embeddable":true,"href":"https:\/\/www.beatnikshoes.com\/pt-pt\/wp-json\/wp\/v2\/comments?post=59865"}],"wp:featuredmedia":[{"embeddable":true,"href":"https:\/\/www.beatnikshoes.com\/pt-pt\/wp-json\/wp\/v2\/media\/76723"}],"wp:attachment":[{"href":"https:\/\/www.beatnikshoes.com\/pt-pt\/wp-json\/wp\/v2\/media?parent=59865"}],"wp:term":[{"taxonomy":"product_brand","embeddable":true,"href":"https:\/\/www.beatnikshoes.com\/pt-pt\/wp-json\/wp\/v2\/product_brand?post=59865"},{"taxonomy":"product_cat","embeddable":true,"href":"https:\/\/www.beatnikshoes.com\/pt-pt\/wp-json\/wp\/v2\/product_cat?post=59865"},{"taxonomy":"product_tag","embeddable":true,"href":"https:\/\/www.beatnikshoes.com\/pt-pt\/wp-json\/wp\/v2\/product_tag?post=59865"},{"taxonomy":"woo-feed-brand","embeddable":true,"href":"https:\/\/www.beatnikshoes.com\/pt-pt\/wp-json\/wp\/v2\/woo-feed-brand?post=59865"}],"curies":[{"name":"wp","href":"https:\/\/api.w.org\/{rel}","templated":true}]}}