{"id":59829,"date":"2017-06-08T13:55:33","date_gmt":"2017-06-08T11:55:33","guid":{"rendered":"https:\/\/www.beatnikshoes.com\/zapatos-hechos-a-mano\/bota-de-cano-alto-para-homem-em-castanho-escuro-a-frente\/"},"modified":"2025-08-27T22:37:15","modified_gmt":"2025-08-27T20:37:15","slug":"bota-de-cano-alto-para-homem-em-castanho-escuro-a-frente","status":"publish","type":"product","link":"https:\/\/www.beatnikshoes.com\/pt-pt\/sapatos-feitos-a-mao\/bota-de-cano-alto-para-homem-em-castanho-escuro-a-frente\/","title":{"rendered":"Bota Chelsea de camur\u00e7a castanha escura para homem"},"content":{"rendered":"<h2>A BOTA CHELSEA EM CAMUR\u00c7A CASTANHA PARA O HOMEM COM ESTILO<\/h2>\n<p>Apresentamos um projeto desenvolvido ao longo de v\u00e1rios anos. Um \u00faltimo super confort\u00e1vel. A melhor pele do mercado e o trabalho artesanal s\u00e3o os componentes que utiliz\u00e1mos para criar este <strong>botins Chelsea para homem em camur\u00e7a castanha<\/strong> da mais alta qualidade. Totalmente feito \u00e0 m\u00e3o em Espanha.<\/p>\n<p>Continuando a linha cl\u00e1ssica da nossa bota Chelsea, acrescentamos agora uma bota de camur\u00e7a inglesa castanha escura ultra-elegante e elegante com uma textura incr\u00edvel. Al\u00e9m disso, este p\u00e9 incorpora um tratamento anti-humidade original. Isso faz das suas novas <strong>botas chelsea castanhas<\/strong> um modelo para qualquer dia do ano. Completamente independente das condi\u00e7\u00f5es climat\u00e9ricas ao sair ou regressar a casa.<\/p>\n<p>O estilo desta <strong>bota Chelsea de camur\u00e7a<\/strong> castanha, combinada com cal\u00e7as justas ou skinny jeans, \u00e9 tremendo. Mas tamb\u00e9m combinam na perfei\u00e7\u00e3o com cal\u00e7as de algod\u00e3o cl\u00e1ssicas num ambiente mais profissional. \u00c9 imposs\u00edvel passar despercebido com estas fant\u00e1sticas <strong>botas Chelsea de camur\u00e7a castanha escura para homem<\/strong>. Quanto \u00e0 paleta de cores a combinar, \u00e9 praticamente infinita. Especialmente com cinzento, preto, azul ou cores terra, mas quase todas as cores ficam bem com a sua nova bota favorita.<\/p>\n<p>Um modelo cl\u00e1ssico para todos aqueles que n\u00e3o o s\u00e3o.<\/p>\n","protected":false},"excerpt":{"rendered":"<h2>Botas Chelsea de camur\u00e7a castanha feitas \u00e0 m\u00e3o<\/h2>\n<p>Material exterior: Camur\u00e7a castanha<br \/>\nForro: Pele de vaca roxa<br \/>\nMaterial da sola: Couro genu\u00edno e uma fina camada antiderrapante<br \/>\nFecho: El\u00e1stico<br \/>\nTipo de salto: Baixo<\/p>\n","protected":false},"featured_media":76837,"comment_status":"open","ping_status":"closed","template":"","meta":[],"product_brand":[11792],"product_cat":[9198,9450,9455],"product_tag":[],"woo-feed-brand":[],"class_list":{"0":"post-59829","1":"product","2":"type-product","3":"status-publish","4":"has-post-thumbnail","6":"product_brand-beatnik-shoes-pt-pt","7":"product_cat-sapatos-de-homem","8":"product_cat-botas-pt-pt","9":"product_cat-botas-chelsea-pt-pt-2","10":"pa_talla-zapato-39-pt-pt","11":"pa_talla-zapato-40-pt-pt","12":"pa_talla-zapato-41-pt-pt","13":"pa_talla-zapato-42-pt-pt","14":"pa_talla-zapato-43-pt-pt","15":"pa_talla-zapato-44-pt-pt","16":"pa_talla-zapato-45-pt-pt","17":"pa_talla-zapato-46-pt-pt","19":"first","20":"instock","21":"sale","22":"taxable","23":"shipping-taxable","24":"purchasable","25":"product-type-variable"},"_links":{"self":[{"href":"https:\/\/www.beatnikshoes.com\/pt-pt\/wp-json\/wp\/v2\/product\/59829","targetHints":{"allow":["GET"]}}],"collection":[{"href":"https:\/\/www.beatnikshoes.com\/pt-pt\/wp-json\/wp\/v2\/product"}],"about":[{"href":"https:\/\/www.beatnikshoes.com\/pt-pt\/wp-json\/wp\/v2\/types\/product"}],"replies":[{"embeddable":true,"href":"https:\/\/www.beatnikshoes.com\/pt-pt\/wp-json\/wp\/v2\/comments?post=59829"}],"wp:featuredmedia":[{"embeddable":true,"href":"https:\/\/www.beatnikshoes.com\/pt-pt\/wp-json\/wp\/v2\/media\/76837"}],"wp:attachment":[{"href":"https:\/\/www.beatnikshoes.com\/pt-pt\/wp-json\/wp\/v2\/media?parent=59829"}],"wp:term":[{"taxonomy":"product_brand","embeddable":true,"href":"https:\/\/www.beatnikshoes.com\/pt-pt\/wp-json\/wp\/v2\/product_brand?post=59829"},{"taxonomy":"product_cat","embeddable":true,"href":"https:\/\/www.beatnikshoes.com\/pt-pt\/wp-json\/wp\/v2\/product_cat?post=59829"},{"taxonomy":"product_tag","embeddable":true,"href":"https:\/\/www.beatnikshoes.com\/pt-pt\/wp-json\/wp\/v2\/product_tag?post=59829"},{"taxonomy":"woo-feed-brand","embeddable":true,"href":"https:\/\/www.beatnikshoes.com\/pt-pt\/wp-json\/wp\/v2\/woo-feed-brand?post=59829"}],"curies":[{"name":"wp","href":"https:\/\/api.w.org\/{rel}","templated":true}]}}