{"id":59742,"date":"2023-05-30T12:39:53","date_gmt":"2023-05-30T10:39:53","guid":{"rendered":"https:\/\/www.beatnikshoes.com\/zapatos-hechos-a-mano\/sapato-feminino-com-fivelas-bicolor-brenda\/"},"modified":"2025-12-11T00:54:56","modified_gmt":"2025-12-10T23:54:56","slug":"sapato-feminino-com-fivelas-bicolor-brenda","status":"publish","type":"product","link":"https:\/\/www.beatnikshoes.com\/pt-pt\/sapatos-feitos-a-mao\/sapato-feminino-com-fivelas-bicolor-brenda\/","title":{"rendered":"Sapato de senhora com fivelas em dois tons Brenda"},"content":{"rendered":"<h2>SAPATO DE SENHORA COM FIVELAS BICOLORES BRENDA: ELEG\u00c2NCIA, ESTILO E CONFORTO SEM LIMITES<\/h2>\n<p>Combin\u00e1mos a forma mais confort\u00e1vel da nossa cole\u00e7\u00e3o com pele macia de vitela para criar este sapato de senhora com fivelas de dois tons.<\/p>\n<p>O resultado \u00e9 uma elegante <strong>mary jane com um salto baixo<\/strong> que abra\u00e7a o p\u00e9 a cada passo.. A escolha de cores, bronze e branco, enquadra-se perfeitamente em todos os tons quentes de qualquer esta\u00e7\u00e3o. E com ela, os pormenores da parte superior, as suas franjas e o conforto de poder ajustar a fivela ao seu gosto. Tudo isto faz deste modelo um dos mais desejados desta cole\u00e7\u00e3o.<\/p>\n<p>Este <strong>sapato de fivela com franjas para mulher<\/strong> \u00e9 feito \u00e0 m\u00e3o em Espanha, utilizando apenas pele de vitela da mais alta qualidade. S\u00e3o forrados com pele de vaca, pelo que podem ser usados sem meias nem pe\u00fagas.<\/p>\n<p>O conjunto \u00e9 rematado com uma sola de couro genu\u00edno. A costura do modelo \u00e9 o procedimento tradicional de Blake. Por fim, a sola inclui uma ligeira camada de material antiderrapante para isolar o couro.<\/p>\n<h3>SAPATO DE SENHORA COM FIVELA ULTRA-CONFORT\u00c1VEL COM FRANJAS<\/h3>\n<p>Este <strong>sapato monge para mulher com franjas<\/strong> e um fecho de fivela cromada \u00e9 um sapato que combina classicismo e eleg\u00e2ncia em partes iguais. Al\u00e9m disso, as duas cores deste modelo, branco e castanho claro com ligeiros tons de laranja, s\u00e3o completamente complementares. Por isso, combinam na perfei\u00e7\u00e3o com paletas de tons pastel e terrosos. Al\u00e9m disso, como \u00e9 um modelo que se pode usar perfeitamente no outono, o seu design contrasta incrivelmente bem com tons mais frios, como o azul e o cinzento.<\/p>\n<p>Este <strong>sapato de fivela de dois tons para mulher<\/strong> \u00e9 um vencedor garantido. Pode ser combinado com qualquer tipo de cal\u00e7as, largas ou justas e de qualquer comprimento. E, claro, \u00e9 perfeito com saias e vestidos leves.<\/p>\n<p>Deixe-se acompanhar nesta esta\u00e7\u00e3o pelo conforto e pela cor da Beatnik Brenda.<\/p>\n","protected":false},"excerpt":{"rendered":"<h2>Sapato de senhora Brenda feito \u00e0 m\u00e3o com fivelas bicolores<\/h2>\n<p>Material exterior: Pele de bezerro em camel e branco<br \/>\nForro: Pele de vaca<br \/>\nMaterial da sola: Pele genu\u00edna com uma fina camada antiderrapante injectada.<br \/>\nFecho: Fivela<\/p>\n","protected":false},"featured_media":56326,"comment_status":"open","ping_status":"closed","template":"","meta":[],"product_brand":[11792],"product_cat":[9027,9323,9098],"product_tag":[],"woo-feed-brand":[],"class_list":{"0":"post-59742","1":"product","2":"type-product","3":"status-publish","4":"has-post-thumbnail","6":"product_brand-beatnik-shoes-pt-pt","7":"product_cat-sapatos-de-senhora","8":"product_cat-sapato-com-fivelas","9":"product_cat-sapatos-bicolores-para-mulher","10":"pa_talla-zapato-35-pt-pt","11":"pa_talla-zapato-36-pt-pt","12":"pa_talla-zapato-37-pt-pt","13":"pa_talla-zapato-38-pt-pt","14":"pa_talla-zapato-39-pt-pt","15":"pa_talla-zapato-40-pt-pt","16":"pa_talla-zapato-41-pt-pt","17":"pa_talla-zapato-42-pt-pt","19":"first","20":"onbackorder","21":"sale","22":"taxable","23":"shipping-taxable","24":"purchasable","25":"product-type-variable"},"_links":{"self":[{"href":"https:\/\/www.beatnikshoes.com\/pt-pt\/wp-json\/wp\/v2\/product\/59742","targetHints":{"allow":["GET"]}}],"collection":[{"href":"https:\/\/www.beatnikshoes.com\/pt-pt\/wp-json\/wp\/v2\/product"}],"about":[{"href":"https:\/\/www.beatnikshoes.com\/pt-pt\/wp-json\/wp\/v2\/types\/product"}],"replies":[{"embeddable":true,"href":"https:\/\/www.beatnikshoes.com\/pt-pt\/wp-json\/wp\/v2\/comments?post=59742"}],"wp:featuredmedia":[{"embeddable":true,"href":"https:\/\/www.beatnikshoes.com\/pt-pt\/wp-json\/wp\/v2\/media\/56326"}],"wp:attachment":[{"href":"https:\/\/www.beatnikshoes.com\/pt-pt\/wp-json\/wp\/v2\/media?parent=59742"}],"wp:term":[{"taxonomy":"product_brand","embeddable":true,"href":"https:\/\/www.beatnikshoes.com\/pt-pt\/wp-json\/wp\/v2\/product_brand?post=59742"},{"taxonomy":"product_cat","embeddable":true,"href":"https:\/\/www.beatnikshoes.com\/pt-pt\/wp-json\/wp\/v2\/product_cat?post=59742"},{"taxonomy":"product_tag","embeddable":true,"href":"https:\/\/www.beatnikshoes.com\/pt-pt\/wp-json\/wp\/v2\/product_tag?post=59742"},{"taxonomy":"woo-feed-brand","embeddable":true,"href":"https:\/\/www.beatnikshoes.com\/pt-pt\/wp-json\/wp\/v2\/woo-feed-brand?post=59742"}],"curies":[{"name":"wp","href":"https:\/\/api.w.org\/{rel}","templated":true}]}}