{"id":59737,"date":"2023-12-01T10:58:53","date_gmt":"2023-12-01T09:58:53","guid":{"rendered":"https:\/\/www.beatnikshoes.com\/zapatos-hechos-a-mano\/blucher-black-womens-ethel-all-black\/"},"modified":"2025-08-25T14:56:38","modified_gmt":"2025-08-25T12:56:38","slug":"blucher-black-womens-ethel-all-black","status":"publish","type":"product","link":"https:\/\/www.beatnikshoes.com\/pt-pt\/sapatos-feitos-a-mao\/blucher-black-womens-ethel-all-black\/","title":{"rendered":"Ethel All Black Blucher Feminino Preto"},"content":{"rendered":"<h2>ELEG\u00c2NCIA CL\u00c1SSICA, PARA QUALQUER ESTILO<\/h2>\n<p>Um design brit\u00e2nico intemporal. Um <strong>blucher preto para mulher<\/strong>, feito \u00e0 m\u00e3o em cada ponto. A extrema qualidade do couro de gr\u00e3o utilizado. Para qualquer dia em que seja necess\u00e1rio um cal\u00e7ado que brilhe discretamente. \u00c9 sempre uma combina\u00e7\u00e3o interessante com um fato, mas tamb\u00e9m com um vestido e uma saia. Assim, pode inclu\u00ed-los no seu guarda-roupa, independentemente da sua paleta de cores. E gra\u00e7as ao seu acabamento perfeito, oferecem o m\u00e1ximo conforto e prote\u00e7\u00e3o, seja qual for o clima exterior.<\/p>\n<p>Este <strong>sapato feminino estilo Oxford preto com atacadores<\/strong> foi criado a partir de uma forma desenvolvida ao longo de dois anos de trabalho. Para al\u00e9m disso, este sapato <strong>blucher preto para mulher<\/strong> Ethel \u00e9 feito \u00e0 m\u00e3o com a melhor pele de gr\u00e3o. Este elegante sapato de senhora \u00e9 totalmente forrado em pele de vaca e \u00e9 cosido \u00e0 m\u00e3o com costuras m\u00ednimas em pele roxa escura. A sola \u00e9 feita de couro verdadeiro cosido e, para a separar do ch\u00e3o, inclu\u00edmos uma camada extra de couro na sola. Para completar, inject\u00e1mos uma camada de spai antiderrapante para um maior isolamento t\u00e9rmico e prote\u00e7\u00e3o da sola.<\/p>\n<p>Para dar um toque de cor \u00e0 luminosidade destes <strong>sapatos blucher de senhora<\/strong> e para que os possa combinar como quiser, v\u00eam com atacadores duplos, em amarelo e os mais discretos em preto.<\/p>\n<p>Para que cada viagem seja um verdadeiro prazer.<\/p>\n","protected":false},"excerpt":{"rendered":"<h2>Ethel All Black Blucher Feminino Preto<\/h2>\n<p>Material exterior: Couro de gr\u00e3o<br \/>\nMaterial da sola: Pele cosida e camada antiderrapante<br \/>\nForro: Pele de vaca roxa<br \/>\nTipo de fecho: atacadores<\/p>\n","protected":false},"featured_media":73051,"comment_status":"open","ping_status":"closed","template":"","meta":[],"product_brand":[11792],"product_cat":[9057,9027,9056],"product_tag":[],"woo-feed-brand":[],"class_list":{"0":"post-59737","1":"product","2":"type-product","3":"status-publish","4":"has-post-thumbnail","6":"product_brand-beatnik-shoes-pt-pt","7":"product_cat-sapatos-blucher-para-mulher","8":"product_cat-sapatos-de-senhora","9":"product_cat-sapatos-oxford-para-mulher","10":"pa_talla-zapato-35-pt-pt","11":"pa_talla-zapato-36-pt-pt","12":"pa_talla-zapato-37-pt-pt","13":"pa_talla-zapato-38-pt-pt","14":"pa_talla-zapato-39-pt-pt","15":"pa_talla-zapato-40-pt-pt","16":"pa_talla-zapato-41-pt-pt","17":"pa_talla-zapato-42-pt-pt","19":"first","20":"instock","21":"sale","22":"taxable","23":"shipping-taxable","24":"purchasable","25":"product-type-variable"},"_links":{"self":[{"href":"https:\/\/www.beatnikshoes.com\/pt-pt\/wp-json\/wp\/v2\/product\/59737","targetHints":{"allow":["GET"]}}],"collection":[{"href":"https:\/\/www.beatnikshoes.com\/pt-pt\/wp-json\/wp\/v2\/product"}],"about":[{"href":"https:\/\/www.beatnikshoes.com\/pt-pt\/wp-json\/wp\/v2\/types\/product"}],"replies":[{"embeddable":true,"href":"https:\/\/www.beatnikshoes.com\/pt-pt\/wp-json\/wp\/v2\/comments?post=59737"}],"wp:featuredmedia":[{"embeddable":true,"href":"https:\/\/www.beatnikshoes.com\/pt-pt\/wp-json\/wp\/v2\/media\/73051"}],"wp:attachment":[{"href":"https:\/\/www.beatnikshoes.com\/pt-pt\/wp-json\/wp\/v2\/media?parent=59737"}],"wp:term":[{"taxonomy":"product_brand","embeddable":true,"href":"https:\/\/www.beatnikshoes.com\/pt-pt\/wp-json\/wp\/v2\/product_brand?post=59737"},{"taxonomy":"product_cat","embeddable":true,"href":"https:\/\/www.beatnikshoes.com\/pt-pt\/wp-json\/wp\/v2\/product_cat?post=59737"},{"taxonomy":"product_tag","embeddable":true,"href":"https:\/\/www.beatnikshoes.com\/pt-pt\/wp-json\/wp\/v2\/product_tag?post=59737"},{"taxonomy":"woo-feed-brand","embeddable":true,"href":"https:\/\/www.beatnikshoes.com\/pt-pt\/wp-json\/wp\/v2\/woo-feed-brand?post=59737"}],"curies":[{"name":"wp","href":"https:\/\/api.w.org\/{rel}","templated":true}]}}