{"id":59705,"date":"2017-03-27T15:57:00","date_gmt":"2017-03-27T13:57:00","guid":{"rendered":"https:\/\/www.beatnikshoes.com\/zapatos-hechos-a-mano\/mocassim-borgonha-mulher-tammi\/"},"modified":"2026-03-19T14:32:19","modified_gmt":"2026-03-19T13:32:19","slug":"mocassim-borgonha-mulher-tammi","status":"publish","type":"product","link":"https:\/\/www.beatnikshoes.com\/pt-pt\/sapatos-feitos-a-mao\/mocassim-borgonha-mulher-tammi\/","title":{"rendered":"Tammi Loafer para mulher"},"content":{"rendered":"<h2>O MAIS CONFORT\u00c1VEL E ELEGANTE MOCASSIM EM PELE COR DE VINHO. UM CL\u00c1SSICO ACTUALIZADO.<\/h2>\n<p>Para as raparigas que est\u00e3o no topo do seu jogo e n\u00e3o gostam de passar despercebidas. O nosso mocassim <strong>borgonha para mulher <\/strong>oferece ao seu propriet\u00e1rio todo o conforto do mundo gra\u00e7as ao trabalho artesanal da melhor pele do mercado, que \u00e9 dobrada numa s\u00f3 pe\u00e7a e cosida \u00e0 palmilha de pele, que por sua vez \u00e9 cosida \u00e0 sola t\u00e9cnica antiderrapante.<\/p>\n<p>Este <strong>mocassim vermelho para mulher<\/strong> \u00e9 um prod\u00edgio de artesanato que garante o isolamento e a prote\u00e7\u00e3o do p\u00e9 em qualquer altura, independentemente do tempo. Perfeito com todas as cal\u00e7as de todas as cores e feitios, embora pessoalmente gostemos mais de o usar com saias.<\/p>\n<p>Para todos os dias e em todos os contextos. Um sucesso com os nossos<strong> mocassins Tammi para mulher com borlas vermelhas<\/strong> em bordeaux escuro.<\/p>\n","protected":false},"excerpt":{"rendered":"<h2>Mocassins borgonha feitos \u00e0 m\u00e3o em Espanha<\/h2>\n<p>Material exterior: pele de gr\u00e3o bordeaux<br \/>\nRevestimento: Couro<br \/>\nMaterial da sola: sola t\u00e9cnica isolante e antiderrapante<br \/>\nTipo de salto: Baixo<\/p>\n","protected":false},"featured_media":56282,"comment_status":"open","ping_status":"closed","template":"","meta":[],"product_brand":[11792],"product_cat":[9090,9228,9027],"product_tag":[],"woo-feed-brand":[],"class_list":{"0":"post-59705","1":"product","2":"type-product","3":"status-publish","4":"has-post-thumbnail","6":"product_brand-beatnik-shoes-pt-pt","7":"product_cat-mocassins","8":"product_cat-saida","9":"product_cat-sapatos-de-senhora","10":"pa_talla-zapato-35-pt-pt","11":"pa_talla-zapato-36-pt-pt","12":"pa_talla-zapato-37-pt-pt","13":"pa_talla-zapato-38-pt-pt","14":"pa_talla-zapato-39-pt-pt","15":"pa_talla-zapato-40-pt-pt","16":"pa_talla-zapato-41-pt-pt","18":"first","19":"instock","20":"sale","21":"taxable","22":"shipping-taxable","23":"purchasable","24":"product-type-variable"},"_links":{"self":[{"href":"https:\/\/www.beatnikshoes.com\/pt-pt\/wp-json\/wp\/v2\/product\/59705","targetHints":{"allow":["GET"]}}],"collection":[{"href":"https:\/\/www.beatnikshoes.com\/pt-pt\/wp-json\/wp\/v2\/product"}],"about":[{"href":"https:\/\/www.beatnikshoes.com\/pt-pt\/wp-json\/wp\/v2\/types\/product"}],"replies":[{"embeddable":true,"href":"https:\/\/www.beatnikshoes.com\/pt-pt\/wp-json\/wp\/v2\/comments?post=59705"}],"wp:featuredmedia":[{"embeddable":true,"href":"https:\/\/www.beatnikshoes.com\/pt-pt\/wp-json\/wp\/v2\/media\/56282"}],"wp:attachment":[{"href":"https:\/\/www.beatnikshoes.com\/pt-pt\/wp-json\/wp\/v2\/media?parent=59705"}],"wp:term":[{"taxonomy":"product_brand","embeddable":true,"href":"https:\/\/www.beatnikshoes.com\/pt-pt\/wp-json\/wp\/v2\/product_brand?post=59705"},{"taxonomy":"product_cat","embeddable":true,"href":"https:\/\/www.beatnikshoes.com\/pt-pt\/wp-json\/wp\/v2\/product_cat?post=59705"},{"taxonomy":"product_tag","embeddable":true,"href":"https:\/\/www.beatnikshoes.com\/pt-pt\/wp-json\/wp\/v2\/product_tag?post=59705"},{"taxonomy":"woo-feed-brand","embeddable":true,"href":"https:\/\/www.beatnikshoes.com\/pt-pt\/wp-json\/wp\/v2\/woo-feed-brand?post=59705"}],"curies":[{"name":"wp","href":"https:\/\/api.w.org\/{rel}","templated":true}]}}