{"id":59626,"date":"2023-08-11T18:04:46","date_gmt":"2023-08-11T16:04:46","guid":{"rendered":"https:\/\/www.beatnikshoes.com\/zapatos-hechos-a-mano\/sapato-etilico-amarelo-para-mulher\/"},"modified":"2025-09-17T00:02:04","modified_gmt":"2025-09-16T22:02:04","slug":"sapato-etilico-amarelo-para-mulher","status":"publish","type":"product","link":"https:\/\/www.beatnikshoes.com\/pt-pt\/sapatos-feitos-a-mao\/sapato-etilico-amarelo-para-mulher\/","title":{"rendered":"Amarelo sapato Blucher feminino Amarelo Ethel"},"content":{"rendered":"<h2>ESTILO CL\u00c1SSICO, ESP\u00cdRITO INCONFORMISTA. ETHEL LEMON YELLOW PARA MULHER<\/h2>\n<p>Escolhemos cuidadosamente o \u00faltimo modelo mais confort\u00e1vel da nossa cole\u00e7\u00e3o de cal\u00e7ado de senhora para criar um elegante <strong>Blucher amarelo para senhora<\/strong>. Este modelo destaca-se pelo seu tom vibrante de amarelo-lim\u00e3o, uma das cores mais apelativas da esta\u00e7\u00e3o. Entre o verde pist\u00e1cio fresco e o amarelo amanhecer quente, esta cor d\u00e1 um toque de energia e estilo a qualquer roupa.<\/p>\n<p>O couro que utilizamos \u00e9 o mais macio e flex\u00edvel dispon\u00edvel no mercado para este tipo de <strong>sapatos blucher amarelos para mulher<\/strong>. Isto, combinado com a sola em pele genu\u00edna e o forro em pele em todo o topo, garante total conforto e prote\u00e7\u00e3o, independentemente das condi\u00e7\u00f5es climat\u00e9ricas e ambientais.<\/p>\n<p>Este produto, feito inteiramente \u00e0 m\u00e3o em Espanha, tem o design de um <strong>cl\u00e1ssico sapato de senhora brit\u00e2nico<\/strong> com atacadores, aliado a uma das cores mais din\u00e2micas e contempor\u00e2neas que podemos encontrar em qualquer paleta. Tudo isto garante a distin\u00e7\u00e3o do propriet\u00e1rio durante muito tempo.<\/p>\n<p>O Ethel Lemon Yellow \u00e9 um <strong>sapato Derby amarelo com atacadores <\/strong>muito feminino. O toque de cor que acrescenta a um conjunto monocrom\u00e1tico \u00e9 muito interessante. E \u00e9 um tom que combina perfeitamente com cores frias e especialmente com o preto no outono-inverno. Al\u00e9m disso, a sua cor amarelo-lim\u00e3o torna-a uma adi\u00e7\u00e3o elegante ao guarda-roupa da primavera ver\u00e3o. Quer seja usado com cal\u00e7as, uma saia ou um vestido, este modelo tornar-se-\u00e1 um dos seus sapatos preferidos.<\/p>\n<p>Em suma, estilo, cor e personalidade neste <strong>blucher amarelo para mulher<\/strong>.<\/p>\n","protected":false},"excerpt":{"rendered":"<h2>Sapatos de senhora feitos \u00e0 m\u00e3o em Espanha<\/h2>\n<p>Material exterior: Pele de bezerro<br \/>\nMaterial da sola: Pele cosida e camada antiderrapante<br \/>\nForro: Pele de vaca roxa<br \/>\nTipo de fecho: atacadores<br \/>\nTipo de salto: Baixo<\/p>\n","protected":false},"featured_media":73425,"comment_status":"open","ping_status":"closed","template":"","meta":[],"product_brand":[11792],"product_cat":[9057,9027,9056],"product_tag":[],"woo-feed-brand":[],"class_list":{"0":"post-59626","1":"product","2":"type-product","3":"status-publish","4":"has-post-thumbnail","6":"product_brand-beatnik-shoes-pt-pt","7":"product_cat-sapatos-blucher-para-mulher","8":"product_cat-sapatos-de-senhora","9":"product_cat-sapatos-oxford-para-mulher","10":"pa_talla-zapato-35-pt-pt","11":"pa_talla-zapato-36-pt-pt","12":"pa_talla-zapato-37-pt-pt","13":"pa_talla-zapato-38-pt-pt","14":"pa_talla-zapato-39-pt-pt","15":"pa_talla-zapato-40-pt-pt","16":"pa_talla-zapato-41-pt-pt","18":"first","19":"instock","20":"sale","21":"taxable","22":"shipping-taxable","23":"purchasable","24":"product-type-variable"},"_links":{"self":[{"href":"https:\/\/www.beatnikshoes.com\/pt-pt\/wp-json\/wp\/v2\/product\/59626","targetHints":{"allow":["GET"]}}],"collection":[{"href":"https:\/\/www.beatnikshoes.com\/pt-pt\/wp-json\/wp\/v2\/product"}],"about":[{"href":"https:\/\/www.beatnikshoes.com\/pt-pt\/wp-json\/wp\/v2\/types\/product"}],"replies":[{"embeddable":true,"href":"https:\/\/www.beatnikshoes.com\/pt-pt\/wp-json\/wp\/v2\/comments?post=59626"}],"wp:featuredmedia":[{"embeddable":true,"href":"https:\/\/www.beatnikshoes.com\/pt-pt\/wp-json\/wp\/v2\/media\/73425"}],"wp:attachment":[{"href":"https:\/\/www.beatnikshoes.com\/pt-pt\/wp-json\/wp\/v2\/media?parent=59626"}],"wp:term":[{"taxonomy":"product_brand","embeddable":true,"href":"https:\/\/www.beatnikshoes.com\/pt-pt\/wp-json\/wp\/v2\/product_brand?post=59626"},{"taxonomy":"product_cat","embeddable":true,"href":"https:\/\/www.beatnikshoes.com\/pt-pt\/wp-json\/wp\/v2\/product_cat?post=59626"},{"taxonomy":"product_tag","embeddable":true,"href":"https:\/\/www.beatnikshoes.com\/pt-pt\/wp-json\/wp\/v2\/product_tag?post=59626"},{"taxonomy":"woo-feed-brand","embeddable":true,"href":"https:\/\/www.beatnikshoes.com\/pt-pt\/wp-json\/wp\/v2\/woo-feed-brand?post=59626"}],"curies":[{"name":"wp","href":"https:\/\/api.w.org\/{rel}","templated":true}]}}