{"id":59577,"date":"2023-11-30T11:15:08","date_gmt":"2023-11-30T10:15:08","guid":{"rendered":"https:\/\/www.beatnikshoes.com\/zapatos-hechos-a-mano\/blucher-bicolor-feminino-etel-preto-azul\/"},"modified":"2025-08-25T15:18:34","modified_gmt":"2025-08-25T13:18:34","slug":"blucher-bicolor-feminino-etilico-azul-preto","status":"publish","type":"product","link":"https:\/\/www.beatnikshoes.com\/pt-pt\/sapatos-feitos-a-mao\/blucher-bicolor-feminino-etilico-azul-preto\/","title":{"rendered":"Blucher bicolor Ethel Black &amp; Blue para mulher"},"content":{"rendered":"<h2>ESTILO BRIT\u00c2NICO CL\u00c1SSICO. ELEG\u00c2NCIA FEMININA COM UM BLUCHER EM PELE EM DUAS CORES, AZUL E PRETO.<\/h2>\n<p>O <strong>blucher bicolor para mulher <\/strong>com um design cl\u00e1ssico e um toque de cor contempor\u00e2nea. Azul chumbo sobre preto. Discri\u00e7\u00e3o e estilo combinados com funcionalidade. Perfeito para todo o tipo de situa\u00e7\u00f5es de trabalho e de lazer. Por isso, combinam t\u00e3o bem com um casaco de fato como com qualquer roupa mais descontra\u00edda.<\/p>\n<p>Um <strong>blucher feminino bicolor azul e preto<\/strong> que ir\u00e1 sublinhar o seu guarda-roupa di\u00e1rio e que, gra\u00e7as \u00e0 qualidade dos materiais utilizados, a acompanhar\u00e1 durante muito tempo com o m\u00e1ximo conforto.<\/p>\n<p>Este sapato de dois tons com atacadores foi criado a partir de uma forma desenvolvida ap\u00f3s mais de dois anos de trabalho.<\/p>\n<p>O nosso Ethel \u00e9 um <strong>sapato Oxford bicolor para senhora<\/strong>, fabricado em Espanha com uma parte superior em pele de gr\u00e3o preto e azul chumbo. Toda a l\u00e2mina foi brocada \u00e0 m\u00e3o para uma decora\u00e7\u00e3o \u00f3ptima da ponta da asa.<\/p>\n<p>O forro tamb\u00e9m \u00e9 de couro de vaca e \u00e9 cosido \u00e0 m\u00e3o com uma pequena quantidade de pontos roxos escuros. As solas s\u00e3o feitas de couro genu\u00edno e na sola exterior inject\u00e1mos uma camada de spai antiderrapante para maior isolamento e durabilidade da sola. Tudo isto para lhe oferecer o maior calor e conforto poss\u00edveis.<\/p>\n<p>Para mais combina\u00e7\u00f5es de cores ao gosto do propriet\u00e1rio, este <strong>sapato derby bicolor para mulher<\/strong> \u00e9 fornecido com atacadores duplos em azul-cobalto e preto.<\/p>\n","protected":false},"excerpt":{"rendered":"<h2>Blucher bicolor feito \u00e0 m\u00e3o em Espanha<\/h2>\n<p>Material exterior: Couro de gr\u00e3o<br \/>\nMaterial da sola: Pele cosida e camada antiderrapante<br \/>\nForro: Pele de vaca roxa<br \/>\nTipo de fecho: atacadores<br \/>\nTipo de salto: Baixo<\/p>\n","protected":false},"featured_media":76264,"comment_status":"open","ping_status":"closed","template":"","meta":[],"product_brand":[11792],"product_cat":[9098,9057,9027,9056],"product_tag":[],"woo-feed-brand":[],"class_list":{"0":"post-59577","1":"product","2":"type-product","3":"status-publish","4":"has-post-thumbnail","6":"product_brand-beatnik-shoes-pt-pt","7":"product_cat-sapatos-bicolores-para-mulher","8":"product_cat-sapatos-blucher-para-mulher","9":"product_cat-sapatos-de-senhora","10":"product_cat-sapatos-oxford-para-mulher","11":"pa_talla-zapato-35-pt-pt","12":"pa_talla-zapato-36-pt-pt","13":"pa_talla-zapato-37-pt-pt","14":"pa_talla-zapato-38-pt-pt","15":"pa_talla-zapato-39-pt-pt","16":"pa_talla-zapato-40-pt-pt","17":"pa_talla-zapato-41-pt-pt","18":"pa_talla-zapato-42-pt-pt","20":"first","21":"instock","22":"sale","23":"taxable","24":"shipping-taxable","25":"purchasable","26":"product-type-variable"},"_links":{"self":[{"href":"https:\/\/www.beatnikshoes.com\/pt-pt\/wp-json\/wp\/v2\/product\/59577","targetHints":{"allow":["GET"]}}],"collection":[{"href":"https:\/\/www.beatnikshoes.com\/pt-pt\/wp-json\/wp\/v2\/product"}],"about":[{"href":"https:\/\/www.beatnikshoes.com\/pt-pt\/wp-json\/wp\/v2\/types\/product"}],"replies":[{"embeddable":true,"href":"https:\/\/www.beatnikshoes.com\/pt-pt\/wp-json\/wp\/v2\/comments?post=59577"}],"wp:featuredmedia":[{"embeddable":true,"href":"https:\/\/www.beatnikshoes.com\/pt-pt\/wp-json\/wp\/v2\/media\/76264"}],"wp:attachment":[{"href":"https:\/\/www.beatnikshoes.com\/pt-pt\/wp-json\/wp\/v2\/media?parent=59577"}],"wp:term":[{"taxonomy":"product_brand","embeddable":true,"href":"https:\/\/www.beatnikshoes.com\/pt-pt\/wp-json\/wp\/v2\/product_brand?post=59577"},{"taxonomy":"product_cat","embeddable":true,"href":"https:\/\/www.beatnikshoes.com\/pt-pt\/wp-json\/wp\/v2\/product_cat?post=59577"},{"taxonomy":"product_tag","embeddable":true,"href":"https:\/\/www.beatnikshoes.com\/pt-pt\/wp-json\/wp\/v2\/product_tag?post=59577"},{"taxonomy":"woo-feed-brand","embeddable":true,"href":"https:\/\/www.beatnikshoes.com\/pt-pt\/wp-json\/wp\/v2\/woo-feed-brand?post=59577"}],"curies":[{"name":"wp","href":"https:\/\/api.w.org\/{rel}","templated":true}]}}