{"id":59508,"date":"2023-10-09T15:51:04","date_gmt":"2023-10-09T13:51:04","guid":{"rendered":"https:\/\/www.beatnikshoes.com\/zapatos-hechos-a-mano\/sapato-fivela-dupla-preto-para-mulher-june\/"},"modified":"2026-04-02T17:23:48","modified_gmt":"2026-04-02T15:23:48","slug":"sapato-fivela-dupla-preto-para-mulher-june","status":"publish","type":"product","link":"https:\/\/www.beatnikshoes.com\/pt-pt\/sapatos-feitos-a-mao\/sapato-fivela-dupla-preto-para-mulher-june\/","title":{"rendered":"Sapato de fivela dupla preto para mulher June"},"content":{"rendered":"<h2>ADORO A VOSSA PRESEN\u00c7A. UMA MONKSTRAP PRETA PARA USAR NO DIA-A-DIA<\/h2>\n<p>O <strong>sapato preto de fivela dupla para mulher,<\/strong> um cl\u00e1ssico por excel\u00eancia, agora concebido e fabricado para as mulheres mais elegantes.<\/p>\n<p>Depois de os colocar, n\u00e3o os vai querer tirar. Feitos \u00e0 m\u00e3o em couro macio, com uma sola cosida e um forro de couro quente em toda a parte superior, proporcionam o m\u00e1ximo conforto ao seu propriet\u00e1rio.<\/p>\n<p>A pele flex\u00edvel deste <strong>sapato monge preto feminino<\/strong> e a sua forma, concebida e fabricada especificamente para os p\u00e9s das mulheres, permitir-lhe-\u00e3o desfrutar plenamente da sua vida quotidiana, seja no trabalho, com amigos ou com a sua fam\u00edlia. Esta <strong>correia de monge preta<\/strong> \u00e9 um conforto elegante.<\/p>\n<p>O design da sua l\u00e2mina fina, para al\u00e9m de um grande conforto, proporciona um passo cheio de eleg\u00e2ncia. Com um vestido, uma saia ou umas cal\u00e7as, v\u00e3o atrair a aten\u00e7\u00e3o das mulheres \u00e0 sua volta. E n\u00e3o s\u00f3 deles. Prometido.<\/p>\n","protected":false},"excerpt":{"rendered":"<h2>Sapato de fivela dupla preto para mulher June, fabricado em Espanha<\/h2>\n<p>Material exterior: Pele de vitelo preta<br \/>\nForro: Pele de vaca roxa<br \/>\nMaterial da sola: Couro genu\u00edno cosido e uma fina camada antiderrapante injectada<br \/>\nFecho: Fivela dupla<br \/>\nTipo de salto: Baixo<\/p>\n","protected":false},"featured_media":76356,"comment_status":"open","ping_status":"closed","template":"","meta":[],"product_brand":[],"product_cat":[9323,9027],"product_tag":[],"woo-feed-brand":[],"class_list":{"0":"post-59508","1":"product","2":"type-product","3":"status-publish","4":"has-post-thumbnail","6":"product_cat-sapato-com-fivelas","7":"product_cat-sapatos-de-senhora","8":"pa_talla-zapato-35-pt-pt","9":"pa_talla-zapato-36-pt-pt","10":"pa_talla-zapato-37-pt-pt","11":"pa_talla-zapato-38-pt-pt","12":"pa_talla-zapato-39-pt-pt","13":"pa_talla-zapato-40-pt-pt","14":"pa_talla-zapato-41-pt-pt","15":"pa_talla-zapato-42-pt-pt","17":"first","18":"instock","19":"sale","20":"taxable","21":"shipping-taxable","22":"purchasable","23":"product-type-variable"},"_links":{"self":[{"href":"https:\/\/www.beatnikshoes.com\/pt-pt\/wp-json\/wp\/v2\/product\/59508","targetHints":{"allow":["GET"]}}],"collection":[{"href":"https:\/\/www.beatnikshoes.com\/pt-pt\/wp-json\/wp\/v2\/product"}],"about":[{"href":"https:\/\/www.beatnikshoes.com\/pt-pt\/wp-json\/wp\/v2\/types\/product"}],"replies":[{"embeddable":true,"href":"https:\/\/www.beatnikshoes.com\/pt-pt\/wp-json\/wp\/v2\/comments?post=59508"}],"wp:featuredmedia":[{"embeddable":true,"href":"https:\/\/www.beatnikshoes.com\/pt-pt\/wp-json\/wp\/v2\/media\/76356"}],"wp:attachment":[{"href":"https:\/\/www.beatnikshoes.com\/pt-pt\/wp-json\/wp\/v2\/media?parent=59508"}],"wp:term":[{"taxonomy":"product_brand","embeddable":true,"href":"https:\/\/www.beatnikshoes.com\/pt-pt\/wp-json\/wp\/v2\/product_brand?post=59508"},{"taxonomy":"product_cat","embeddable":true,"href":"https:\/\/www.beatnikshoes.com\/pt-pt\/wp-json\/wp\/v2\/product_cat?post=59508"},{"taxonomy":"product_tag","embeddable":true,"href":"https:\/\/www.beatnikshoes.com\/pt-pt\/wp-json\/wp\/v2\/product_tag?post=59508"},{"taxonomy":"woo-feed-brand","embeddable":true,"href":"https:\/\/www.beatnikshoes.com\/pt-pt\/wp-json\/wp\/v2\/woo-feed-brand?post=59508"}],"curies":[{"name":"wp","href":"https:\/\/api.w.org\/{rel}","templated":true}]}}