{"id":61700,"date":"2023-09-07T19:50:22","date_gmt":"2023-09-07T17:50:22","guid":{"rendered":"https:\/\/www.beatnikshoes.com\/guia-de-tamanhos\/"},"modified":"2025-08-10T20:39:29","modified_gmt":"2025-08-10T18:39:29","slug":"guia-de-tamanhos","status":"publish","type":"page","link":"https:\/\/www.beatnikshoes.com\/pt-pt\/guia-de-tamanhos\/","title":{"rendered":"Guia de tamanhos"},"content":{"rendered":"\n\n\t<section class=\"section\" id=\"section_1002508663\">\n\t\t<div class=\"section-bg fill\" >\n\t\t\t\t\t\t\t\t\t\n\t\t\t\n\n\t\t<\/div>\n\n\t\t\n\n\t\t<div class=\"section-content relative\">\n\t\t\t\n\n\t<div id=\"text-2613074102\" class=\"text is-small\">\n\t\t\n\n<h1 class=\"uppercase\">GUIA DE TAMANHOS DE SAPATOS BEATNIK<\/h1>\n\t\t\t<\/div>\n\t\n<div class=\"row\"  id=\"row-1699173111\">\n\n\n\t<div id=\"col-1930119946\" class=\"col medium-6 small-12 large-6\"  >\n\t\t\t\t<div class=\"col-inner\"  >\n\t\t\t\n\t\t\t\n\n\t<div id=\"text-3900402524\" class=\"text is-small\">\n\t\t\n\n<p>O desenvolvimento de cada modelo \u00e9 orientado sobretudo pelo seu conforto e pelo seu estilo. O tamanho Beatnik \u00e9 equivalente ao de outras marcas internacionais de sapatos cl\u00e1ssicos. Este quadro \u00e9 apresentado a t\u00edtulo indicativo para o ajudar a fazer a sua escolha.<\/p>\n<p>Para a tabela em cent\u00edmetros (CM), me\u00e7a os dois p\u00e9s descal\u00e7os em um peda\u00e7o de papel, marcando a dist\u00e2ncia entre a ponta do dedo mais longo e o topo do calcanhar. Me\u00e7a essa dist\u00e2ncia com uma r\u00e9gua. Se estiver entre dois tamanhos, sugerimos escolher o maior. Recomendamos tirar a medida no final do dia.   <\/p>\n\n\t\t\t<\/div>\n\t\n\n\t\t<\/div>\n\t\t\t\t\t<\/div>\n\n\t\n\n\t<div id=\"col-488467239\" class=\"col medium-6 small-12 large-6\"  >\n\t\t\t\t<div class=\"col-inner\"  >\n\t\t\t\n\t\t\t\n\n<p>Se precisar de mais informa\u00e7\u00f5es, entre em contato conosco por telefone, mensagem de texto ou WhatsApp pelo n\u00famero <strong>+34 669 87 22 07<\/strong>, pelo nosso <strong>chat online Tidio Chat<\/strong> (a janela pop-up roxa na parte inferior da tela) <strong>ou pelo e-mail info@beatnikshoes.com<\/strong>.<\/p>\n<p>Se precisar de um tamanho diferente, n\u00e3o tem problema. As trocas s\u00e3o totalmente gratuitas na Espanha continental, Ilhas Baleares, Portugal e no restante da Uni\u00e3o Europeia. Cobriremos apenas os custos das trocas no restante do mundo. <\/p>\n\n\t\t<\/div>\n\t\t\t\t\t<\/div>\n\n\t\n\n\t<div id=\"col-2043584083\" class=\"col medium-6 small-12 large-6\"  >\n\t\t\t\t<div class=\"col-inner\"  >\n\t\t\t\n\t\t\t\n\n\n\n<table style=\"border-color: #f2f2f2; width: 100%;\">\n<tbody>\n<tr>\n<td style=\"width: 100%; text-align: center;\" colspan=\"4\">MULHER<\/td>\n<\/tr>\n<tr>\n<td style=\"width: 25%; text-align: center;\"><strong>Europa<\/strong><\/td>\n<td style=\"width: 25%; text-align: center;\"><strong>UK<\/strong><\/td>\n<td style=\"width: 25%; text-align: center;\"><strong>USA<\/strong><\/td>\n<td style=\"width: 25%; text-align: center;\"><strong>CM<\/strong><\/td>\n<\/tr>\n<tr style=\"border-color: #ededed;\">\n<td style=\"width: 25%; text-align: center;\">35<\/td>\n<td style=\"width: 25%; text-align: center;\">2<\/td>\n<td style=\"width: 25%; text-align: center;\">4.5<\/td>\n<td style=\"width: 25%; text-align: center;\">22.5<\/td>\n<\/tr>\n<tr>\n<td style=\"width: 25%; background: #ededed; border: solid 1px #fff; text-align: center;\">36<\/td>\n<td style=\"width: 25%; background: #ededed; border: solid 1px #fff; text-align: center;\">3<\/td>\n<td style=\"width: 25%; background: #ededed; border: solid 1px #fff; text-align: center;\">5.5<\/td>\n<td style=\"width: 25%; background: #ededed; border: solid 1px #fff; text-align: center;\">23<\/td>\n<\/tr>\n<tr>\n<td style=\"width: 25%; text-align: center;\">37<\/td>\n<td style=\"width: 25%; text-align: center;\">4<\/td>\n<td style=\"width: 25%; text-align: center;\">6.5<\/td>\n<td style=\"width: 25%; text-align: center;\">23.7<\/td>\n<\/tr>\n<tr>\n<td style=\"width: 25%; background: #ededed; border: solid 1px #fff; text-align: center;\">38<\/td>\n<td style=\"width: 25%; background: #ededed; border: solid 1px #fff; text-align: center;\">5<\/td>\n<td style=\"width: 25%; background: #ededed; border: solid 1px #fff; text-align: center;\">7.5<\/td>\n<td style=\"width:25%; background: #ededed; border: solid 1px #fff; text-align: center;\">24.3<\/td>\n<\/tr>\n<tr>\n<td style=\"width: 25%; text-align: center;\">39<\/td>\n<td style=\"width: 25%; text-align: center;\">6<\/td>\n<td style=\"width: 25%; text-align: center;\">8.5<\/td>\n<td style=\"width: 25%; text-align: center;\">25<\/td>\n<\/tr>\n<tr>\n<td style=\"width: 25%; background: #ededed; border: solid 1px #fff; text-align: center;\">40<\/td>\n<td style=\"width: 25%; background: #ededed; border: solid 1px #fff; text-align: center;\">7<\/td>\n<td style=\"width: 25%; background: #ededed; border: solid 1px #fff; text-align: center;\">9.5<\/td>\n<td style=\"width: 25%; background: #ededed; border: solid 1px #fff; text-align: center;\">25.6<\/td>\n<\/tr>\n<tr>\n<td style=\"width: 25%; text-align: center;\">41<\/td>\n<td style=\"width: 25%; text-align: center;\">8<\/td>\n<td style=\"width: 25%; text-align: center;\">10.5<\/td>\n<td style=\"width: 25%; text-align: center;\">26.3<\/td>\n<\/tr>\n<tr>\n<td style=\"width: 25%; background: #ededed; border: solid 1px #fff; text-align: center;\">42<\/td>\n<td style=\"width: 25%; background: #ededed; border: solid 1px #fff; text-align: center;\">9<\/td>\n<td style=\"width: 25%; background: #ededed; border: solid 1px #fff; text-align: center;\">11.5<\/td>\n<td style=\"width: 25%; background: #ededed; border: solid 1px #fff; text-align: center;\">27<\/td>\n<\/tr>\n<\/tbody>\n<\/table>\n\n\n\t\t<\/div>\n\t\t\t\t\t<\/div>\n\n\t\n\n\t<div id=\"col-1041862478\" class=\"col medium-6 small-12 large-6\"  >\n\t\t\t\t<div class=\"col-inner\"  >\n\t\t\t\n\t\t\t\n\n\n\n<table style=\"border-color: #f2f2f2; width: 100%;\">\n<tbody>\n<tr>\n<td style=\"width: 100%; text-align: center;\" colspan=\"4\">HOMEM<\/td>\n<\/tr>\n<tr>\n<td style=\"width: 25%; text-align: center;\"><strong>Europa<\/strong><\/td>\n<td style=\"width: 25%; text-align: center;\"><strong>UK<\/strong><\/td>\n<td style=\"width: 25%; text-align: center;\"><strong>USA<\/strong><\/td>\n<td style=\"width: 25%; text-align: center;\"><strong>CM<\/strong><\/td>\n<\/tr>\n<tr>\n<td style=\"width: 25%; text-align: center;\">39<\/td>\n<td style=\"width: 25%; text-align: center;\">5<\/td>\n<td style=\"width: 25%; text-align: center;\">6<\/td>\n<td style=\"width: 25%; text-align: center;\">25<\/td>\n<\/tr>\n<tr>\n<td style=\"width: 25%; background: #ededed; border: solid 1px #fff; text-align: center;\">40<\/td>\n<td style=\"width: 25%; background: #ededed; border: solid 1px #fff; text-align: center;\">6<\/td>\n<td style=\"width: 25%; background: #ededed; border: solid 1px #fff; text-align: center;\">7<\/td>\n<td style=\"width: 25%; background: #ededed; border: solid 1px #fff; text-align: center;\">25.6<\/td>\n<\/tr>\n<tr>\n<td style=\"width: 25%; text-align: center;\">41<\/td>\n<td style=\"width: 25%; text-align: center;\">7<\/td>\n<td style=\"width: 25%; text-align: center;\">8<\/td>\n<td style=\"width: 25%; text-align: center;\">26.3<\/td>\n<\/tr>\n<tr>\n<td style=\"width: 25%; background: #ededed; border: solid 1px #fff; text-align: center;\">42<\/td>\n<td style=\"width: 25%; background: #ededed; border: solid 1px #fff; text-align: center;\">8<\/td>\n<td style=\"width: 25%; background: #ededed; border: solid 1px #fff; text-align: center;\">9<\/td>\n<td style=\"width: 25%; background: #ededed; border: solid 1px #fff; text-align: center;\">27<\/td>\n<\/tr>\n<tr>\n<td style=\"width: 25%; text-align: center;\">43<\/td>\n<td style=\"width: 25%; text-align: center;\">9<\/td>\n<td style=\"width: 25%; text-align: center;\">10<\/td>\n<td style=\"width: 25%; text-align: center;\">27.6<\/td>\n<\/tr>\n<tr>\n<td style=\"width: 25%; background: #ededed; border: solid 1px #fff; text-align: center;\">44<\/td>\n<td style=\"width: 25%; background: #ededed; border: solid 1px #fff; text-align: center;\">10<\/td>\n<td style=\"width: 25%; background: #ededed; border: solid 1px #fff; text-align: center;\">11<\/td>\n<td style=\"width: 25%; background: #ededed; border: solid 1px #fff; text-align: center;\">28.5<\/td>\n<\/tr>\n<tr>\n<td style=\"width: 25%; text-align: center;\">45<\/td>\n<td style=\"width: 25%; text-align: center;\">11<\/td>\n<td style=\"width: 25%; text-align: center;\">12<\/td>\n<td style=\"width: 25%; text-align: center;\">29.2<\/td>\n<\/tr>\n<tr>\n<td style=\"width: 25%; background: #ededed; border: solid 1px #fff; text-align: center;\">46<\/td>\n<td style=\"width: 25%; background: #ededed; border: solid 1px #fff; text-align: center;\">12<\/td>\n<td style=\"width: 25%; background: #ededed; border: solid 1px #fff; text-align: center;\">13<\/td>\n<td style=\"width: 25%; background: #ededed; border: solid 1px #fff; text-align: center;\">30<\/td>\n<\/tr>\n<\/tbody>\n<\/table>\n\n\n\t\t<\/div>\n\t\t\t\t\t<\/div>\n\n\t\n\n<\/div>\n\n\t\t<\/div>\n\n\t\t\n<style>\n#section_1002508663 {\n  padding-top: 30px;\n  padding-bottom: 30px;\n}\n<\/style>\n\t<\/section>\n\t\n\n","protected":false},"excerpt":{"rendered":"","protected":false},"author":3,"featured_media":0,"parent":0,"menu_order":13,"comment_status":"closed","ping_status":"closed","template":"","meta":{"footnotes":""},"class_list":["post-61700","page","type-page","status-publish","hentry"],"_links":{"self":[{"href":"https:\/\/www.beatnikshoes.com\/pt-pt\/wp-json\/wp\/v2\/pages\/61700","targetHints":{"allow":["GET"]}}],"collection":[{"href":"https:\/\/www.beatnikshoes.com\/pt-pt\/wp-json\/wp\/v2\/pages"}],"about":[{"href":"https:\/\/www.beatnikshoes.com\/pt-pt\/wp-json\/wp\/v2\/types\/page"}],"author":[{"embeddable":true,"href":"https:\/\/www.beatnikshoes.com\/pt-pt\/wp-json\/wp\/v2\/users\/3"}],"replies":[{"embeddable":true,"href":"https:\/\/www.beatnikshoes.com\/pt-pt\/wp-json\/wp\/v2\/comments?post=61700"}],"version-history":[{"count":0,"href":"https:\/\/www.beatnikshoes.com\/pt-pt\/wp-json\/wp\/v2\/pages\/61700\/revisions"}],"wp:attachment":[{"href":"https:\/\/www.beatnikshoes.com\/pt-pt\/wp-json\/wp\/v2\/media?parent=61700"}],"curies":[{"name":"wp","href":"https:\/\/api.w.org\/{rel}","templated":true}]}}