{"id":61694,"date":"2023-09-07T19:42:23","date_gmt":"2023-09-07T17:42:23","guid":{"rendered":"https:\/\/www.beatnikshoes.com\/faqs-perguntas-mais-frequentes\/"},"modified":"2026-01-20T15:32:44","modified_gmt":"2026-01-20T14:32:44","slug":"faqs-perguntas-mais-frequentes","status":"publish","type":"page","link":"https:\/\/www.beatnikshoes.com\/pt-pt\/faqs-perguntas-mais-frequentes\/","title":{"rendered":"FAQs &#8211; PERGUNTAS FREQUENTES"},"content":{"rendered":"\n\n\t<section class=\"section is-small\" id=\"section_547348556\">\n\t\t<div class=\"section-bg fill\" >\n\t\t\t\t\t\t\t\t\t\n\t\t\t\n\n\t\t<\/div>\n\n\t\t\n\n\t\t<div class=\"section-content relative\">\n\t\t\t\n<h1 class=\"uppercase\">FAQs &#8211; Perguntas mais frequentes<\/h1>\n<p>\n<div class=\"row\"  id=\"row-1784735657\">\n\n\n\t<div id=\"col-93621432\" class=\"col medium-3 small-12 large-3\"  >\n\t\t\t\t<div class=\"col-inner\"  >\n\t\t\t\n\t\t\t\n\n\t<div id=\"text-1514815460\" class=\"text is-small\">\n\t\t\n\n<\/p>\r\n<h2 class=\"uppercase\">ORDENS<\/h2>\r\n<p>\n\t\t\t<\/div>\n\t\n\n\t\t<\/div>\n\t\t\t\t\t<\/div>\n\n\t\n\n\t<div id=\"col-1897075406\" class=\"col medium-9 small-12 large-9\"  >\n\t\t\t\t<div class=\"col-inner\"  >\n\t\t\t\n\t\t\t\n\n<div class=\"accordion\">\n\n\t<div id=\"accordion-967307881\" class=\"accordion-item\">\n\t\t<a id=\"accordion-967307881-label\" class=\"accordion-title plain\" href=\"#accordion-item-como-efetuar-uma-encomenda?\" aria-expanded=\"false\" aria-controls=\"accordion-967307881-content\">\n\t\t\t<button class=\"toggle\" aria-label=\"Toggle\"><i class=\"icon-angle-down\" aria-hidden=\"true\"><\/i><\/button>\n\t\t\t<span>Como efetuar uma encomenda?<\/span>\n\t\t<\/a>\n\t\t<div id=\"accordion-967307881-content\" class=\"accordion-inner\" aria-labelledby=\"accordion-967307881-label\">\n\t\t\t\n\n<\/p>\n<p>Escolha os seus sapatos e adicione-os ao seu cesto de compras, clicando no bot\u00e3o &#8220;Adicionar ao cesto&#8221;. Quando tiver terminado de selecionar o n\u00famero de sapatos que pretende, clique no bot\u00e3o comprar. <\/p>\n<p>\n\n\t\t<\/div>\n\t<\/div>\n\t\n\t<div id=\"accordion-3521129510\" class=\"accordion-item\">\n\t\t<a id=\"accordion-3521129510-label\" class=\"accordion-title plain\" href=\"#accordion-item-quanto-tempo-demora-a-chegar-o-meu-cal\u00e7ado?\" aria-expanded=\"false\" aria-controls=\"accordion-3521129510-content\">\n\t\t\t<button class=\"toggle\" aria-label=\"Toggle\"><i class=\"icon-angle-down\" aria-hidden=\"true\"><\/i><\/button>\n\t\t\t<span>Quanto tempo demora a chegar o meu cal\u00e7ado?<\/span>\n\t\t<\/a>\n\t\t<div id=\"accordion-3521129510-content\" class=\"accordion-inner\" aria-labelledby=\"accordion-3521129510-label\">\n\t\t\t\n\n<\/p>\n<p>Todas as encomendas efectuadas de segunda a sexta-feira, antes das 13:00 horas, ser\u00e3o preparadas e sair\u00e3o do nosso armaz\u00e9m no mesmo dia.<\/p>\n<p>\n\n\t\t<\/div>\n\t<\/div>\n\t\n\n<\/div>\n\n\t\t<\/div>\n\t\t\t\t\t<\/div>\n\n\t\n\n\t<div id=\"col-1768249405\" class=\"col medium-3 small-12 large-3\"  >\n\t\t\t\t<div class=\"col-inner\"  >\n\t\t\t\n\t\t\t\n\n\t<div id=\"text-1721343499\" class=\"text is-small\">\n\t\t\n\n<\/p>\r\n<h2 class=\"uppercase\">TRANSPORTE<\/h2>\r\n<p>\n\t\t\t<\/div>\n\t\n\n\t\t<\/div>\n\t\t\t\t\t<\/div>\n\n\t\n\n\t<div id=\"col-1485494030\" class=\"col medium-9 small-12 large-9\"  >\n\t\t\t\t<div class=\"col-inner\"  >\n\t\t\t\n\t\t\t\n\n<div class=\"accordion\">\n\n\t<div id=\"accordion-2066172508\" class=\"accordion-item\">\n\t\t<a id=\"accordion-2066172508-label\" class=\"accordion-title plain\" href=\"#accordion-item-prazos-de-entrega\" aria-expanded=\"false\" aria-controls=\"accordion-2066172508-content\">\n\t\t\t<button class=\"toggle\" aria-label=\"Toggle\"><i class=\"icon-angle-down\" aria-hidden=\"true\"><\/i><\/button>\n\t\t\t<span>Prazos de entrega<\/span>\n\t\t<\/a>\n\t\t<div id=\"accordion-2066172508-content\" class=\"accordion-inner\" aria-labelledby=\"accordion-2066172508-label\">\n\t\t\t\n\n<\/p>\n<p>Os prazos indicados abaixo s\u00e3o calculados em dias \u00fateis (de segunda a sexta-feira) e podem ser alterados por feriados locais ou nacionais. Se o m\u00e9todo de pagamento escolhido for a transfer\u00eancia banc\u00e1ria, estes prazos podem ser alterados, uma vez que os seus sapatos ser\u00e3o enviados assim que recebermos a confirma\u00e7\u00e3o da transfer\u00eancia banc\u00e1ria. <\/p>\n<p>Beatnik Shoes garante a entrega ao transportador no mesmo dia em que a encomenda \u00e9 efectuada, para todas as encomendas efectuadas antes das 13:00 horas (hora espanhola).\nDesde que sejam efectuadas em dias \u00fateis, caso contr\u00e1rio a encomenda ser\u00e1 processada no primeiro dia \u00fatil seguinte ao dia em que a encomenda foi efectuada. <\/p>\n<p>Assim que os seus sapatos sa\u00edrem do nosso armaz\u00e9m, receber\u00e1 um e-mail de confirma\u00e7\u00e3o e poder\u00e1 acompanhar o seu envio em www.gls-group.com para encomendas de Espanha e Portugal, e no site da UPS para encomendas do resto da Uni\u00e3o Europeia e do resto do mundo.<\/p>\n<p> <\/p>\n\n\n<table border=\"1px solid #ddd\" width=\"100%\" align=\"left\">\r\n<tbody>\r\n<tr>\r\n<td style=\"text-align: left;\" colspan=\"1\" align=\"left\" valign=\"middle\"><strong>ENVIOS NACIONAIS<\/strong><\/td>\r\n<td style=\"text-align: left;\" align=\"left\" valign=\"middle\" width=\"22%\"><strong>ENTREGA ENTRE<\/strong><\/td>\r\n<\/tr>\r\n<tr>\r\n<td style=\"text-align: left;\" align=\"left\" valign=\"middle\" width=\"63%\">Pen\u00ednsula (Espanha e Portugal)<\/td>\r\n<td style=\"text-align: left;\" align=\"left\" valign=\"middle\" width=\"22%\">24 e 72 horas.<\/td>\r\n<\/tr>\r\n<tr>\r\n<td style=\"text-align: left;\" align=\"left\" valign=\"middle\" width=\"63%\">Baleares<\/td>\r\n<td style=\"text-align: left;\" align=\"left\" valign=\"middle\" width=\"22%\">48-72 hs.<\/td>\r\n<\/tr>\r\n<tr>\r\n<td style=\"text-align: left;\" align=\"left\" valign=\"middle\" width=\"63%\">Islas Canarias, Ceuta, Melilla, Gibraltar y Andorra<\/td>\r\n<td style=\"text-align: left;\" align=\"left\" valign=\"middle\" width=\"22%\">Consultar plazo<\/td>\r\n<\/tr>\r\n<\/tbody>\r\n<\/table>\r\n<p>\n\n\n\n<\/p>\n<table border=\"1px solid #ddd\" width=\"100%\" align=\"left\">\n<tbody>\n<tr>\n<td style=\"text-align: left;\" colspan=\"2\" align=\"left\" valign=\"middle\"><strong>ENVIOS INTERNACIONAIS FORA DA IBERIA<\/strong><\/td>\n<td style=\"text-align: left;\" align=\"left\" valign=\"middle\" width=\"22%\"><strong>COBERTURA TEMPO DE TR\u00c2NSITO<\/strong><\/td>\n<\/tr>\n<tr>\n<td style=\"text-align: left;\" align=\"left\" valign=\"middle\" width=\"15%\">ZONA 1<\/td>\n<td style=\"text-align: left;\" align=\"left\" valign=\"middle\" width=\"63%\">Pa\u00edses da Uni\u00e3o Europeia, Reino Unido, Su\u00ed\u00e7a, Noruega<\/td>\n<td style=\"text-align: left;\" align=\"left\" valign=\"middle\" width=\"22%\">3 a 5 dias<\/td>\n<\/tr>\n<tr>\n<td style=\"text-align: left;\" align=\"left\" valign=\"middle\" width=\"15%\">ZONA 2<\/td>\n<td style=\"text-align: left;\" align=\"left\" valign=\"middle\" width=\"63%\">Estados Unidos e Canad\u00e1<\/td>\n<td style=\"text-align: left;\" align=\"left\" valign=\"middle\" width=\"22%\">4-5 dias<\/td>\n<\/tr>\n<tr>\n<td style=\"text-align: left;\" align=\"left\" valign=\"middle\" width=\"15%\">ZONA 3<\/td>\n<td style=\"text-align: left;\" align=\"left\" valign=\"middle\" width=\"63%\">Am\u00e9rica Latina, M\u00e9dio Oriente<\/td>\n<td style=\"text-align: left;\" align=\"left\" valign=\"middle\" width=\"22%\">4-5 dias<\/td>\n<\/tr>\n<tr>\n<td style=\"text-align: left;\" align=\"left\" valign=\"middle\" width=\"15%\">ZONA G4<\/td>\n<td style=\"text-align: left;\" align=\"left\" valign=\"middle\" width=\"63%\">\u00c1sia, Jap\u00e3o, \u00c1frica, Nova Zel\u00e2ndia, Austr\u00e1lia<\/td>\n<td style=\"text-align: left;\" align=\"left\" valign=\"middle\" width=\"22%\">6 a 8 dias<\/td>\n<\/tr>\n<\/tbody>\n<\/table>\n<p>\n\n<\/p>\n<p><strong>Envio de produtos fora de stock ou em pr\u00e9-venda.<\/strong><br \/>O prazo de entrega para produtos fora de stock ou em pr\u00e9-venda adquiridos atrav\u00e9s do nosso site ser\u00e1 no m\u00e1ximo de 8 semanas a partir da data de pagamento.<\/p>\n<p>\n\n\t\t<\/div>\n\t<\/div>\n\t\n\n<\/div>\n\n\t\t<\/div>\n\t\t\t\t\t<\/div>\n\n\t\n\n\t<div id=\"col-2018222583\" class=\"col medium-3 small-12 large-3\"  >\n\t\t\t\t<div class=\"col-inner\"  >\n\t\t\t\n\t\t\t\n\n\t<div id=\"text-3488276149\" class=\"text is-small\">\n\t\t\n\n<h2 class=\"uppercase\">TROCAS E DEVOLU\u00c7\u00d5ES<\/h2>\n<\/p><p> <\/p>\n\t\t\t<\/div>\n\t\n\n\t\t<\/div>\n\t\t\t\t\t<\/div>\n\n\t\n\n\t<div id=\"col-432633107\" class=\"col medium-9 small-12 large-9\"  >\n\t\t\t\t<div class=\"col-inner\"  >\n\t\t\t\n\t\t\t\n\n<div class=\"accordion\">\n\n\t<div id=\"accordion-1359396239\" class=\"accordion-item\">\n\t\t<a id=\"accordion-1359396239-label\" class=\"accordion-title plain\" href=\"#accordion-item-o-que-acontece-se-n\u00e3o-ficar-satisfeito-com-o-sapato-que-acabou-de-comprar?\" aria-expanded=\"false\" aria-controls=\"accordion-1359396239-content\">\n\t\t\t<button class=\"toggle\" aria-label=\"Toggle\"><i class=\"icon-angle-down\" aria-hidden=\"true\"><\/i><\/button>\n\t\t\t<span>O que acontece se n\u00e3o ficar satisfeito com o sapato que acabou de comprar?<\/span>\n\t\t<\/a>\n\t\t<div id=\"accordion-1359396239-content\" class=\"accordion-inner\" aria-labelledby=\"accordion-1359396239-label\">\n\t\t\t\n\n<p>Disp\u00f5e de 14 dias de calend\u00e1rio a contar da data de rece\u00e7\u00e3o do seu cal\u00e7ado. Tem o direito de experimentar os seus sapatos como se os tivesse comprado em qualquer loja f\u00edsica. Se decidir devolver um artigo, envie um e-mail para consumer@beatnikshoes.com e n\u00f3s iremos gui\u00e1-lo durante o processo.  <\/p>\n<p>Na Espanha continental, nas Ilhas Baleares e em Portugal, os custos de envio, cami\u00f5es e devolu\u00e7\u00f5es est\u00e3o inclu\u00eddos no pre\u00e7o; \u00e9 gratuito para si e n\u00e3o ser\u00e1 cobrado por isso.<\/p>\n<p>No resto da Uni\u00e3o Europeia, o envio e uma troca est\u00e3o inclu\u00eddos no pre\u00e7o. Apenas em caso de devolu\u00e7\u00e3o, ser\u00e3o deduzidos 29\u20ac do valor total para cobrir os custos de envio e devolu\u00e7\u00e3o no momento do reembolso. <\/p>\n<p>Para devolu\u00e7\u00f5es de fora da Uni\u00e3o Europeia, para al\u00e9m dos custos de envio e devolu\u00e7\u00e3o, ser\u00e3o deduzidos quaisquer impostos e taxas alfandeg\u00e1rias aplic\u00e1veis.<\/p>\n<p>Tenha em aten\u00e7\u00e3o que os nossos sapatos s\u00e3o feitos \u00e0 m\u00e3o e, como tal, pode encontrar pormenores que os tornam \u00fanicos.<\/p>\n<p>As modalidades de exerc\u00edcio deste direito constam das <a href=\"https:\/\/www.beatnikshoes.com\/pt-pt\/condicoes-gerais\/\" target=\"_blank\" rel=\"noopener\">Condi\u00e7\u00f5es Gerais de Venda<\/a>.<\/p>\n<p> <\/p>\n\n\t\t<\/div>\n\t<\/div>\n\t\n\n<\/div>\n\n\t\t<\/div>\n\t\t\t\t\t<\/div>\n\n\t\n\n\t<div id=\"col-2108369026\" class=\"col medium-3 small-12 large-3\"  >\n\t\t\t\t<div class=\"col-inner\"  >\n\t\t\t\n\t\t\t\n\n\t<div id=\"text-2982758188\" class=\"text is-small\">\n\t\t\n\n<h2 class=\"uppercase\">Pagamentos<\/h2>\r\n<p>\n\t\t\t<\/div>\n\t\n\n\t\t<\/div>\n\t\t\t\t\t<\/div>\n\n\t\n\n\t<div id=\"col-565448978\" class=\"col medium-9 small-12 large-9\"  >\n\t\t\t\t<div class=\"col-inner\"  >\n\t\t\t\n\t\t\t\n\n<div class=\"accordion\">\n\n\t<div id=\"accordion-988495621\" class=\"accordion-item\">\n\t\t<a id=\"accordion-988495621-label\" class=\"accordion-title plain\" href=\"#accordion-item-paypal\" aria-expanded=\"false\" aria-controls=\"accordion-988495621-content\">\n\t\t\t<button class=\"toggle\" aria-label=\"Toggle\"><i class=\"icon-angle-down\" aria-hidden=\"true\"><\/i><\/button>\n\t\t\t<span>Paypal<\/span>\n\t\t<\/a>\n\t\t<div id=\"accordion-988495621-content\" class=\"accordion-inner\" aria-labelledby=\"accordion-988495621-label\">\n\t\t\t\n\n<\/p>\n<p>O PayPal permite que os consumidores com correio eletr\u00f3nico enviem pagamentos online de forma segura, c\u00f3moda e econ\u00f3mica. A rede PayPal baseia-se na infraestrutura financeira existente de contas banc\u00e1rias e cart\u00f5es de cr\u00e9dito para criar uma solu\u00e7\u00e3o global de pagamento em tempo real. O Paypal oferece um servi\u00e7o especialmente concebido para aqueles que n\u00e3o est\u00e3o satisfeitos com os mecanismos de pagamento tradicionais.  <\/p>\n<p>Para mais informa\u00e7\u00f5es, pode visitar o s\u00edtio Web do <a href=\"http:\/\/www.paypal.com\/\" rel=\"nofollow noopener\" target=\"_blank\">Paypal<\/a><\/p>\n<p>\n\n\t\t<\/div>\n\t<\/div>\n\t\n\t<div id=\"accordion-4052815762\" class=\"accordion-item\">\n\t\t<a id=\"accordion-4052815762-label\" class=\"accordion-title plain\" href=\"#accordion-item-cart\u00e3o-de-cr\u00e9dito\" aria-expanded=\"false\" aria-controls=\"accordion-4052815762-content\">\n\t\t\t<button class=\"toggle\" aria-label=\"Toggle\"><i class=\"icon-angle-down\" aria-hidden=\"true\"><\/i><\/button>\n\t\t\t<span>Cart\u00e3o de cr\u00e9dito<\/span>\n\t\t<\/a>\n\t\t<div id=\"accordion-4052815762-content\" class=\"accordion-inner\" aria-labelledby=\"accordion-4052815762-label\">\n\t\t\t\n\n<\/p>\n<p>Todo o processo de pagamento no s\u00edtio Web <a title=\"https:\/\/www.beatnikshoes.com\" href=\"https:\/\/www.beatnikshoes.com\/pt-pt\/\" target=\"_blank\" rel=\"noopener noreferrer\">www.beatnikshoes.com<\/a> \u00e9 efectuado sob encripta\u00e7\u00e3o SSL. Dispomos do certificado SSL durante todo o processo de registo e recolha de dados, para todos os dados sens\u00edveis durante a transa\u00e7\u00e3o, e todas as transmiss\u00f5es de dados s\u00e3o encriptadas.<\/p>\n<p>\n\n\t\t<\/div>\n\t<\/div>\n\t\n\t<div id=\"accordion-2517639282\" class=\"accordion-item\">\n\t\t<a id=\"accordion-2517639282-label\" class=\"accordion-title plain\" href=\"#accordion-item-transfer\u00eancia-banc\u00e1ria\" aria-expanded=\"false\" aria-controls=\"accordion-2517639282-content\">\n\t\t\t<button class=\"toggle\" aria-label=\"Toggle\"><i class=\"icon-angle-down\" aria-hidden=\"true\"><\/i><\/button>\n\t\t\t<span>Transfer\u00eancia banc\u00e1ria<\/span>\n\t\t<\/a>\n\t\t<div id=\"accordion-2517639282-content\" class=\"accordion-inner\" aria-labelledby=\"accordion-2517639282-label\">\n\t\t\t\n\n<\/p>\n<p>Quando selecciona a transfer\u00eancia banc\u00e1ria como m\u00e9todo de pagamento, receber\u00e1, juntamente com a confirma\u00e7\u00e3o da sua encomenda, um e-mail com o n\u00famero da conta onde pode efetuar a transfer\u00eancia banc\u00e1ria em nome de <strong>THE LOAFERS SHOP S.L.<\/strong><\/p>\n<p>\u00c9 muito importante que indique na linha de assunto o n\u00famero da encomenda, bem como o seu nome e apelido, e que efectue a transfer\u00eancia no prazo de 3 dias ap\u00f3s a data de confirma\u00e7\u00e3o da encomenda, a fim de a validar.<\/p>\n<p>Se desejar, pode enviar-nos o comprovativo da transfer\u00eancia por correio eletr\u00f3nico para consumer@beatnikshoes.com mas, em qualquer caso, a <strong>encomenda s\u00f3 ser\u00e1 considerada efectiva quando o nosso servi\u00e7o administrativo tiver recebido a confirma\u00e7\u00e3o da transfer\u00eancia banc\u00e1ria<\/strong>.<\/p>\n<p>\n\n\t\t<\/div>\n\t<\/div>\n\t\n\t<div id=\"accordion-328194341\" class=\"accordion-item\">\n\t\t<a id=\"accordion-328194341-label\" class=\"accordion-title plain\" href=\"#accordion-item-google-pay\" aria-expanded=\"false\" aria-controls=\"accordion-328194341-content\">\n\t\t\t<button class=\"toggle\" aria-label=\"Toggle\"><i class=\"icon-angle-down\" aria-hidden=\"true\"><\/i><\/button>\n\t\t\t<span>Google Pay<\/span>\n\t\t<\/a>\n\t\t<div id=\"accordion-328194341-content\" class=\"accordion-inner\" aria-labelledby=\"accordion-328194341-label\">\n\t\t\t\n\n<\/p>\n<p>Pode pagar na nossa loja com o Google Pay.<\/p>\n<p>\n\n\t\t<\/div>\n\t<\/div>\n\t\n\n<\/div>\n\n\t\t<\/div>\n\t\t\t\t\t<\/div>\n\n\t\n\n\t<div id=\"col-1225254329\" class=\"col medium-3 small-12 large-3\"  >\n\t\t\t\t<div class=\"col-inner\"  >\n\t\t\t\n\t\t\t\n\n\t<div id=\"text-2572930620\" class=\"text is-small\">\n\t\t\n\n<\/p>\r\n<h2 class=\"uppercase\">Servi\u00e7o ao cliente<\/h2>\r\n<p>\n\t\t\t<\/div>\n\t\n\n\t\t<\/div>\n\t\t\t\t\t<\/div>\n\n\t\n\n\t<div id=\"col-103641531\" class=\"col medium-9 small-12 large-9\"  >\n\t\t\t\t<div class=\"col-inner\"  >\n\t\t\t\n\t\t\t\n\n<\/p>\n<p>Para qualquer informa\u00e7\u00e3o, pode contactar-nos atrav\u00e9s dos seguintes meios:<\/p>\n<p><em><strong>+34 669 872 207<\/strong><\/em><br \/><strong><em>\u201cinfo@beatnikshoes.com\u201d<\/em><\/strong><br \/><strong><em>consumer@beatnikshoes.com<\/em><\/strong><\/p>\n<p>Hor\u00e1rio: Segunda a sexta-feira: <em>9h30 \u00e0s 17h30<\/em>.<\/p>\n<p> <\/p>\n\n\t\t<\/div>\n\t\t\t\t\t<\/div>\n\n\t\n\n\n<style>\n#row-1784735657 > .col > .col-inner {\n  padding: 0px 0px 0px 0px;\n}\n@media (min-width:550px) {\n  #row-1784735657 > .col > .col-inner {\n    padding: 30px 0px 0px 0px;\n  }\n}\n<\/style>\n<\/div>\n\n\t\t<\/div>\n\n\t\t\n<style>\n#section_547348556 {\n  padding-top: 30px;\n  padding-bottom: 30px;\n  background-color: rgb(255,255,255);\n}\n@media (min-width:550px) {\n  #section_547348556 {\n    padding-top: 30px;\n    padding-bottom: 30px;\n  }\n}\n<\/style>\n\t<\/section>\n\t\n\n","protected":false},"excerpt":{"rendered":"","protected":false},"author":3,"featured_media":0,"parent":0,"menu_order":0,"comment_status":"closed","ping_status":"closed","template":"","meta":{"footnotes":""},"class_list":["post-61694","page","type-page","status-publish","hentry"],"_links":{"self":[{"href":"https:\/\/www.beatnikshoes.com\/pt-pt\/wp-json\/wp\/v2\/pages\/61694","targetHints":{"allow":["GET"]}}],"collection":[{"href":"https:\/\/www.beatnikshoes.com\/pt-pt\/wp-json\/wp\/v2\/pages"}],"about":[{"href":"https:\/\/www.beatnikshoes.com\/pt-pt\/wp-json\/wp\/v2\/types\/page"}],"author":[{"embeddable":true,"href":"https:\/\/www.beatnikshoes.com\/pt-pt\/wp-json\/wp\/v2\/users\/3"}],"replies":[{"embeddable":true,"href":"https:\/\/www.beatnikshoes.com\/pt-pt\/wp-json\/wp\/v2\/comments?post=61694"}],"version-history":[{"count":0,"href":"https:\/\/www.beatnikshoes.com\/pt-pt\/wp-json\/wp\/v2\/pages\/61694\/revisions"}],"wp:attachment":[{"href":"https:\/\/www.beatnikshoes.com\/pt-pt\/wp-json\/wp\/v2\/media?parent=61694"}],"curies":[{"name":"wp","href":"https:\/\/api.w.org\/{rel}","templated":true}]}}