{"id":61646,"date":"2023-09-07T13:45:09","date_gmt":"2023-09-07T11:45:09","guid":{"rendered":"https:\/\/www.beatnikshoes.com\/contacto-2\/"},"modified":"2025-01-02T22:38:23","modified_gmt":"2025-01-02T21:38:23","slug":"contacto","status":"publish","type":"page","link":"https:\/\/www.beatnikshoes.com\/pt-pt\/contacto\/","title":{"rendered":"CONTACTO SAPATOS BEATNIK"},"content":{"rendered":"\n\t<div id=\"text-1261775775\" class=\"text\">\n\t\t\n\n<h1 class=\"uppercase\">CONTACTO SAPATOS BEATNIK<\/h1>\n\n\t\t\n<style>\n#text-1261775775 {\n  text-align: center;\n}\n<\/style>\n\t<\/div>\n\t\n\n\t<section class=\"section\" id=\"section_381053406\">\n\t\t<div class=\"section-bg fill\" >\n\t\t\t\t\t\t\t\t\t\n\t\t\t\n\n\t\t<\/div>\n\n\t\t\n\n\t\t<div class=\"section-content relative\">\n\t\t\t\n\n<div class=\"row align-center\"  id=\"row-1763813908\">\n\n\n\t<div id=\"col-1535101373\" class=\"col medium-10 small-12 large-6\"  >\n\t\t\t\t<div class=\"col-inner\"  >\n\t\t\t\n\t\t\t\n\n\t<div class=\"box has-hover   has-hover box-text-bottom\" >\n\n\t\t<div class=\"box-image\" >\n\t\t\t\t\t\t<div class=\"\" >\n\t\t\t\t<img decoding=\"async\" width=\"960\" height=\"854\" src=\"https:\/\/www.beatnikshoes.com\/wp-content\/uploads\/2014\/09\/Telefonista-BN-31.jpg\" class=\"attachment- size-\" alt=\"\" srcset=\"https:\/\/www.beatnikshoes.com\/wp-content\/uploads\/2014\/09\/Telefonista-BN-31.jpg 960w, https:\/\/www.beatnikshoes.com\/wp-content\/uploads\/2014\/09\/Telefonista-BN-31-510x454.jpg 510w, https:\/\/www.beatnikshoes.com\/wp-content\/uploads\/2014\/09\/Telefonista-BN-31-380x338.jpg 380w, https:\/\/www.beatnikshoes.com\/wp-content\/uploads\/2014\/09\/Telefonista-BN-31-725x645.jpg 725w, https:\/\/www.beatnikshoes.com\/wp-content\/uploads\/2014\/09\/Telefonista-BN-31-373x332.jpg 373w, https:\/\/www.beatnikshoes.com\/wp-content\/uploads\/2014\/09\/Telefonista-BN-31-768x683.jpg 768w, https:\/\/www.beatnikshoes.com\/wp-content\/uploads\/2014\/09\/Telefonista-BN-31-625x556.jpg 625w, https:\/\/www.beatnikshoes.com\/wp-content\/uploads\/2014\/09\/Telefonista-BN-31-300x267.jpg 300w\" sizes=\"(max-width: 960px) 100vw, 960px\" \/>\t\t\t\t\t\t\t\t\t\t\t<\/div>\n\t\t\t\t\t<\/div>\n\n\t\t<div class=\"box-text text-center\" >\n\t\t\t<div class=\"box-text-inner\">\n\t\t\t\t\n\n<p>O nosso principal objetivo \u00e9 que, ao entrar na nossa loja, se sinta em casa e nos fa\u00e7a todas as perguntas, sugest\u00f5es e propostas que possa ter.<\/p>\n\n\n\t\t\t<\/div>\n\t\t<\/div>\n\t<\/div>\n\t\n\n\t\t<\/div>\n\t\t\t\t\t<\/div>\n\n\t\n\n\t<div id=\"col-1879236978\" class=\"col small-12 large-12\"  >\n\t\t\t\t<div class=\"col-inner\"  >\n\t\t\t\n\t\t\t\n\n\t<div id=\"text-2364665726\" class=\"text\">\n\t\t\n\n<p>Pode contactar-nos atrav\u00e9s do seguinte n\u00famero de telefone<\/p>\n\t\t\n<style>\n#text-2364665726 {\n  text-align: center;\n}\n<\/style>\n\t<\/div>\n\t\n\t<div id=\"text-3377863689\" class=\"text\">\n\t\t\n\n<p><strong>+34 636 02 12 89<\/strong><\/p>\n\t\t\n<style>\n#text-3377863689 {\n  text-align: center;\n}\n<\/style>\n\t<\/div>\n\t\n\t<div id=\"text-519759255\" class=\"text\">\n\t\t\n\n<p>e por correio eletr\u00f3nico para<\/p>\n\n\t\t\n<style>\n#text-519759255 {\n  text-align: center;\n}\n<\/style>\n\t<\/div>\n\t\n\t<div id=\"text-2745429650\" class=\"text\">\n\t\t\n\n<p><strong>info@beatnikshoes.com<\/strong><\/p>\n\t\t\n<style>\n#text-2745429650 {\n  text-align: center;\n}\n<\/style>\n\t<\/div>\n\t\n\n\t\t<\/div>\n\t\t\t\t\t<\/div>\n\n\t\n\n\t<div id=\"col-1833673766\" class=\"col small-12 large-12\"  >\n\t\t\t\t<div class=\"col-inner\"  >\n\t\t\t\n\t\t\t\n\n<div class=\"social-icons follow-icons full-width text-center\" ><a href=\"https:\/\/www.facebook.com\/beatnikshoes\/\" target=\"_blank\" data-label=\"Facebook\" class=\"icon button circle is-outline tooltip facebook\" title=\"Follow on Facebook\" aria-label=\"Follow on Facebook\" rel=\"noopener nofollow\"><i class=\"icon-facebook\" aria-hidden=\"true\"><\/i><\/a><a href=\"https:\/\/www.instagram.com\/beatnikshoes\/\" target=\"_blank\" data-label=\"Instagram\" class=\"icon button circle is-outline tooltip instagram\" title=\"Follow on Instagram\" aria-label=\"Follow on Instagram\" rel=\"noopener nofollow\"><i class=\"icon-instagram\" aria-hidden=\"true\"><\/i><\/a><a href=\"https:\/\/www.tiktok.com\/@beatnikshoes\" target=\"_blank\" data-label=\"TikTok\" class=\"icon button circle is-outline tooltip tiktok\" title=\"Follow on TikTok\" aria-label=\"Follow on TikTok\" rel=\"noopener nofollow\"><i class=\"icon-tiktok\" aria-hidden=\"true\"><\/i><\/a><a href=\"https:\/\/x.com\/beatnikshoes\" data-label=\"X\" target=\"_blank\" class=\"icon button circle is-outline tooltip x\" title=\"Follow on X\" aria-label=\"Follow on X\" rel=\"noopener nofollow\"><i class=\"icon-x\" aria-hidden=\"true\"><\/i><\/a><a href=\"https:\/\/www.linkedin.com\/company\/beatnik-shoes\/\" data-label=\"LinkedIn\" target=\"_blank\" class=\"icon button circle is-outline tooltip linkedin\" title=\"Follow on LinkedIn\" aria-label=\"Follow on LinkedIn\" rel=\"noopener nofollow\"><i class=\"icon-linkedin\" aria-hidden=\"true\"><\/i><\/a><\/div>\n\n\n\t\t<\/div>\n\t\t\t\t\t<\/div>\n\n\t\n\n<\/div>\n\n\t\t<\/div>\n\n\t\t\n<style>\n#section_381053406 {\n  padding-top: 30px;\n  padding-bottom: 30px;\n}\n<\/style>\n\t<\/section>\n\t\n\n","protected":false},"excerpt":{"rendered":"","protected":false},"author":1,"featured_media":0,"parent":0,"menu_order":7,"comment_status":"closed","ping_status":"closed","template":"","meta":{"footnotes":""},"class_list":["post-61646","page","type-page","status-publish","hentry"],"_links":{"self":[{"href":"https:\/\/www.beatnikshoes.com\/pt-pt\/wp-json\/wp\/v2\/pages\/61646","targetHints":{"allow":["GET"]}}],"collection":[{"href":"https:\/\/www.beatnikshoes.com\/pt-pt\/wp-json\/wp\/v2\/pages"}],"about":[{"href":"https:\/\/www.beatnikshoes.com\/pt-pt\/wp-json\/wp\/v2\/types\/page"}],"author":[{"embeddable":true,"href":"https:\/\/www.beatnikshoes.com\/pt-pt\/wp-json\/wp\/v2\/users\/1"}],"replies":[{"embeddable":true,"href":"https:\/\/www.beatnikshoes.com\/pt-pt\/wp-json\/wp\/v2\/comments?post=61646"}],"version-history":[{"count":0,"href":"https:\/\/www.beatnikshoes.com\/pt-pt\/wp-json\/wp\/v2\/pages\/61646\/revisions"}],"wp:attachment":[{"href":"https:\/\/www.beatnikshoes.com\/pt-pt\/wp-json\/wp\/v2\/media?parent=61646"}],"curies":[{"name":"wp","href":"https:\/\/api.w.org\/{rel}","templated":true}]}}