{"id":61623,"date":"2023-09-07T13:33:54","date_gmt":"2023-09-07T11:33:54","guid":{"rendered":"https:\/\/www.beatnikshoes.com\/sobre-nos\/"},"modified":"2026-02-03T02:40:52","modified_gmt":"2026-02-03T01:40:52","slug":"sobre-nos","status":"publish","type":"page","link":"https:\/\/www.beatnikshoes.com\/pt-pt\/sobre-nos\/","title":{"rendered":"SOBRE N\u00d3S"},"content":{"rendered":"\n\n\t<section class=\"section\" id=\"section_691337179\">\n\t\t<div class=\"section-bg fill\" >\n\t\t\t\t\t\t\t\t\t\n\t\t\t\n\n\t\t<\/div>\n\n\t\t\n\n\t\t<div class=\"section-content relative\">\n\t\t\t\n\n<div class=\"row row-collapse align-middle align-center\"  id=\"row-1234670402\">\n\n\n\t<div id=\"col-2098912110\" class=\"col small-12 large-12\"  >\n\t\t\t\t<div class=\"col-inner\"  >\n\t\t\t\n\t\t\t\n\n  <div id=\"page-header-1133207330\" class=\"page-header-wrapper\">\n  <div class=\"page-title dark normal-title has-parallax\">\n\n        <div class=\"page-title-bg\">\n      <div class=\"title-bg fill bg-fill\"\n        data-parallax-container=\".page-title\"\n        data-parallax-background\n        data-parallax=\"-2\">\n      <\/div>\n      <div class=\"title-overlay fill\"><\/div>\n    <\/div>\n    \n    <div class=\"page-title-inner container align-center text-center flex-row-col medium-flex-wrap\" >\n              <div class=\"title-wrapper is-large flex-col\">\n          <h1 class=\"entry-title mb-0\">\n            SOBRE N\u00d3S          <\/h1>\n        <\/div>\n                    <div class=\"title-content flex-col\">\n        <div class=\"title-breadcrumbs pb-half pt-half\"><nav class=\"woocommerce-breadcrumb breadcrumbs uppercase\" aria-label=\"Breadcrumb\">In\u00edcio<\/nav><\/div>      <\/div>\n    <\/div>\n\n     \n<style>\n#page-header-1133207330 .page-title-inner {\n  min-height: 368px;\n}\n#page-header-1133207330 {\n  margin-bottom: 0px;\n}\n#page-header-1133207330 .title-bg {\n  background-image: url(https:\/\/www.beatnikshoes.com\/wp-content\/uploads\/2014\/11\/Lincoln50s4-e1429699321352.jpg);\n  background-position: 50% 67%;\n}\n@media (min-width:550px) {\n  #page-header-1133207330 .page-title-inner {\n    min-height: 380px;\n  }\n  #page-header-1133207330 {\n    margin-bottom: 0px;\n  }\n}\n@media (min-width:850px) {\n  #page-header-1133207330 .page-title-inner {\n    min-height: 480px;\n  }\n}\n<\/style>\n  <\/div>\n    <\/div>\n  \n\n\n\t\t<\/div>\n\t\t\t\t\n<style>\n#col-2098912110 > .col-inner {\n  padding: 0px 0px 0px 0px;\n  margin: 0px 0px 0px 0px;\n}\n<\/style>\n\t<\/div>\n\n\t\n\n\n<style>\n#row-1234670402 > .col > .col-inner {\n  padding: 0px 0px 0px 0px;\n}\n<\/style>\n<\/div>\n\n\t\t<\/div>\n\n\t\t\n<style>\n#section_691337179 {\n  padding-top: 0px;\n  padding-bottom: 0px;\n  margin-bottom: 0px;\n}\n<\/style>\n\t<\/section>\n\t\n\n\t<section class=\"section\" id=\"section_310520541\">\n\t\t<div class=\"section-bg fill\" >\n\t\t\t\t\t\t\t\t\t\n\t\t\t\n\n\t\t<\/div>\n\n\t\t\n\n\t\t<div class=\"section-content relative\">\n\t\t\t\n\n<div class=\"row row-collapse\"  id=\"row-1857851717\">\n\n\n\t<div id=\"col-1730012269\" class=\"col small-12 large-12\"  >\n\t\t\t\t<div class=\"col-inner\"  >\n\t\t\t\n\t\t\t\n\n<div class=\"container section-title-container uppercase\" ><h2 class=\"section-title section-title-normal\"><b aria-hidden=\"true\"><\/b><span class=\"section-title-main\" style=\"font-size:90%;color:#000000;\">UMA FORMA DIFERENTE DE ENTENDER O CAL\u00c7ADO<\/span><b aria-hidden=\"true\"><\/b><\/h2><\/div>\n\n<div class=\"row\"  id=\"row-49808704\">\n\n\n\t<div id=\"col-330900914\" class=\"col medium-6 small-12 large-6\"  >\n\t\t\t\t<div class=\"col-inner\"  >\n\t\t\t\n\t\t\t\n\n\t<div id=\"text-2549721780\" class=\"text\">\n\t\t\n\n<p data-start=\"540\" data-end=\"561\"><strong data-start=\"540\" data-end=\"561\">A different class<\/strong><\/p>\n<p data-start=\"563\" data-end=\"769\">A Beatnik nasceu como uma alternativa aos produtos r\u00e1pidos, padronizados e sem alma. Acreditamos num modo de consumo baseado no discernimento, na qualidade genu\u00edna e no respeito pelos objetos bem feitos. <\/p>\n<p data-start=\"771\" data-end=\"1003\">Criamos cal\u00e7ado que vive e evolui consigo, que acompanha a passagem do tempo, oferecendo sempre seguran\u00e7a, estilo e eleg\u00e2ncia a quem o usa.<\/p>\n<p data-start=\"771\" data-end=\"1003\">Sapatos fabricados em Espanha, concebidos para durar.<\/p>\n\t\t\n<style>\n#text-2549721780 {\n  text-align: left;\n}\n<\/style>\n\t<\/div>\n\t\n\n\t\t<\/div>\n\t\t\t\t\t<\/div>\n\n\t\n\n\t<div id=\"col-231621261\" class=\"col medium-6 small-12 large-6\"  >\n\t\t\t\t<div class=\"col-inner\"  >\n\t\t\t\n\t\t\t\n\n\t<div id=\"text-869550411\" class=\"text\">\n\t\t\n\n<p data-start=\"1005\" data-end=\"1214\">N\u00e3o acreditamos na obsolesc\u00eancia programada ou no consumo impulsivo. Defendemos um estilo cl\u00e1ssico e intemporal, baseado na propor\u00e7\u00e3o, nos materiais nobres e no artesanato requintado. Eleg\u00e2ncia sem prazo de validade.  <\/p>\n<p data-start=\"1216\" data-end=\"1392\">Beatnik \u00e9 para quem escolhe com inten\u00e7\u00e3o, valoriza a produ\u00e7\u00e3o local em Espanha e entende o estilo como uma decis\u00e3o consciente e pessoal.<\/p>\n<p data-start=\"1216\" data-end=\"1392\"><em data-start=\"1372\" data-end=\"1391\">Aquilo \u00e9 A different class<\/em>.<\/p>\n\t\t\n<style>\n#text-869550411 {\n  text-align: left;\n}\n<\/style>\n\t<\/div>\n\t\n\n\t\t<\/div>\n\t\t\t\t\t<\/div>\n\n\t\n\n<\/div>\n\n\t\t<\/div>\n\t\t\t\t\t<\/div>\n\n\t\n\n\n<style>\n#row-1857851717 > .col > .col-inner {\n  padding: 30px 30px 0px 30px;\n}\n<\/style>\n<\/div>\n\n\t\t<\/div>\n\n\t\t\n<style>\n#section_310520541 {\n  padding-top: 30px;\n  padding-bottom: 30px;\n}\n<\/style>\n\t<\/section>\n\t\n\n\t<section class=\"section\" id=\"section_818305836\">\n\t\t<div class=\"section-bg fill\" >\n\t\t\t\t\t\t\t\t\t\n\t\t\t\n\n\t\t<\/div>\n\n\t\t\n\n\t\t<div class=\"section-content relative\">\n\t\t\t\n\n<div class=\"row align-center\"  id=\"row-392574584\">\n\n\n\t<div id=\"col-250783470\" class=\"col medium-10 small-12 large-10\"  data-animate=\"fadeInUp\">\n\t\t\t\t<div class=\"col-inner text-center\"  >\n\t\t\t\n\t\t\t\n\n<div class=\"container section-title-container uppercase\" ><h2 class=\"section-title section-title-center\"><b aria-hidden=\"true\"><\/b><span class=\"section-title-main\" style=\"font-size:90%;color:#000000;\">POR TR\u00c1S DO BEATNIK<\/span><b aria-hidden=\"true\"><\/b><\/h2><\/div>\n\n\t<div class=\"box has-hover   has-hover box-text-bottom\" >\n\n\t\t<div class=\"box-image\" >\n\t\t\t\t\t\t<div class=\"image-cover\" style=\"padding-top:75%;\">\n\t\t\t\t<img decoding=\"async\" width=\"1130\" height=\"682\" src=\"https:\/\/www.beatnikshoes.com\/wp-content\/uploads\/2014\/06\/nosotros.jpg\" class=\"attachment- size-\" alt=\"\" srcset=\"https:\/\/www.beatnikshoes.com\/wp-content\/uploads\/2014\/06\/nosotros.jpg 1130w, https:\/\/www.beatnikshoes.com\/wp-content\/uploads\/2014\/06\/nosotros-510x308.jpg 510w, https:\/\/www.beatnikshoes.com\/wp-content\/uploads\/2014\/06\/nosotros-380x229.jpg 380w, https:\/\/www.beatnikshoes.com\/wp-content\/uploads\/2014\/06\/nosotros-725x438.jpg 725w, https:\/\/www.beatnikshoes.com\/wp-content\/uploads\/2014\/06\/nosotros-373x225.jpg 373w, https:\/\/www.beatnikshoes.com\/wp-content\/uploads\/2014\/06\/nosotros-768x464.jpg 768w, https:\/\/www.beatnikshoes.com\/wp-content\/uploads\/2014\/06\/nosotros-625x377.jpg 625w, https:\/\/www.beatnikshoes.com\/wp-content\/uploads\/2014\/06\/nosotros-300x181.jpg 300w, https:\/\/www.beatnikshoes.com\/wp-content\/uploads\/2014\/06\/nosotros-1024x618.jpg 1024w, https:\/\/www.beatnikshoes.com\/wp-content\/uploads\/2014\/06\/nosotros-1100x664.jpg 1100w, https:\/\/www.beatnikshoes.com\/wp-content\/uploads\/2014\/06\/nosotros-990x598.jpg 990w\" sizes=\"(max-width: 1130px) 100vw, 1130px\" \/>\t\t\t\t\t\t\t\t\t\t\t<\/div>\n\t\t\t\t\t<\/div>\n\n\t\t<div class=\"box-text text-center\" >\n\t\t\t<div class=\"box-text-inner\">\n\t\t\t\t\n\n<p>Fazer escolhas acertadas faz parte de quem somos.<\/p>\n\n\t\t\t<\/div>\n\t\t<\/div>\n\t<\/div>\n\t\n\n\t\t<\/div>\n\t\t\t\t\t<\/div>\n\n\t\n\n\n<style>\n#row-392574584 > .col > .col-inner {\n  padding: 0px 0px 0px 0px;\n}\n@media (min-width:550px) {\n  #row-392574584 > .col > .col-inner {\n    padding: 60px 0px 0px 0px;\n  }\n}\n<\/style>\n<\/div>\n\n\t\t<\/div>\n\n\t\t\n<style>\n#section_818305836 {\n  padding-top: 0px;\n  padding-bottom: 0px;\n}\n<\/style>\n\t<\/section>\n\t\n\n\t<section class=\"section\" id=\"section_2062412976\">\n\t\t<div class=\"section-bg fill\" >\n\t\t\t\t\t\t\t\t\t\n\t\t\t\n\n\t\t<\/div>\n\n\t\t\n\n\t\t<div class=\"section-content relative\">\n\t\t\t\n\n<div class=\"row row-collapse\"  id=\"row-52386326\">\n\n\n\t<div id=\"col-60205749\" class=\"col medium-6 small-12 large-6\"  data-animate=\"fadeInLeft\">\n\t\t\t\t<div class=\"col-inner text-left\"  >\n\t\t\t\n\t\t\t\n\n<div class=\"container section-title-container\" ><h3 class=\"section-title section-title-normal\"><b aria-hidden=\"true\"><\/b><span class=\"section-title-main\" style=\"font-size:90%;color:#000000;\">ELENA BATALLA: Design e Desenvolvimento<\/span><b aria-hidden=\"true\"><\/b><\/h3><\/div>\n\n<p>A sua experi\u00eancia em novas tecnologias, gest\u00e3o e moda refor\u00e7ou uma ideia clara: a est\u00e9tica s\u00f3 tem valor quando aliada \u00e0 verdadeira habilidade e qualidade.<\/p>\n<p>Na Beatnik, esta vis\u00e3o traduz-se em decis\u00f5es de produto concebidas para durar, muito distantes da l\u00f3gica de usar e descartar.<\/p>\n\n\t\t<\/div>\n\t\t\t\t\t<\/div>\n\n\t\n\n\t<div id=\"col-1951051286\" class=\"col medium-6 small-12 large-6\"  data-animate=\"fadeInRight\">\n\t\t\t\t<div class=\"col-inner text-left\"  >\n\t\t\t\n\t\t\t\n\n<div class=\"container section-title-container\" ><h3 class=\"section-title section-title-normal\"><b aria-hidden=\"true\"><\/b><span class=\"section-title-main\" style=\"font-size:90%;color:#000000;\">RAFAEL CID: ESTRAT\u00c9GIA E MARCA<\/span><b aria-hidden=\"true\"><\/b><\/h3><\/div>\n\n<p>Com experi\u00eancia em grandes empresas internacionais e em marketing, traz uma abordagem pragm\u00e1tica ao desenvolvimento de marcas: escolher bem, produzir com discernimento e comunicar sem artif\u00edcios.<\/p>\n<p>A heran\u00e7a familiar ligada ao com\u00e9rcio e a produtos criteriosamente seleccionados continua a influenciar uma forma de compreender o neg\u00f3cio, onde a qualidade, o respeito e a consist\u00eancia est\u00e3o acima do volume.<\/p>\n\n\t\t<\/div>\n\t\t\t\t\t<\/div>\n\n\t\n\n\n<style>\n#row-52386326 > .col > .col-inner {\n  padding: 0px 30px 0px 30px;\n}\n@media (min-width:550px) {\n  #row-52386326 > .col > .col-inner {\n    padding: 30px 30px 30px 30px;\n  }\n}\n<\/style>\n<\/div>\n\n\t\t<\/div>\n\n\t\t\n<style>\n#section_2062412976 {\n  padding-top: 0px;\n  padding-bottom: 0px;\n}\n<\/style>\n\t<\/section>\n\t\n\n\t<section class=\"section\" id=\"section_1609030051\">\n\t\t<div class=\"section-bg fill\" >\n\t\t\t\t\t\t\t\t\t\n\t\t\t\n\n\t\t<\/div>\n\n\t\t\n\n\t\t<div class=\"section-content relative\">\n\t\t\t\n\n<div class=\"row row-collapse align-middle align-center\"  id=\"row-1382111066\">\n\n\n\t<div id=\"col-914529339\" class=\"col small-12 large-12\"  data-animate=\"fadeInUp\">\n\t\t\t\t<div class=\"col-inner\" style=\"background-color:#f9f9f9;\" >\n\t\t\t\n\t\t\t\n\n<div class=\"row align-center\"  id=\"row-540163044\">\n\n\n\t<div id=\"col-125984329\" class=\"col medium-10 small-12 large-10\"  >\n\t\t\t\t<div class=\"col-inner\"  >\n\t\t\t\n\t\t\t\n\n\t<div id=\"text-1346408576\" class=\"text\">\n\t\t\n\n<h4 class=\"uppercase\">PRODU\u00c7\u00c3O LOCAL<\/h4>\n\t\t\n<style>\n#text-1346408576 {\n  text-align: center;\n  color: rgb(0,0,0);\n}\n#text-1346408576 > * {\n  color: rgb(0,0,0);\n}\n<\/style>\n\t<\/div>\n\t\n\t<div id=\"text-497477717\" class=\"text\">\n\t\t\n\n<p data-start=\"2845\" data-end=\"2884\"><strong data-start=\"2845\" data-end=\"2884\">Fabricado em Espanha, concebido para durar.<\/strong><\/p>\n<p data-start=\"2886\" data-end=\"3154\">Todos os nossos sapatos s\u00e3o fabricados em Espanha, em oficinas em Almansa, com as quais partilhamos valores e uma abordagem semelhante ao artesanato. Trabalhamos com couros selecionados e processos tradicionais que nos permitem criar cal\u00e7ado repar\u00e1vel, dur\u00e1vel e aut\u00eantico. <\/p>\n<p data-start=\"3156\" data-end=\"3372\">Produzir localmente n\u00e3o \u00e9 uma escolha est\u00e9tica, mas sim \u00e9tica. Permite-nos controlar a qualidade, reduzir os intermedi\u00e1rios, respeitar o trabalho artesanal e oferecer produtos que n\u00e3o est\u00e3o sujeitos \u00e0 obsolesc\u00eancia programada. <\/p>\n<p data-start=\"3374\" data-end=\"3452\">Acreditamos que um bom sapato n\u00e3o se substitui: \u00e9 necess\u00e1rio que seja cuidado, reparado e mantido. A nossa resposta ao produto descart\u00e1vel e produzido em massa. <\/p>\n\t\t\n<style>\n#text-497477717 {\n  text-align: left;\n}\n@media (min-width:550px) {\n  #text-497477717 {\n    text-align: center;\n  }\n}\n<\/style>\n\t<\/div>\n\t\n\n\t\t<\/div>\n\t\t\t\t\n<style>\n#col-125984329 > .col-inner {\n  padding: 30px 0px 0px 0px;\n}\n@media (min-width:850px) {\n  #col-125984329 > .col-inner {\n    padding: 30px 30px 25px 30px;\n  }\n}\n<\/style>\n\t<\/div>\n\n\t\n\n<\/div>\n\n\t\t<\/div>\n\t\t\t\t\n<style>\n#col-914529339 > .col-inner {\n  padding: 30px 30px 30px 30px;\n}\n<\/style>\n\t<\/div>\n\n\t\n\n<\/div>\n\n\t\t<\/div>\n\n\t\t\n<style>\n#section_1609030051 {\n  padding-top: 30px;\n  padding-bottom: 30px;\n  margin-bottom: 0px;\n}\n@media (min-width:550px) {\n  #section_1609030051 {\n    padding-top: 0px;\n    padding-bottom: 0px;\n  }\n}\n<\/style>\n\t<\/section>\n\t\n\n","protected":false},"excerpt":{"rendered":"","protected":false},"author":1,"featured_media":0,"parent":0,"menu_order":1,"comment_status":"closed","ping_status":"closed","template":"page-blank.php","meta":{"footnotes":""},"class_list":["post-61623","page","type-page","status-publish","hentry"],"_links":{"self":[{"href":"https:\/\/www.beatnikshoes.com\/pt-pt\/wp-json\/wp\/v2\/pages\/61623","targetHints":{"allow":["GET"]}}],"collection":[{"href":"https:\/\/www.beatnikshoes.com\/pt-pt\/wp-json\/wp\/v2\/pages"}],"about":[{"href":"https:\/\/www.beatnikshoes.com\/pt-pt\/wp-json\/wp\/v2\/types\/page"}],"author":[{"embeddable":true,"href":"https:\/\/www.beatnikshoes.com\/pt-pt\/wp-json\/wp\/v2\/users\/1"}],"replies":[{"embeddable":true,"href":"https:\/\/www.beatnikshoes.com\/pt-pt\/wp-json\/wp\/v2\/comments?post=61623"}],"version-history":[{"count":0,"href":"https:\/\/www.beatnikshoes.com\/pt-pt\/wp-json\/wp\/v2\/pages\/61623\/revisions"}],"wp:attachment":[{"href":"https:\/\/www.beatnikshoes.com\/pt-pt\/wp-json\/wp\/v2\/media?parent=61623"}],"curies":[{"name":"wp","href":"https:\/\/api.w.org\/{rel}","templated":true}]}}