{"id":71999,"date":"2025-07-25T01:22:12","date_gmt":"2025-07-24T23:22:12","guid":{"rendered":"https:\/\/www.beatnikshoes.com\/zapatos-hechos-a-mano\/oxford-donna-blu-cielo\/"},"modified":"2025-07-29T18:53:58","modified_gmt":"2025-07-29T16:53:58","slug":"oxford-donna-blu-cielo","status":"publish","type":"product","link":"https:\/\/www.beatnikshoes.com\/it\/scarpe-fatte-a-mano\/oxford-donna-blu-cielo\/","title":{"rendered":"Ethel Blue Volare, l&#8217;Oxford blu cielo da donna"},"content":{"rendered":"<h3 data-start=\"350\" data-end=\"419\"><strong data-start=\"354\" data-end=\"419\">Ethel Blue Volare &#8211; Scarpe oxford da donna in pelle blu chiaro<\/strong><\/h3>\n<p data-start=\"421\" data-end=\"466\"><strong data-start=\"421\" data-end=\"466\">Edizione limitata &#8211; Collezione di capsule 2025<\/strong><\/p>\n<p data-start=\"468\" data-end=\"784\">Il modello <strong data-start=\"478\" data-end=\"499\">Ethel Blue Volare<\/strong> \u00e8 molto pi\u00f9 di una scarpa: \u00e8 un&#8217;espressione di stile, personalit\u00e0 e impegno. \u00c8 un&#8217;elegante <strong data-start=\"607\" data-end=\"633\">scarpa Oxford da donna<\/strong>, realizzata a mano in Spagna, con un&#8217;accurata selezione di materiali e un&#8217;estetica che combina il classico con un&#8217;aria fresca e contemporanea. <\/p>\n<p data-start=\"786\" data-end=\"1130\">Questa Oxford \u00e8 realizzata in <strong data-start=\"820\" data-end=\"851\">morbidissima pelle di vitello,<\/strong> scelta per la sua adattabilit\u00e0 al piede, la leggerezza e l&#8217;aspetto raffinato. Il design incorpora le tradizionali <strong data-start=\"971\" data-end=\"991\">cuciture brogue<\/strong> sulla tomaia, aggiungendo consistenza, carattere e un cenno al patrimonio classico delle calzature inglesi, reinterpretato con una sensibilit\u00e0 moderna. <\/p>\n<p data-start=\"1132\" data-end=\"1413\"><strong data-start=\"1141\" data-end=\"1155\">L&#8217;azzurro<\/strong> di ispirazione italiana dona un tocco delicato ma vivace, ideale per chi vuole distinguersi con eleganza e personalit\u00e0. \u00c8 una tonalit\u00e0 versatile che si adatta alla primavera, all&#8217;estate o alle stagioni intermedie, abbinandosi a colori neutri, pastello, bianchi, denim e altro ancora. <\/p>\n<p data-start=\"1415\" data-end=\"1707\">L&#8217;interno \u00e8 interamente foderato in <strong data-start=\"1446\" data-end=\"1476\">pelle di vitello,<\/strong> che offre una sensazione di morbidezza, traspirazione e comfort al piede. La <strong data-start=\"1538\" data-end=\"1564\">suola in vera pelle,<\/strong> cucita con precisione dai nostri artigiani, incorpora un <strong data-start=\"1625\" data-end=\"1653\">sottile strato antiscivolo<\/strong>, che garantisce sicurezza senza compromettere l&#8217;estetica. <\/p>\n<p data-start=\"1709\" data-end=\"1948\"><strong data-start=\"1709\" data-end=\"1730\">Ethel Blue Volare<\/strong> fa parte della nostra <strong data-start=\"1754\" data-end=\"1780\">capsule collection 2025<\/strong> in edizione limitata. Come tutti i modelli Beatnik Shoes, \u00e8 un modello <strong data-start=\"1869\" data-end=\"1882\">senza tempo<\/strong>, progettato per durare nel guardaroba oltre le mode passeggere. <\/p>\n<p data-start=\"1950\" data-end=\"2257\">Tutte le nostre scarpe sono <strong data-start=\"1976\" data-end=\"2021\">progettate e prodotte interamente in Spagna,<\/strong> in collaborazione con laboratori locali che condividono la nostra visione di un&#8217;<strong data-start=\"2096\" data-end=\"2119\">economia sostenibile <\/strong>e di una produzione etica. Vendiamo esclusivamente online, senza intermediari, per offrirvi <strong data-start=\"2211\" data-end=\"2256\">la massima qualit\u00e0 al miglior prezzo possibile.<\/strong> <\/p>\n<p data-start=\"2259\" data-end=\"2415\">Una scarpa pensata per le donne che apprezzano la creativit\u00e0, l&#8217;autenticit\u00e0 e la bellezza di un lavoro ben fatto.<br data-start=\"2371\" data-end=\"2374\"\/><strong data-start=\"2374\" data-end=\"2395\">Ethel Blue Volare <\/strong>\u00e8 stile con anima.<\/p>\n","protected":false},"excerpt":{"rendered":"<h2>Oxford da donna in pelle blu fatte a mano in Spagna<\/h2>\n<p>Materiale esterno: Pelle di vitello<br \/>\nFodera: pelle di vacchetta viola<br \/>\nMateriale della suola: pelle cucita pi\u00f9 un sottile strato antiscivolo iniettato<br \/>\nChiusura: lacci<br \/>\nTipo di tacco: basso<\/p>\n<p><strong>Tipo di forma: Normale, ordinare la propria taglia abituale<\/strong><\/p>\n","protected":false},"featured_media":76949,"comment_status":"open","ping_status":"closed","template":"","meta":[],"product_brand":[],"product_cat":[9103,9026,9102],"product_tag":[11874,11875,11873,11877,11878,11876,11880,11879,11881],"woo-feed-brand":[],"class_list":{"0":"post-71999","1":"product","2":"type-product","3":"status-publish","4":"has-post-thumbnail","6":"product_cat-scarpe-blucher-da-donna","7":"product_cat-scarpe-da-donna","8":"product_cat-scarpe-oxford-da-donna","9":"product_tag-blucher-da-donna-in-pelle-azzurra","10":"product_tag-blucher-da-donna-in-pelle-blu-chiaro","11":"product_tag-blucher-da-donna-in-pelle-blu-cielo","12":"product_tag-oxford-da-donna-in-pelle-blu-chiaro","13":"product_tag-oxford-donna-in-pelle-azzurra","14":"product_tag-oxford-donna-in-pelle-celeste","15":"product_tag-scarpa-da-donna-in-pelle-azzurra-con-lacci","16":"product_tag-scarpa-stringata-da-donna-in-pelle-blu-cielo","17":"product_tag-scarpe-stringate-da-donna-in-pelle-blu-chiaro","18":"pa_talla-zapato-35-it","19":"pa_talla-zapato-36-it","20":"pa_talla-zapato-37-it","21":"pa_talla-zapato-38-it","22":"pa_talla-zapato-39-it","23":"pa_talla-zapato-40-it","24":"pa_talla-zapato-41-it","25":"pa_talla-zapato-42-it","27":"first","28":"instock","29":"sale","30":"taxable","31":"shipping-taxable","32":"purchasable","33":"product-type-variable"},"_links":{"self":[{"href":"https:\/\/www.beatnikshoes.com\/it\/wp-json\/wp\/v2\/product\/71999","targetHints":{"allow":["GET"]}}],"collection":[{"href":"https:\/\/www.beatnikshoes.com\/it\/wp-json\/wp\/v2\/product"}],"about":[{"href":"https:\/\/www.beatnikshoes.com\/it\/wp-json\/wp\/v2\/types\/product"}],"replies":[{"embeddable":true,"href":"https:\/\/www.beatnikshoes.com\/it\/wp-json\/wp\/v2\/comments?post=71999"}],"wp:featuredmedia":[{"embeddable":true,"href":"https:\/\/www.beatnikshoes.com\/it\/wp-json\/wp\/v2\/media\/76949"}],"wp:attachment":[{"href":"https:\/\/www.beatnikshoes.com\/it\/wp-json\/wp\/v2\/media?parent=71999"}],"wp:term":[{"taxonomy":"product_brand","embeddable":true,"href":"https:\/\/www.beatnikshoes.com\/it\/wp-json\/wp\/v2\/product_brand?post=71999"},{"taxonomy":"product_cat","embeddable":true,"href":"https:\/\/www.beatnikshoes.com\/it\/wp-json\/wp\/v2\/product_cat?post=71999"},{"taxonomy":"product_tag","embeddable":true,"href":"https:\/\/www.beatnikshoes.com\/it\/wp-json\/wp\/v2\/product_tag?post=71999"},{"taxonomy":"woo-feed-brand","embeddable":true,"href":"https:\/\/www.beatnikshoes.com\/it\/wp-json\/wp\/v2\/woo-feed-brand?post=71999"}],"curies":[{"name":"wp","href":"https:\/\/api.w.org\/{rel}","templated":true}]}}