{"id":67425,"date":"2024-10-25T22:22:44","date_gmt":"2024-10-25T20:22:44","guid":{"rendered":"https:\/\/www.beatnikshoes.com\/?post_type=product&#038;p=67425"},"modified":"2025-08-23T21:25:50","modified_gmt":"2025-08-23T19:25:50","slug":"mocassini-in-pelle-da-donna-bordeaux-con-scivolo","status":"publish","type":"product","link":"https:\/\/www.beatnikshoes.com\/it\/scarpe-fatte-a-mano\/mocassini-in-pelle-da-donna-bordeaux-con-scivolo\/","title":{"rendered":"Mocassini da donna in pelle bordeaux con staffe Beatnik Nina Red"},"content":{"rendered":"<h2><strong>Nuovi mocassini in pelle bordeaux scuro per le donne di Beatnik Shoes<\/strong><\/h2>\n<p>Noi di <strong>Beatnik Shoes <\/strong>siamo orgogliosi di lanciare un nuovo modello che unisce tradizione, artigianalit\u00e0 e stile: i nostri <strong>mocassini da donna in pelle bordeaux con staffa<\/strong> in metallo argentato. Questi mocassini sono stati accuratamente progettati e realizzati a mano in Spagna, utilizzando materiali di prima qualit\u00e0 e una meticolosa attenzione ai dettagli per garantire non solo un look incredibilmente elegante, ma anche un comfort eccezionale a ogni passo. <\/p>\n<p>In questo articolo ti spiegheremo perch\u00e9 questi mocassini sono la scelta perfetta per ogni donna che cerca una scarpa versatile, elegante e resistente.<\/p>\n<p><strong>Eleganza senza tempo in un sofisticato colore bordeaux<\/strong><\/p>\n<p>Il <strong>colore bordeaux scuro<\/strong> \u00e8 una delle caratteristiche principali di questi mocassini. Questa tonalit\u00e0 profonda e ricca non solo aggiunge un tocco di raffinatezza, ma \u00e8 anche incredibilmente versatile. I <strong>mocassini bordeaux<\/strong> sono perfetti da abbinare a una grande variet\u00e0 di colori e stili. Dai toni del <strong>blu<\/strong>, del <strong>grigio<\/strong>, del <strong>cammello<\/strong> e del <strong>nero<\/strong>, agli abiti formali o ai jeans casual, queste scarpe aggiungeranno sempre una dose di eleganza al tuo ensemble.   <\/p>\n<p><strong>Ispirato ai classici mocassini italiani: design con staffe in metallo<\/strong><\/p>\n<p>Il design di questi mocassini si ispira ai <strong>classici mocassini italiani<\/strong>, noti per il loro stile raffinato e sobrio. Uno dei dettagli pi\u00f9 sorprendenti \u00e8 la <strong>staffa in metallo argentato<\/strong>, nota anche come morsetto, che adorna la parte superiore della tomaia. Questo dettaglio aggiunge un tocco molto particolare e conferisce alla <strong>forma classica del mocassino<\/strong> un tocco moderno senza perdere la sua essenza tradizionale.  <\/p>\n<p><strong>Fatto a mano in Spagna: la qualit\u00e0 che fa la differenza<\/strong><\/p>\n<p>I <strong>mocassini Beatnik Shoes<\/strong> sono <strong>realizzati a mano in Spagna<\/strong> da artigiani esperti, che garantiscono una qualit\u00e0 superiore in ogni paio. Il processo artigianale garantisce un&#8217;<strong>attenzione ai dettagli<\/strong> che non pu\u00f2 essere replicata nella produzione di massa, assicurando che ogni scarpa sia unica. <\/p>\n<p><strong>Fodera integrale e suola antiscivolo: comfort ad ogni passo<\/strong><\/p>\n<p>Uno dei punti di forza di questi <strong>mocassini a staffa da donna in pelle bordeaux<\/strong> \u00e8 la <strong>fodera in pelle integrale<\/strong>, che assicura una sensazione di assoluto comfort fin dal momento in cui li indossi. Questo tipo di fodera non solo offre un comfort impareggiabile, ma permette anche ai tuoi piedi di respirare meglio, evitando l&#8217;accumulo di umidit\u00e0 anche durante le lunghe giornate di utilizzo. <\/p>\n<p><strong>Una forma confortevole che si adatta al piede come un guanto<\/strong><\/p>\n<p>Il <strong>comfort della forma<\/strong> \u00e8 uno degli aspetti pi\u00f9 importanti di questi mocassini. Noi di Beatnik Shoes sappiamo che non \u00e8 importante solo che una scarpa sia bella, ma anche che sia comoda. La forma di questi mocassini \u00e8 stata progettata per offrire una calzata ampia e confortevole, quasi come se indossassi <strong>delle pantofole<\/strong>.  <\/p>\n<p><strong>Versatilit\u00e0: dall&#8217;ufficio allo stile casual<\/strong><\/p>\n<p>Questi <strong>mocassini a staffa da donna in pelle bordeaux<\/strong> non sono solo eleganti, ma anche incredibilmente versatili. Il loro <strong>design senza tempo<\/strong> li rende adatti a un&#8217;ampia variet\u00e0 di occasioni. Sono perfetti da abbinare a un <strong>completo<\/strong> per l&#8217;ufficio o per una riunione di lavoro, ma anche con <strong>jeans<\/strong> o <strong>chino<\/strong> per un look pi\u00f9 rilassato e casual.  <\/p>\n<p><strong>Durata: un investimento a lungo termine<\/strong><\/p>\n<p>Uno dei grandi vantaggi di questi mocassini \u00e8 la loro <strong>longevit\u00e0<\/strong>. La <strong>pelle pieno fiore<\/strong> di alta qualit\u00e0 e la <strong>suola cucita<\/strong> garantiscono che questi mocassini non siano solo belli e comodi, ma anche incredibilmente resistenti. Con la dovuta cura, questo paio di scarpe durer\u00e0 per anni, mantenendo intatta la sua bellezza e funzionalit\u00e0.  <\/p>\n<p>Quando investi nei mocassini Beatnik Shoes, stai acquistando molto pi\u00f9 di un semplice paio di scarpe. Stai investendo in una <strong>lavorazione artigianale <\/strong>di qualit\u00e0, un <strong>design senza tempo<\/strong> e calzature che faranno parte della tua vita per molto tempo. Questi mocassini sono fatti per resistere alla prova del tempo, sia in termini di stile che di durata.  <\/p>\n<p><strong>Perch\u00e9 scegliere i mocassini in pelle bordeaux scuro di Beatnik Shoes?<\/strong><\/p>\n<p>I <strong>mocassini con staffa in pelle bordeaux<\/strong> di Beatnik Shoes sono molto pi\u00f9 di semplici calzature. Sono un&#8217;affermazione di stile, un riflesso della tradizionale artigianalit\u00e0 spagnola e una testimonianza della nostra dedizione alla <strong>qualit\u00e0 e al comfort<\/strong>. Con il loro design ispirato ai classici mocassini italiani, la <strong>staffa in metallo<\/strong> e la <strong>calzata comoda<\/strong>, queste scarpe offrono tutto il necessario per sentirsi eleganti e comode in ogni occasione.  <\/p>\n<p>Che li abbini a un <strong>abito formale<\/strong> o li indossi con i <strong>jeans<\/strong> per un look pi\u00f9 casual, questi mocassini diventeranno rapidamente i tuoi preferiti. E grazie al loro <strong>design senza tempo<\/strong> e alla loro <strong>eccezionale resistenza<\/strong>, saprai di investire in un paio di scarpe che dureranno per anni a venire. <\/p>\n","protected":false},"excerpt":{"rendered":"<h2>Mocassini Bordeaux Nina, fatti a mano in Spagna<\/h2>\n<p>Materiale esterno: Pelle di grano<br \/>\nFodera: pelle di vacchetta viola<br \/>\nMateriale della suola: materiale antiscivolo cucito<br \/>\nChiusura: no<br \/>\nTipo di tacco: basso<\/p>\n","protected":false},"featured_media":76154,"comment_status":"open","ping_status":"closed","template":"","meta":[],"product_brand":[],"product_cat":[9050,9026],"product_tag":[11457,11456,11454,11451,11452,11453,11455,11460,11459,11458],"woo-feed-brand":[],"class_list":{"0":"post-67425","1":"product","2":"type-product","3":"status-publish","4":"has-post-thumbnail","6":"product_cat-mocassini","7":"product_cat-scarpe-da-donna","8":"product_tag-mocassini-da-donna-bordeaux-con-staffe","9":"product_tag-mocassini-da-donna-bordeaux-in-stile-italiano","10":"product_tag-mocassini-da-donna-in-pelle-bordeaux-it-2","11":"product_tag-mocassini-da-donna-in-pelle-bordeaux","12":"product_tag-mocassini-da-donna-in-pelle-bordeaux-it","13":"product_tag-mocassini-fatti-a-mano-in-pelle-bordeaux","14":"product_tag-mocassini-in-pelle-bordeaux-con-morsetto","15":"product_tag-pantofole-con-morsetto-rosso-da-donna","16":"product_tag-pantofole-da-donna-in-pelle-bordeaux-con-staffe","17":"product_tag-pantofole-rosse-da-donna-con-staffa","18":"pa_talla-zapato-35-it","19":"pa_talla-zapato-36-it","20":"pa_talla-zapato-37-it","21":"pa_talla-zapato-38-it","22":"pa_talla-zapato-39-it","23":"pa_talla-zapato-40-it","24":"pa_talla-zapato-41-it","26":"first","27":"instock","28":"sale","29":"taxable","30":"shipping-taxable","31":"purchasable","32":"product-type-variable"},"_links":{"self":[{"href":"https:\/\/www.beatnikshoes.com\/it\/wp-json\/wp\/v2\/product\/67425","targetHints":{"allow":["GET"]}}],"collection":[{"href":"https:\/\/www.beatnikshoes.com\/it\/wp-json\/wp\/v2\/product"}],"about":[{"href":"https:\/\/www.beatnikshoes.com\/it\/wp-json\/wp\/v2\/types\/product"}],"replies":[{"embeddable":true,"href":"https:\/\/www.beatnikshoes.com\/it\/wp-json\/wp\/v2\/comments?post=67425"}],"wp:featuredmedia":[{"embeddable":true,"href":"https:\/\/www.beatnikshoes.com\/it\/wp-json\/wp\/v2\/media\/76154"}],"wp:attachment":[{"href":"https:\/\/www.beatnikshoes.com\/it\/wp-json\/wp\/v2\/media?parent=67425"}],"wp:term":[{"taxonomy":"product_brand","embeddable":true,"href":"https:\/\/www.beatnikshoes.com\/it\/wp-json\/wp\/v2\/product_brand?post=67425"},{"taxonomy":"product_cat","embeddable":true,"href":"https:\/\/www.beatnikshoes.com\/it\/wp-json\/wp\/v2\/product_cat?post=67425"},{"taxonomy":"product_tag","embeddable":true,"href":"https:\/\/www.beatnikshoes.com\/it\/wp-json\/wp\/v2\/product_tag?post=67425"},{"taxonomy":"woo-feed-brand","embeddable":true,"href":"https:\/\/www.beatnikshoes.com\/it\/wp-json\/wp\/v2\/woo-feed-brand?post=67425"}],"curies":[{"name":"wp","href":"https:\/\/api.w.org\/{rel}","templated":true}]}}