{"id":67385,"date":"2024-10-25T22:24:14","date_gmt":"2024-10-25T20:24:14","guid":{"rendered":"https:\/\/www.beatnikshoes.com\/?post_type=product&#038;p=67385"},"modified":"2025-08-22T21:42:33","modified_gmt":"2025-08-22T19:42:33","slug":"mocassini-da-donna-nero-pelle-con-beatnik-nina-nero","status":"publish","type":"product","link":"https:\/\/www.beatnikshoes.com\/it\/scarpe-fatte-a-mano\/mocassini-da-donna-nero-pelle-con-beatnik-nina-nero\/","title":{"rendered":"Mocassini donna in pelle nera con staffe Beatnik Nina Black"},"content":{"rendered":"<div>\n<h2><b>I nuovi mocassini in pelle nera da donna di Beatnik Shoes: artigianalit\u00e0, eleganza e comfort in ogni passo.<\/b><\/h2>\n<\/div>\n<div>\n<p>Noi di <b>Beatnik Shoes<\/b> siamo orgogliosi di presentare i nostri nuovi <b>mocassini da donna in pelle nera con staffa<\/b>, un pezzo che fonde lo stile classico con il comfort moderno. Realizzati a mano in Spagna con tecniche di calzoleria tradizionali, questi mocassini sono un tributo alla qualit\u00e0 artigianale e combinano eleganza, versatilit\u00e0 e durata. <\/p>\n<\/div>\n<div>\n<p><b>Eleganza senza tempo in nero<\/b><\/p>\n<\/div>\n<div>\n<p>Il <b>nero<\/b> \u00e8 un classico senza tempo che non passa mai di moda. Questi mocassini in pelle nera sono la definizione di versatilit\u00e0: si abbinano perfettamente a un&#8217;ampia gamma di colori e stili. Che tu li indossi con un <b>abito formale per l&#8217;ufficio<\/b> o con <b>jeans o chino<\/b> per un look pi\u00f9 rilassato, questi mocassini avranno sempre un aspetto elegante e sofisticato.  <\/p>\n<\/div>\n<div>\n<p>Il nero \u00e8 un colore che trasmette autorit\u00e0, stile e professionalit\u00e0, il che lo rende una scelta eccellente sia per le occasioni quotidiane che per quelle speciali.<\/p>\n<\/div>\n<div>\n<p><b>Ispirato ai classici mocassini italiani: un tocco moderno con staffe in metallo<\/b><\/p>\n<\/div>\n<div>\n<p>Il design di questi mocassini si ispira ai <b>classici mocassini italiani<\/b>, noti per il loro design raffinato e sofisticato. Uno dei dettagli che contraddistingue questa scarpa \u00e8 la <b>staffa metallica argentata<\/b> che adorna la parte superiore della tomaia, nota anche come <b>morsetto<\/b>. Questo elemento aggiunge un tocco distintivo e moderno al classico design del mocassino, rendendolo un pezzo senza tempo che non passer\u00e0 inosservato.  <\/p>\n<\/div>\n<div>\n<p><b>Realizzato a mano in Spagna: qualit\u00e0 in ogni dettaglio<\/b><\/p>\n<\/div>\n<div>\n<p>Per noi di <b>Beatnik Shoes<\/b> la qualit\u00e0 \u00e8 la nostra priorit\u00e0 e questo si riflette in ogni paio di mocassini che creiamo. Questi <b>mocassini da donna in pelle nera con staffa<\/b> sono stati accuratamente <b>realizzati a mano in Spagna<\/b>, utilizzando tecniche tradizionali che garantiscono una finitura di alta qualit\u00e0. Ogni paio \u00e8 un esempio dell&#8217;arte calzaturiera artigianale, dove ogni dettaglio, dalla selezione della pelle alla cucitura della suola, \u00e8 curato al massimo.  <\/p>\n<\/div>\n<div>\n<p>Le scarpe <b>fatte a mano<\/b> sono sinonimo di durata e questi mocassini non fanno eccezione. Il processo artigianale garantisce che ogni scarpa sia unica, con un&#8217;attenzione particolare alle rifiniture, per un prodotto finale resistente ed esteticamente impeccabile. <\/p>\n<\/div>\n<div>\n<p><b>Comfort superiore: forma che abbraccia il piede<\/b><\/p>\n<\/div>\n<div>\n<p>Noi di <b>Beatnik Shoes<\/b> sappiamo che il <b>comfort<\/b> \u00e8 fondamentale quando si tratta di calzature, per questo abbiamo progettato una <b>forma che<\/b>si adatta alla forma naturale del piede. La forma \u00e8 ampia e progettata per <b>abbracciare il piede come una ciabatta<\/b>, assicurando una calzata confortevole e naturale fin dal primo utilizzo. <\/p>\n<\/div>\n<div>\n<p><b>Versatilit\u00e0: dal lavoro al casual<\/b><\/p>\n<\/div>\n<div>\n<p>Uno dei maggiori vantaggi di questi <b>mocassini con staffa in pelle nera da donna<\/b> \u00e8 la loro <b>versatilit\u00e0<\/b>. Sono perfetti per un&#8217;ampia variet\u00e0 di occasioni e stili, dall&#8217;ambiente formale dell&#8217;ufficio a un <b>look casual<\/b> per una serata con gli amici. Il loro design classico con il tocco moderno della staffa metallica li rende adatti a tutti i tipi di outfit, sia con un <b>completo<\/b> che con <b>jeans<\/b> e <b>chino<\/b>.  <\/p>\n<\/div>\n<div>\n<p><b>Nero: un colore classico che si abbina a tutto<\/b><\/p>\n<\/div>\n<div>\n<p><b>Il nero<\/b> \u00e8 una scelta classica e senza tempo nel mondo delle calzature e questi mocassini non fanno eccezione. La versatilit\u00e0 del nero fa s\u00ec che queste scarpe possano essere facilmente abbinate a un&#8217;ampia gamma di colori e stili. Dalle <b>tonalit\u00e0 del blu<\/b>, del <b>grigio<\/b>, del <b>nero<\/b> e del <b>cammello<\/b> fino alle combinazioni pi\u00f9 audaci, i mocassini neri sono la scarpa perfetta per ogni situazione.  <\/p>\n<\/div>\n<div>\n<p><b>Lunga durata: un investimento intelligente<\/b><\/p>\n<\/div>\n<div>\n<p>Quando acquisti un paio di mocassini da <b>Beatnik Shoes<\/b>, non solo ottieni un paio di scarpe eleganti e comode, ma anche una calzatura <b>molto resistente<\/b>. Grazie alla <b>pelle di vitello<\/b> di alta qualit\u00e0, alla <b>suola cucita<\/b> e alla <b>lavorazione artigianale<\/b>, questi mocassini sono progettati per resistere alla prova del tempo. <\/p>\n<\/div>\n<div>\n<p><b>Perch\u00e9 scegliere i mocassini in pelle nera di Beatnik Shoes?<\/b><\/p>\n<\/div>\n<div>\n<p>I nuovi <b>mocassini da donna in pelle nera<\/b> di Beatnik Shoes sono la combinazione perfetta di <b>eleganza<\/b>, <b>comfort<\/b> e <b>durata<\/b>. Il design <b>di ispirazione italiana<\/b>, i dettagli <b>metallici a staffa<\/b> e la <b>pelle pieno fiore<\/b> di qualit\u00e0 ne fanno un must-have per ogni guardaroba. <\/p>\n<\/div>\n<div>\n<p>Che tu li indossi con un abito formale o con un look casual, questi mocassini daranno un tocco di classe al tuo stile. Inoltre, il <b>comfort<\/b> superiore e la <b>suola antiscivolo<\/b> li rendono perfetti per ogni occasione e ogni tempo. <\/p>\n<\/div>\n","protected":false},"excerpt":{"rendered":"<h2>Nina Beatnik, fatta a mano in Spagna<\/h2>\n<p>Materiale esterno: Pelle di grano<br \/>\nFodera: pelle di vacchetta viola<br \/>\nMateriale della suola: materiale antiscivolo cucito<br \/>\nChiusura: no<br \/>\nTipo di tacco: basso<\/p>\n","protected":false},"featured_media":69936,"comment_status":"open","ping_status":"closed","template":"","meta":[],"product_brand":[],"product_cat":[9050,9026],"product_tag":[11405,11400,11399,11409,11406,11404,11402,11401,11403,11407,11408],"woo-feed-brand":[],"class_list":{"0":"post-67385","1":"product","2":"type-product","3":"status-publish","4":"has-post-thumbnail","6":"product_cat-mocassini","7":"product_cat-scarpe-da-donna","8":"product_tag-mocassini-da-donna-con-decorazioni-in-argento","9":"product_tag-mocassini-da-donna-in-pelle","10":"product_tag-mocassini-da-donna-in-pelle-nera","11":"product_tag-mocassini-da-donna-in-pelle-nera-con-morsetto","12":"product_tag-mocassini-da-donna-neri-con-staffe","13":"product_tag-mocassini-in-pelle-nera-con-finiture-in-argento-metallizzato","14":"product_tag-mocassini-in-pelle-nera-con-finiture-metalliche","15":"product_tag-mocassini-in-pelle-nera-con-staffe","16":"product_tag-mocassini-neri-da-donna-con-staffe","17":"product_tag-pantofole-da-donna-in-pelle-con-staffe","18":"product_tag-pantofole-nere-da-donna-in-pelle-con-morsetto","19":"pa_talla-zapato-35-it","20":"pa_talla-zapato-36-it","21":"pa_talla-zapato-37-it","22":"pa_talla-zapato-38-it","23":"pa_talla-zapato-39-it","24":"pa_talla-zapato-40-it","25":"pa_talla-zapato-41-it","27":"first","28":"instock","29":"sale","30":"taxable","31":"shipping-taxable","32":"purchasable","33":"product-type-variable"},"_links":{"self":[{"href":"https:\/\/www.beatnikshoes.com\/it\/wp-json\/wp\/v2\/product\/67385","targetHints":{"allow":["GET"]}}],"collection":[{"href":"https:\/\/www.beatnikshoes.com\/it\/wp-json\/wp\/v2\/product"}],"about":[{"href":"https:\/\/www.beatnikshoes.com\/it\/wp-json\/wp\/v2\/types\/product"}],"replies":[{"embeddable":true,"href":"https:\/\/www.beatnikshoes.com\/it\/wp-json\/wp\/v2\/comments?post=67385"}],"wp:featuredmedia":[{"embeddable":true,"href":"https:\/\/www.beatnikshoes.com\/it\/wp-json\/wp\/v2\/media\/69936"}],"wp:attachment":[{"href":"https:\/\/www.beatnikshoes.com\/it\/wp-json\/wp\/v2\/media?parent=67385"}],"wp:term":[{"taxonomy":"product_brand","embeddable":true,"href":"https:\/\/www.beatnikshoes.com\/it\/wp-json\/wp\/v2\/product_brand?post=67385"},{"taxonomy":"product_cat","embeddable":true,"href":"https:\/\/www.beatnikshoes.com\/it\/wp-json\/wp\/v2\/product_cat?post=67385"},{"taxonomy":"product_tag","embeddable":true,"href":"https:\/\/www.beatnikshoes.com\/it\/wp-json\/wp\/v2\/product_tag?post=67385"},{"taxonomy":"woo-feed-brand","embeddable":true,"href":"https:\/\/www.beatnikshoes.com\/it\/wp-json\/wp\/v2\/woo-feed-brand?post=67385"}],"curies":[{"name":"wp","href":"https:\/\/api.w.org\/{rel}","templated":true}]}}