{"id":67343,"date":"2024-10-25T22:25:49","date_gmt":"2024-10-25T20:25:49","guid":{"rendered":"https:\/\/www.beatnikshoes.com\/?post_type=product&#038;p=67343"},"modified":"2025-10-25T13:36:55","modified_gmt":"2025-10-25T11:36:55","slug":"mocassini-con-stirpe-in-pelle-burocratica-per-uomo","status":"publish","type":"product","link":"https:\/\/www.beatnikshoes.com\/it\/scarpe-fatte-a-mano\/mocassini-con-stirpe-in-pelle-burocratica-per-uomo\/","title":{"rendered":"Mocassini con staffa in pelle bordeaux da uomo Beatnik Snyder"},"content":{"rendered":"<h2><strong>Nuovi mocassini da uomo in pelle bordeaux scuro, fatti a mano in Spagna da Beatnik<\/strong><\/h2>\n<p>Noi di Beatnik Shoes siamo entusiasti di annunciare il lancio della nostra ultima creazione: i <strong>mocassini a staffa da uomo in pelle bordeaux<\/strong>. Si tratta di un design elegante e senza tempo, realizzato a mano in Spagna, pensato per chi \u00e8 alla ricerca di calzature di alta qualit\u00e0 che uniscano stile e comfort. Questi mocassini sono caratterizzati da morbidezza, resistenza e versatilit\u00e0, perfetti per ogni occasione, dall&#8217;ufficio agli eventi pi\u00f9 casual.  <\/p>\n<p><strong>Mocassini a staffa da uomo in pelle bordeaux &#8211; una scelta sofisticata e versatile<\/strong><\/p>\n<p>Il <strong>colore bordeaux scuro<\/strong> di questi mocassini \u00e8 uno dei loro principali tratti distintivi. Questa tonalit\u00e0 aggiunge un tocco di raffinatezza ed \u00e8 incredibilmente versatile. Si abbina perfettamente a un&#8217;ampia gamma di colori e capi, rendendoli una scelta ideale sia per <strong>abiti formali<\/strong> che per <strong>look pi\u00f9 casual<\/strong>.  <\/p>\n<p>Immagina come risalterebbero con un abito nei toni del blu, del grigio o del nero, o anche con jeans o pantaloni chino per un look pi\u00f9 rilassato ma altrettanto elegante. Questo colore senza tempo aggiunge personalit\u00e0 al tuo outfit senza essere eccessivo, rendendoli i compagni ideali per ogni occasione. <\/p>\n<p><strong>Design classico ispirato ai mocassini italiani<\/strong><\/p>\n<p>Il design di questi mocassini si ispira ai <strong>classici mocassini italiani<\/strong>, famosi per il loro stile raffinato e l&#8217;eleganza senza tempo. La parte superiore della tomaia presenta una <strong>staffa color argento metallizzato<\/strong> che aggiunge un tocco distinto e moderno, pur mantenendo l&#8217;essenza dei modelli classici. <\/p>\n<p><strong>Realizzato a mano in Spagna: qualit\u00e0 in ogni dettaglio<\/strong><\/p>\n<p>La <strong>lavorazione artigianale<\/strong> \u00e8 un segno distintivo di Beatnik Shoes. Questi mocassini sono stati accuratamente realizzati a mano in Spagna da abili artigiani, garantendo un prodotto di qualit\u00e0 superiore. <\/p>\n<p>L&#8217;utilizzo di <strong>pregiata pelle pieno fiore<\/strong> garantisce un&#8217;eccezionale morbidezza e una lunga durata. Questo tipo di pelle \u00e8 noto per la sua flessibilit\u00e0 e resistenza, il che significa che i tuoi mocassini si adatteranno alla forma del tuo piede con l&#8217;uso, migliorando comfort e aspetto nel tempo. <\/p>\n<p><strong>Comfort garantito: vestibilit\u00e0 perfetta e pelle morbida<\/strong><\/p>\n<p>Noi di Beatnik Shoes sappiamo che il <strong>comfort<\/strong> \u00e8 importante quanto l&#8217;estetica e questi mocassini non fanno eccezione. Uno dei loro punti di forza \u00e8 la <strong>comodit\u00e0 della forma<\/strong>, che \u00e8 stata progettata per adattarsi naturalmente al piede maschile. Questo garantisce una calzata confortevole fin dal primo utilizzo, evitando i tipici e scomodi periodi di rodaggio che altre scarpe possono richiedere.  <\/p>\n<p><strong>Suola antiscivolo &#8211; perfetta per la pioggia e il freddo<\/strong><\/p>\n<p>Una delle caratteristiche pi\u00f9 innovative di questi mocassini \u00e8 la <strong>suola antiscivolo<\/strong>, appositamente progettata per resistere a pioggia e freddo. Se vivi in \u200b\u200buna zona dove il tempo pu\u00f2 essere imprevedibile, questi mocassini sono l&#8217;ideale per te. <\/p>\n<p>Inoltre, la <strong>suola \u00e8 cucita<\/strong>, garantendo maggiore durata e resistenza all&#8217;usura. Questa tecnica di fabbricazione rinforza la struttura della scarpa, garantendone il mantenimento della forma e della funzionalit\u00e0 a lungo, anche con un uso frequente. <\/p>\n<p><strong>Una scarpa per ogni occasione: formale e casual<\/strong><\/p>\n<p>Se c&#8217;\u00e8 una cosa che caratterizza questi <strong>mocassini a staffa da uomo in pelle bordeaux<\/strong> \u00e8 la loro <strong>versatilit\u00e0<\/strong>. Si adattano perfettamente sia agli eventi formali che alle situazioni pi\u00f9 casual. Il loro design elegante e classico li rende una scelta eccellente per i <strong>completi<\/strong> in ufficio o per le riunioni di lavoro, ma sono perfetti anche con i <strong>jeans o i chino<\/strong>, creando un look pi\u00f9 rilassato senza perdere lo stile.  <\/p>\n<p><strong>Durata eccezionale: un investimento a lungo termine<\/strong><\/p>\n<p>Un altro grande vantaggio di questi mocassini \u00e8 la loro <strong>durevolezza<\/strong>. Grazie alla <strong>pelle pieno fiore<\/strong> di alta qualit\u00e0 e alla loro lavorazione artigianale, queste scarpe sono progettate per resistere alla prova del tempo senza perdere forma o stile. La pelle, con la dovuta cura, rimarr\u00e0 morbida ed elastica, mentre la <strong>suola cucita<\/strong> garantisce che i mocassini possano resistere all&#8217;uso quotidiano senza problemi.  <\/p>\n<p>Quando investi in un paio di mocassini Beatnik Shoes, non acquisti solo delle calzature comode ed eleganti, ma anche un paio che durer\u00e0 per anni, mantenendo la sua bellezza e funzionalit\u00e0 nel tempo.<\/p>\n<p><strong>Perch\u00e9 scegliere i mocassini in pelle bordeaux scuro di Beatnik Shoes?<\/strong><\/p>\n<p>I nuovi <strong>mocassini a staffa da uomo in pelle bordeaux<\/strong> di Beatnik Shoes sono l&#8217;accessorio perfetto per ogni uomo alla ricerca di <strong>calzature di qualit\u00e0<\/strong> con un <strong>design senza tempo che<\/strong> offra anche <strong>comfort e durata<\/strong>. Il <strong>colore bordeaux<\/strong> \u00e8 versatile e pu\u00f2 essere facilmente abbinato a un&#8217;ampia gamma di outfit, rendendoli un must-have per ogni guardaroba. <\/p>\n","protected":false},"excerpt":{"rendered":"<h2>Mocassini da uomo in pelle bordeaux fatti a mano in Spagna<\/h2>\n<p>Materiale esterno: Pelle di grano<br \/>\nFodera: pelle di vacchetta viola<br \/>\nMateriale della suola: materiale antiscivolo cucito<br \/>\nChiusura: no<br \/>\nTipo di tacco: basso<\/p>\n","protected":false},"featured_media":69569,"comment_status":"open","ping_status":"closed","template":"","meta":[],"product_brand":[],"product_cat":[9365,9158],"product_tag":[11352,11355,11358,11353,11354,11357,11356],"woo-feed-brand":[],"class_list":{"0":"post-67343","1":"product","2":"type-product","3":"status-publish","4":"has-post-thumbnail","6":"product_cat-mocassini-it","7":"product_cat-scarpe-da-uomo","8":"product_tag-mocassini-da-uomo-bordeaux","9":"product_tag-mocassini-da-uomo-bordeaux-con-staffe-in-metallo","10":"product_tag-mocassini-da-uomo-con-morsetto-in-pelle-bordeaux","11":"product_tag-mocassini-da-uomo-in-pelle-bordeaux","12":"product_tag-mocassini-da-uomo-in-pelle-bordeaux-con-applicazioni-metalliche","13":"product_tag-mocassini-da-uomo-in-pelle-bordeaux-con-ornamento-a-staffa-metallica","14":"product_tag-mocassini-da-uomo-in-pelle-bordeaux-con-staffe-dargento","15":"pa_talla-zapato-39-it","16":"pa_talla-zapato-40-it","17":"pa_talla-zapato-41-it","18":"pa_talla-zapato-42-it","19":"pa_talla-zapato-43-it","20":"pa_talla-zapato-44-it","21":"pa_talla-zapato-45-it","22":"pa_talla-zapato-46-it","24":"first","25":"instock","26":"sale","27":"taxable","28":"shipping-taxable","29":"purchasable","30":"product-type-variable"},"_links":{"self":[{"href":"https:\/\/www.beatnikshoes.com\/it\/wp-json\/wp\/v2\/product\/67343","targetHints":{"allow":["GET"]}}],"collection":[{"href":"https:\/\/www.beatnikshoes.com\/it\/wp-json\/wp\/v2\/product"}],"about":[{"href":"https:\/\/www.beatnikshoes.com\/it\/wp-json\/wp\/v2\/types\/product"}],"replies":[{"embeddable":true,"href":"https:\/\/www.beatnikshoes.com\/it\/wp-json\/wp\/v2\/comments?post=67343"}],"wp:featuredmedia":[{"embeddable":true,"href":"https:\/\/www.beatnikshoes.com\/it\/wp-json\/wp\/v2\/media\/69569"}],"wp:attachment":[{"href":"https:\/\/www.beatnikshoes.com\/it\/wp-json\/wp\/v2\/media?parent=67343"}],"wp:term":[{"taxonomy":"product_brand","embeddable":true,"href":"https:\/\/www.beatnikshoes.com\/it\/wp-json\/wp\/v2\/product_brand?post=67343"},{"taxonomy":"product_cat","embeddable":true,"href":"https:\/\/www.beatnikshoes.com\/it\/wp-json\/wp\/v2\/product_cat?post=67343"},{"taxonomy":"product_tag","embeddable":true,"href":"https:\/\/www.beatnikshoes.com\/it\/wp-json\/wp\/v2\/product_tag?post=67343"},{"taxonomy":"woo-feed-brand","embeddable":true,"href":"https:\/\/www.beatnikshoes.com\/it\/wp-json\/wp\/v2\/woo-feed-brand?post=67343"}],"curies":[{"name":"wp","href":"https:\/\/api.w.org\/{rel}","templated":true}]}}