{"id":65664,"date":"2024-05-31T11:41:56","date_gmt":"2024-05-31T09:41:56","guid":{"rendered":"https:\/\/www.beatnikshoes.com\/?post_type=product&#038;p=65664"},"modified":"2025-09-18T10:07:45","modified_gmt":"2025-09-18T08:07:45","slug":"scarpa-mary-jane-blue-donna-martha-blue","status":"publish","type":"product","link":"https:\/\/www.beatnikshoes.com\/it\/scarpe-fatte-a-mano\/scarpa-mary-jane-blue-donna-martha-blue\/","title":{"rendered":"Scarpa Mary Jane Martha Blu Donna"},"content":{"rendered":"<h3>SCARPA DA DONNA MARY JANE BLU BEATNIK MARTHA BLU<\/h3>\n<p>Uno dei tuoi modelli Beatnik preferiti \u00e8 la <strong>mary jane<\/strong>. Quest&#8217;anno siamo orgogliosi di presentare il nostro nuovo modello <strong>Martha Blue<\/strong> in blu cobalto per le donne. Questa <strong>scarpa mary jane da donna<\/strong> \u00e8 la scelta perfetta per chi cerca un equilibrio tra stile e comfort.<\/p>\n<p>Questa scarpa, realizzata in boscalf di alta qualit\u00e0, condivide la forma classica che abbiamo utilizzato in tutti i nostri modelli di fiducia. Una forma collaudata che garantisce un comfort ineguagliabile e che ha attraversato i cinque continenti.<\/p>\n<p>La <strong>Martha Blue<\/strong> \u00e8 un modello classico che, grazie al suo design, diventa una <strong>scarpa espadrillas<\/strong> da donna elegante e distinta. Con una suola in pelle combinata con iniezione spai, offre un comfort eccezionale e una durata impareggiabile. La suola in vera pelle garantisce una lunga durata, mentre l&#8217;interno \u00e8 foderato in morbida pelle per il massimo comfort.<\/p>\n<p>Questa <strong>scarpa mary jane blu<\/strong> non \u00e8 solo una meraviglia visiva, ma \u00e8 anche incredibilmente comoda grazie ai materiali di alta qualit\u00e0 utilizzati per la sua costruzione. Il cinturino alla caviglia, decorato con graziosi pois, non solo aggiunge un tocco di allegria e divertimento, ma assicura anche una calzata perfetta e sicura.<\/p>\n<p>Come tutti i nostri modelli, la pelle utilizzata per la <strong>Martha Blue<\/strong> \u00e8 la pi\u00f9 morbida ed elastica del mercato e aggiunge un tocco di comfort in pi\u00f9 al design. La tonalit\u00e0 blu cobalto \u00e8 perfetta per essere abbinata a una variet\u00e0 di colori, dai neutri ai toni pi\u00f9 vivaci, rendendo questa scarpa un modello versatile per ogni occasione.<\/p>\n<p>Il design <strong>Martha Blue<\/strong> con punta brogue aggiunge un tocco di classica raffinatezza. Questo dettaglio decorativo, che \u00e8 un segno distintivo delle <strong>scarpe brogue<\/strong>, conferisce alla scarpa un elemento di tradizione e di stile senza tempo. La combinazione di questo design classico con il vibrante colore blu cobalto crea un affascinante contrasto che attira l&#8217;attenzione.<\/p>\n<p>Il modello <strong>Martha Blue<\/strong> non \u00e8 solo perfetto per le occasioni speciali, ma pu\u00f2 anche essere un&#8217;ottima scelta per l&#8217;abbigliamento quotidiano. Il suo comfort e il suo stile lo rendono ideale sia per eventi formali che per situazioni pi\u00f9 casual. Immagina di indossare queste <strong>mary jane<\/strong> con un abito elegante per una cena speciale, o con jeans e camicetta per un&#8217;uscita informale con gli amici. La versatilit\u00e0 di questa scarpa ti permetter\u00e0 di essere impeccabile in ogni occasione.<\/p>\n<h3>UNA SCARPA CLASSICA ED ELEGANTE PER TUTTE LE OCCASIONI<\/h3>\n<p>Per tutti questi motivi, la <strong>Martha Blue<\/strong> \u00e8 l&#8217;aggiunta perfetta al tuo guardaroba. Questo modello pu\u00f2 essere perfettamente abbinato a pantaloni formali, gonne eleganti o anche a un abito casual, aggiungendo un tocco di stile e distinzione a qualsiasi outfit.<\/p>\n<p>Abbinata a jeans di qualsiasi colore o a una gonna lunga, la <strong>Martha Blue<\/strong> aggiunge un tocco di eleganza senza perdere nulla del suo comfort e del suo stile classico.<\/p>\n<p>Inoltre, il <strong>Martha Blue<\/strong> \u00e8 ideale per l&#8217;ambiente di lavoro. Il suo design classico e sofisticato, unito all&#8217;eccezionale comfort della suola in cuoio e dell&#8217;iniezione spai, la rendono perfetta per le lunghe giornate di lavoro. Il braccialetto a pois aggiunge un tocco di personalit\u00e0 e originalit\u00e0, permettendoti di distinguerti con stile a qualsiasi riunione o evento aziendale.<\/p>\n<p>L&#8217;attenzione ai dettagli di ogni paio di <strong>Martha Blue<\/strong> \u00e8 evidente. Dalla scelta dei materiali alla finitura finale, ogni scarpa \u00e8 un&#8217;opera d&#8217;arte che riflette la dedizione e l&#8217;impegno di <strong>Beatnik Shoes<\/strong> per la qualit\u00e0 e lo stile. Questo modello non solo testimonia la nostra tradizione di eccellenza, ma anche la nostra capacit\u00e0 di innovare e offrire prodotti che soddisfano le esigenze e le preferenze dei nostri clienti.<\/p>\n<p>Non perdere l&#8217;occasione di indossare queste classiche <strong>Martha Blue<\/strong> di <strong>Beatnik Shoes<\/strong>. Ordina oggi stesso e porta il tuo stile a un livello superiore. Ti aspettiamo!<\/p>\n<p>Scopri l&#8217;eleganza e il comfort al massimo con le nostre <strong>mary jane blu<\/strong>, <strong>Martha Blue<\/strong>. Questa scarpa non solo ti permetter\u00e0 di camminare in modo comodo e sicuro, ma ti far\u00e0 anche sentire sicuro ed elegante a ogni passo che farai. Non aspettare oltre per aggiungere questo fantastico modello alla tua collezione di calzature. Con <strong>Martha Blue<\/strong>, ogni giorno sar\u00e0 un&#8217;opportunit\u00e0 per brillare e distinguersi con stile.<\/p>\n","protected":false},"excerpt":{"rendered":"<h2>Scarpe mary jane blu fatte a mano<\/h2>\n<p>Materiale esterno: pelle di vitello blu cobalto<br \/>\nFodera: pelle di vitello<br \/>\nMateriale della suola: pelle cucita pi\u00f9 uno strato di materiale antiscivolo<br \/>\nChiusura: fibbie<br \/>\nTipo di tacco: basso<\/p>\n","protected":false},"featured_media":70251,"comment_status":"open","ping_status":"closed","template":"","meta":[],"product_brand":[],"product_cat":[9260,9026],"product_tag":[11266,11267,11268,11269],"woo-feed-brand":[],"class_list":{"0":"post-65664","1":"product","2":"type-product","3":"status-publish","4":"has-post-thumbnail","6":"product_cat-scarpa-con-fibbie","7":"product_cat-scarpe-da-donna","8":"product_tag-martha-blue-it","9":"product_tag-mary-jane-donna-blu","10":"product_tag-scarpa-da-donna-con-fibbia-blu","11":"product_tag-scarpe-da-donna-con-tacco-basso-blu","12":"pa_talla-zapato-35-it","13":"pa_talla-zapato-36-it","14":"pa_talla-zapato-37-it","15":"pa_talla-zapato-38-it","16":"pa_talla-zapato-39-it","17":"pa_talla-zapato-40-it","18":"pa_talla-zapato-41-it","19":"pa_talla-zapato-42-it","21":"first","22":"instock","23":"sale","24":"taxable","25":"shipping-taxable","26":"purchasable","27":"product-type-variable"},"_links":{"self":[{"href":"https:\/\/www.beatnikshoes.com\/it\/wp-json\/wp\/v2\/product\/65664","targetHints":{"allow":["GET"]}}],"collection":[{"href":"https:\/\/www.beatnikshoes.com\/it\/wp-json\/wp\/v2\/product"}],"about":[{"href":"https:\/\/www.beatnikshoes.com\/it\/wp-json\/wp\/v2\/types\/product"}],"replies":[{"embeddable":true,"href":"https:\/\/www.beatnikshoes.com\/it\/wp-json\/wp\/v2\/comments?post=65664"}],"wp:featuredmedia":[{"embeddable":true,"href":"https:\/\/www.beatnikshoes.com\/it\/wp-json\/wp\/v2\/media\/70251"}],"wp:attachment":[{"href":"https:\/\/www.beatnikshoes.com\/it\/wp-json\/wp\/v2\/media?parent=65664"}],"wp:term":[{"taxonomy":"product_brand","embeddable":true,"href":"https:\/\/www.beatnikshoes.com\/it\/wp-json\/wp\/v2\/product_brand?post=65664"},{"taxonomy":"product_cat","embeddable":true,"href":"https:\/\/www.beatnikshoes.com\/it\/wp-json\/wp\/v2\/product_cat?post=65664"},{"taxonomy":"product_tag","embeddable":true,"href":"https:\/\/www.beatnikshoes.com\/it\/wp-json\/wp\/v2\/product_tag?post=65664"},{"taxonomy":"woo-feed-brand","embeddable":true,"href":"https:\/\/www.beatnikshoes.com\/it\/wp-json\/wp\/v2\/woo-feed-brand?post=65664"}],"curies":[{"name":"wp","href":"https:\/\/api.w.org\/{rel}","templated":true}]}}