{"id":65510,"date":"2024-05-28T12:56:24","date_gmt":"2024-05-28T10:56:24","guid":{"rendered":"https:\/\/www.beatnikshoes.com\/?post_type=product&#038;p=65510"},"modified":"2025-06-19T22:44:03","modified_gmt":"2025-06-19T20:44:03","slug":"red-jane-rouge-salon-shoe","status":"publish","type":"product","link":"https:\/\/www.beatnikshoes.com\/it\/scarpe-fatte-a-mano\/red-jane-rouge-salon-shoe\/","title":{"rendered":"D\u00e9collet\u00e9 rosse Jane Rouge"},"content":{"rendered":"<h2>Scopri l&#8217;eleganza appassionata con la nostra scarpa con tacco Jane Rouge<\/h2>\n<p>Noi di <strong>Beatnik Shoes<\/strong> siamo lieti di presentare l&#8217;ultima e pi\u00f9 audace novit\u00e0 della nostra collezione: la Jane Rouge. Questa splendida d\u00e9collet\u00e9 <strong>rossa<\/strong> \u00e8 stata progettata con cura per infondere passione e stile a ogni tuo passo.<\/p>\n<h3>Eleganza classica con un tocco di audacia<\/h3>\n<p>La nostra Jane Rouge \u00e8 la fusione perfetta tra eleganza classica e stile contemporaneo. Il design a tacco basso, con tomaia monopezzo e tacco basso, offre un look sofisticato ma audace che far\u00e0 sicuramente girare la testa. L&#8217;intensit\u00e0 del colore rosso aggiunge un tocco di drammaticit\u00e0, rendendolo l&#8217;accessorio ideale per chi vuole distinguersi in ogni occasione.<\/p>\n<h3>Comfort impareggiabile per tutto il giorno<\/h3>\n<p>Nonostante il suo aspetto accattivante, la Jane Rouge non rinuncia al comfort. Realizzate con i migliori materiali e con la cura che ci contraddistingue, queste <strong>ballerine rosse<\/strong> garantiscono una vestibilit\u00e0 perfetta e una sensazione di comfort fin dal primo momento. La morbida pelle di vitello si adatta alla forma del piede, mentre il plantare ammortizzato e la suola antiscivolo garantiscono stabilit\u00e0 e sostegno per tutto il giorno.<\/p>\n<h3>Versatilit\u00e0 per ogni occasione<\/h3>\n<p>La nostra Jane Rouge \u00e8 tanto versatile quanto sorprendente. Dall&#8217;ufficio a una serata in citt\u00e0, questa <strong>scarpa flat lounge rossa<\/strong> \u00e8 la scelta perfetta per ogni occasione. Abbinalo a un abito elegante per un look professionale, oppure usalo per aggiungere un tocco di colore a un outfit pi\u00f9 casual. Qualunque sia il tuo stile, la Jane Rouge ti aiuter\u00e0 a esprimerti con sicurezza e stile.<\/p>\n<h3>Unisciti alla rivoluzione dello stile con le scarpe Beatnik<\/h3>\n<p>Non perdere l&#8217;occasione di partecipare alla rivoluzione dello stile con le Jane Rouge di Beatnik Shoes. Prendi il tuo e aggiungi un tocco di passione alla tua collezione personale. Come sempre, da Beatnik Shoes il nostro impegno \u00e8 quello di renderti felice e questa <strong>scarpa da salotto piatta rossa<\/strong> \u00e8 il mezzo per riuscirci.<\/p>\n<h3>Esplora altre opzioni della nostra collezione<\/h3>\n<p>Oltre ai Jane Rouge, la nostra collezione comprende anche eleganti sandali da abito con tacco alto, come i nostri <a href=\"https:\/\/www.beatnikshoes.com\/it\/collezione\/scarpe-da-donna\/sandali-cangrejeras\/\"><br \/>\n  <strong>sandali con granchio Fran\u00e7oise<\/strong><br \/>\n<\/a>perfetti per qualsiasi evento formale. Se cerchi qualcosa di pi\u00f9 audace, le nostre <a href=\"https:\/\/www.beatnikshoes.com\/it\/collezione\/scarpe-da-donna\/ballerine-destalonadas\/\">ballerine<\/a> sono il modo perfetto per distinguerti. E per un tocco di raffinatezza casual, non perdere le nostre <strong>ballerine rosse<\/strong>, che uniscono comfort e stile in un unico passo.<\/p>\n<p>Scopri tutte le nostre opzioni e trova il paio perfetto per completare il tuo stile unico. Noi di Beatnik Shoes ci impegniamo sempre per la tua soddisfazione e il tuo stile.<\/p>\n","protected":false},"excerpt":{"rendered":"<h2>Jane Rouge, scarpe da sera in pelle rossa con tacco basso fatte a mano in Spagna<\/h2>\n<p>Materiale esterno: Pelle di vitello rossa<br \/>\nFodera: pelle di vacchetta viola<br \/>\nMateriale della suola: materiale antiscivolo<br \/>\nChiusura: fibbie<br \/>\nTipo di tacco: basso<br \/>\nComposizione: 100% pelle<\/p>\n","protected":false},"featured_media":65528,"comment_status":"open","ping_status":"closed","template":"","meta":[],"product_brand":[],"product_cat":[10486,9026,9188],"product_tag":[11289,11286,11285,11287,11288],"woo-feed-brand":[],"class_list":{"0":"post-65510","1":"product","2":"type-product","3":"status-publish","4":"has-post-thumbnail","6":"product_cat-ballerine-destalonadas","7":"product_cat-scarpe-da-donna","8":"product_cat-uscita","9":"product_tag-decollete-beatnik-jane-rouge-con-tacco-basso","10":"product_tag-decollete-rosse-beatnik-jane","11":"product_tag-jane-rouge-it","12":"product_tag-sandalo-con-tacco-jane-rouge","13":"product_tag-sandalo-con-tacco-rosso-jane","14":"pa_talla-zapato-36-it","15":"pa_talla-zapato-37-it","16":"pa_talla-zapato-38-it","17":"pa_talla-zapato-39-it","18":"pa_talla-zapato-40-it","19":"pa_talla-zapato-41-it","20":"pa_talla-zapato-42-it","22":"first","23":"instock","24":"sale","25":"taxable","26":"shipping-taxable","27":"purchasable","28":"product-type-variable"},"_links":{"self":[{"href":"https:\/\/www.beatnikshoes.com\/it\/wp-json\/wp\/v2\/product\/65510","targetHints":{"allow":["GET"]}}],"collection":[{"href":"https:\/\/www.beatnikshoes.com\/it\/wp-json\/wp\/v2\/product"}],"about":[{"href":"https:\/\/www.beatnikshoes.com\/it\/wp-json\/wp\/v2\/types\/product"}],"replies":[{"embeddable":true,"href":"https:\/\/www.beatnikshoes.com\/it\/wp-json\/wp\/v2\/comments?post=65510"}],"wp:featuredmedia":[{"embeddable":true,"href":"https:\/\/www.beatnikshoes.com\/it\/wp-json\/wp\/v2\/media\/65528"}],"wp:attachment":[{"href":"https:\/\/www.beatnikshoes.com\/it\/wp-json\/wp\/v2\/media?parent=65510"}],"wp:term":[{"taxonomy":"product_brand","embeddable":true,"href":"https:\/\/www.beatnikshoes.com\/it\/wp-json\/wp\/v2\/product_brand?post=65510"},{"taxonomy":"product_cat","embeddable":true,"href":"https:\/\/www.beatnikshoes.com\/it\/wp-json\/wp\/v2\/product_cat?post=65510"},{"taxonomy":"product_tag","embeddable":true,"href":"https:\/\/www.beatnikshoes.com\/it\/wp-json\/wp\/v2\/product_tag?post=65510"},{"taxonomy":"woo-feed-brand","embeddable":true,"href":"https:\/\/www.beatnikshoes.com\/it\/wp-json\/wp\/v2\/woo-feed-brand?post=65510"}],"curies":[{"name":"wp","href":"https:\/\/api.w.org\/{rel}","templated":true}]}}