{"id":62567,"date":"2023-10-11T12:00:43","date_gmt":"2023-10-11T10:00:43","guid":{"rendered":"https:\/\/www.beatnikshoes.com\/zapatos-hechos-a-mano\/stivale-marrone-da-uomo-con-lacci-truman\/"},"modified":"2025-08-25T19:26:58","modified_gmt":"2025-08-25T17:26:58","slug":"stivale-marrone-da-uomo-con-lacci-truman","status":"publish","type":"product","link":"https:\/\/www.beatnikshoes.com\/it\/scarpe-fatte-a-mano\/stivale-marrone-da-uomo-con-lacci-truman\/","title":{"rendered":"Stivale stringato da uomo marrone Truman"},"content":{"rendered":"<h2>STIVALE STRINGATO DA UOMO TRUMAN BROWN. UN&#8217;OPZIONE ELEGANTE E CALDA PER QUESTA STAGIONE.<\/h2>\n<p>Questo <strong>stivale stringato da uomo<\/strong> \u00e8 realizzato in pelle di vitello color caramello. \u00c8 rifinito da una <strong>suola tecnica<\/strong> antiscivolo con la massima aderenza, che conferisce a chi lo indossa un&#8217;elevata eleganza funzionale.<\/p>\n<p>Il design di questo stivale combina il taglio di uno <strong>stivale da combattimento marrone da uomo<\/strong> con dettagli classici. Il puntale presenta una cucitura longitudinale, dando vita a uno <strong>stivale Cap Toe marrone<\/strong> molto maschile. Perfetta per l&#8217;uso all&#8217;aperto, la suola tecnica extra larga mantiene il freddo, il calore e la pioggia il pi\u00f9 possibile lontani dal suolo. Il piede \u00e8 cos\u00ec protetto dalle intemperie grazie alla fodera in pelle di vitello monopezzo praticamente priva di cuciture. L&#8217;intera caviglia e l&#8217;albero sono protetti dal funzionale design con lacci, che consente una perfetta e confortevole aderenza alla gamba e al collo del piede.<\/p>\n<p>Sia per il tempo libero che per ambienti pi\u00f9 formali, \u00e8 un successo sicuro. E si abbina perfettamente ai colori della terra, ai pastelli e a tutta la gamma dei blu.<\/p>\n<p>Un <strong>classico stivale stringato da uomo in pelle marrone<\/strong> con un tocco di stile.<\/p>\n","protected":false},"excerpt":{"rendered":"<h3>Stivale stringato marrone da uomo fatto a mano in Spagna<\/h3>\n<p>Materiale esterno: Pelle di vitello &#8211; Fodera: Pelle di vitello<br \/>\nMateriale suola: suola tecnica antiscivolo<br \/>\nChiusura: lacci &#8211; Tipo di tacco: tacco basso<\/p>\n","protected":false},"featured_media":69887,"comment_status":"open","ping_status":"closed","template":"","meta":[],"product_brand":[],"product_cat":[9158,9433,9349],"product_tag":[],"woo-feed-brand":[],"class_list":{"0":"post-62567","1":"product","2":"type-product","3":"status-publish","4":"has-post-thumbnail","6":"product_cat-scarpe-da-uomo","7":"product_cat-stivale-allacciato","8":"product_cat-stivali","9":"pa_talla-zapato-39-it","10":"pa_talla-zapato-40-it","11":"pa_talla-zapato-41-it","12":"pa_talla-zapato-42-it","13":"pa_talla-zapato-43-it","14":"pa_talla-zapato-44-it","15":"pa_talla-zapato-45-it","16":"pa_talla-zapato-46-it","18":"first","19":"instock","20":"sale","21":"taxable","22":"shipping-taxable","23":"purchasable","24":"product-type-variable"},"_links":{"self":[{"href":"https:\/\/www.beatnikshoes.com\/it\/wp-json\/wp\/v2\/product\/62567","targetHints":{"allow":["GET"]}}],"collection":[{"href":"https:\/\/www.beatnikshoes.com\/it\/wp-json\/wp\/v2\/product"}],"about":[{"href":"https:\/\/www.beatnikshoes.com\/it\/wp-json\/wp\/v2\/types\/product"}],"replies":[{"embeddable":true,"href":"https:\/\/www.beatnikshoes.com\/it\/wp-json\/wp\/v2\/comments?post=62567"}],"wp:featuredmedia":[{"embeddable":true,"href":"https:\/\/www.beatnikshoes.com\/it\/wp-json\/wp\/v2\/media\/69887"}],"wp:attachment":[{"href":"https:\/\/www.beatnikshoes.com\/it\/wp-json\/wp\/v2\/media?parent=62567"}],"wp:term":[{"taxonomy":"product_brand","embeddable":true,"href":"https:\/\/www.beatnikshoes.com\/it\/wp-json\/wp\/v2\/product_brand?post=62567"},{"taxonomy":"product_cat","embeddable":true,"href":"https:\/\/www.beatnikshoes.com\/it\/wp-json\/wp\/v2\/product_cat?post=62567"},{"taxonomy":"product_tag","embeddable":true,"href":"https:\/\/www.beatnikshoes.com\/it\/wp-json\/wp\/v2\/product_tag?post=62567"},{"taxonomy":"woo-feed-brand","embeddable":true,"href":"https:\/\/www.beatnikshoes.com\/it\/wp-json\/wp\/v2\/woo-feed-brand?post=62567"}],"curies":[{"name":"wp","href":"https:\/\/api.w.org\/{rel}","templated":true}]}}