{"id":61384,"date":"2023-09-09T14:19:24","date_gmt":"2023-09-09T12:19:24","guid":{"rendered":"https:\/\/www.beatnikshoes.com\/?post_type=product&#038;p=61384"},"modified":"2025-08-25T19:59:56","modified_gmt":"2025-08-25T17:59:56","slug":"oxford-rosso-uomo-in-pelle-holmes","status":"publish","type":"product","link":"https:\/\/www.beatnikshoes.com\/it\/scarpe-fatte-a-mano\/oxford-rosso-uomo-in-pelle-holmes\/","title":{"rendered":"Holmes oxford da uomo in pelle rossa"},"content":{"rendered":"<h2>ESSERE DIVERSI \u00c8 FACILE PER VOI<\/h2>\n<p>Le <strong>oxford da uomo in pelle rossa <\/strong>sono il lusso intramontabile e senza tempo delle <strong>scarpe da abito stringate bordeaux<\/strong>. E un ottimo punto di partenza se siete alla ricerca di un contrappunto classico. Soprattutto con la sua tonalit\u00e0 di <strong>vino bordeaux scuro<\/strong>, all&#8217;interno di un outfit contemporaneo e audace. Allo stesso tempo, una oxford rossa aggiunge un sottile tocco di colore al classico abbigliamento da lavoro.<\/p>\n<p>Realizzata a mano in Spagna in pelle fiore bordeaux, foderata in pelle, con suola in cuoio cucita e strato antiscivolo. Questa <strong>scarpa rossa da uomo in stile oxford<\/strong> \u00e8 un punto fermo nel guardaroba di ogni uomo. Si tratta di una classica scarpa brogue con decorazione wingtip, ma il tocco di rosso le conferisce un accento molto pi\u00f9 contemporaneo. Per questo motivo, indossa perfettamente i colori blu e grigio e nei contesti d&#8217;ufficio indossa abiti completi.<\/p>\n<p>Inoltre, la pelle pieno fiore protegge perfettamente il suo proprietario dalle intemperie e dalla pioggia, offrendo un cappotto elegante nelle stagioni pi\u00f9 fredde.<\/p>\n<p>Si tratta di un&#8217;opzione molto versatile, che pu\u00f2 essere abbinata a tutte le estetiche pi\u00f9 rigorose e formali. D&#8217;altra parte, si adattano perfettamente a qualsiasi altro ambiente pi\u00f9 rilassato.<\/p>\n","protected":false},"excerpt":{"rendered":"<h2>Oxford in pelle fatte a mano in Spagna<\/h2>\n<p>Materiale esterno: pelle fiore color vino Bordeaux<br \/>\nFodera: pelle di vacchetta bordeaux<br \/>\nMateriale della suola: vera pelle cucita pi\u00f9 un sottile strato antiscivolo iniettato<br \/>\nChiusura: lacci<br \/>\nTipo di tacco: basso<\/p>\n","protected":false},"featured_media":56267,"comment_status":"open","ping_status":"closed","template":"","meta":[],"product_brand":[11791],"product_cat":[9158,9166],"product_tag":[],"woo-feed-brand":[],"class_list":{"0":"post-61384","1":"product","2":"type-product","3":"status-publish","4":"has-post-thumbnail","6":"product_brand-beatnik-shoes-it","7":"product_cat-scarpe-da-uomo","8":"product_cat-scarpe-oxford-da-uomo","9":"pa_talla-zapato-39-it","10":"pa_talla-zapato-40-it","11":"pa_talla-zapato-41-it","12":"pa_talla-zapato-42-it","13":"pa_talla-zapato-43-it","14":"pa_talla-zapato-44-it","15":"pa_talla-zapato-45-it","16":"pa_talla-zapato-46-it","18":"first","19":"instock","20":"sale","21":"taxable","22":"shipping-taxable","23":"purchasable","24":"product-type-variable"},"_links":{"self":[{"href":"https:\/\/www.beatnikshoes.com\/it\/wp-json\/wp\/v2\/product\/61384","targetHints":{"allow":["GET"]}}],"collection":[{"href":"https:\/\/www.beatnikshoes.com\/it\/wp-json\/wp\/v2\/product"}],"about":[{"href":"https:\/\/www.beatnikshoes.com\/it\/wp-json\/wp\/v2\/types\/product"}],"replies":[{"embeddable":true,"href":"https:\/\/www.beatnikshoes.com\/it\/wp-json\/wp\/v2\/comments?post=61384"}],"wp:featuredmedia":[{"embeddable":true,"href":"https:\/\/www.beatnikshoes.com\/it\/wp-json\/wp\/v2\/media\/56267"}],"wp:attachment":[{"href":"https:\/\/www.beatnikshoes.com\/it\/wp-json\/wp\/v2\/media?parent=61384"}],"wp:term":[{"taxonomy":"product_brand","embeddable":true,"href":"https:\/\/www.beatnikshoes.com\/it\/wp-json\/wp\/v2\/product_brand?post=61384"},{"taxonomy":"product_cat","embeddable":true,"href":"https:\/\/www.beatnikshoes.com\/it\/wp-json\/wp\/v2\/product_cat?post=61384"},{"taxonomy":"product_tag","embeddable":true,"href":"https:\/\/www.beatnikshoes.com\/it\/wp-json\/wp\/v2\/product_tag?post=61384"},{"taxonomy":"woo-feed-brand","embeddable":true,"href":"https:\/\/www.beatnikshoes.com\/it\/wp-json\/wp\/v2\/woo-feed-brand?post=61384"}],"curies":[{"name":"wp","href":"https:\/\/api.w.org\/{rel}","templated":true}]}}