{"id":61357,"date":"2023-01-19T14:31:06","date_gmt":"2023-01-19T13:31:06","guid":{"rendered":"https:\/\/www.beatnikshoes.com\/?post_type=product&#038;p=61357"},"modified":"2025-08-25T22:50:54","modified_gmt":"2025-08-25T20:50:54","slug":"scarpe-da-uomo-oxford-nero-kaufman","status":"publish","type":"product","link":"https:\/\/www.beatnikshoes.com\/it\/scarpe-fatte-a-mano\/scarpe-da-uomo-oxford-nero-kaufman\/","title":{"rendered":"Kaufman scarpa oxford nera da uomo in pelle"},"content":{"rendered":"<h2>LE OXFORD NERE DA UOMO IN PELLE. IL CLASSICO SENZA TEMPO<\/h2>\n<p>Trovare un buon paio di <strong>scarpe da sera nere<\/strong> che non siano solo serie pu\u00f2 spesso essere un compito difficile. La nostra scarpa oxford da uomo semi-brogue nera \u00e8 un ottimo punto di partenza se siete alla ricerca di un elemento classico che si adatti a un outfit pi\u00f9 contemporaneo e tagliente.<\/p>\n<p>Queste <strong>scarpe nere da uomo in stile Oxford<\/strong>, realizzate a mano in Spagna con la pelle di vitello pi\u00f9 morbida del mercato, con fodera in pelle e suola cucita in vero cuoio, sono una scelta fantastica come scarpa da cerimonia.<\/p>\n<p>Questo modello sarebbe un Legato di Oxford per via della sua decorazione. La sua tomaia \u00e8 pi\u00f9 arrotondata rispetto alle altre oxford della nostra collezione e questo, insieme alla sobriet\u00e0 della decorazione, con pochi dettagli sul puntale, ne fanno una scarpa classica per cerimonie, matrimoni e celebrazioni. E, naturalmente, come <strong>scarpa da uomo nera stringata<\/strong> per l&#8217;ufficio. Impeccabile in abito completo.<\/p>\n<p>Sono un suggerimento molto versatile e discreto che garantisce eleganza a tutte le estetiche pi\u00f9 formali.<\/p>\n<p>Non credete che spesso le cose pi\u00f9 semplici siano le pi\u00f9 belle?<\/p>\n","protected":false},"excerpt":{"rendered":"<h2>Scarpe in pelle fatte a mano in Spagna<\/h2>\n<p>Materiale esterno: Pelle di vitello<br \/>\nRivestimento: Pelle di vacchetta viola<br \/>\nMateriale della suola: vera pelle cucita pi\u00f9 un sottile strato antiscivolo iniettato<br \/>\nChiusura: lacci<br \/>\nTipo di tacco: basso<\/p>\n","protected":false},"featured_media":55829,"comment_status":"open","ping_status":"closed","template":"","meta":[],"product_brand":[11791],"product_cat":[9188],"product_tag":[],"woo-feed-brand":[],"class_list":{"0":"post-61357","1":"product","2":"type-product","3":"status-publish","4":"has-post-thumbnail","6":"product_brand-beatnik-shoes-it","7":"product_cat-uscita","8":"pa_talla-zapato-39-it","9":"pa_talla-zapato-40-it","10":"pa_talla-zapato-41-it","11":"pa_talla-zapato-42-it","12":"pa_talla-zapato-43-it","13":"pa_talla-zapato-44-it","14":"pa_talla-zapato-45-it","15":"pa_talla-zapato-46-it","17":"first","18":"instock","19":"sale","20":"taxable","21":"shipping-taxable","22":"purchasable","23":"product-type-variable"},"_links":{"self":[{"href":"https:\/\/www.beatnikshoes.com\/it\/wp-json\/wp\/v2\/product\/61357","targetHints":{"allow":["GET"]}}],"collection":[{"href":"https:\/\/www.beatnikshoes.com\/it\/wp-json\/wp\/v2\/product"}],"about":[{"href":"https:\/\/www.beatnikshoes.com\/it\/wp-json\/wp\/v2\/types\/product"}],"replies":[{"embeddable":true,"href":"https:\/\/www.beatnikshoes.com\/it\/wp-json\/wp\/v2\/comments?post=61357"}],"wp:featuredmedia":[{"embeddable":true,"href":"https:\/\/www.beatnikshoes.com\/it\/wp-json\/wp\/v2\/media\/55829"}],"wp:attachment":[{"href":"https:\/\/www.beatnikshoes.com\/it\/wp-json\/wp\/v2\/media?parent=61357"}],"wp:term":[{"taxonomy":"product_brand","embeddable":true,"href":"https:\/\/www.beatnikshoes.com\/it\/wp-json\/wp\/v2\/product_brand?post=61357"},{"taxonomy":"product_cat","embeddable":true,"href":"https:\/\/www.beatnikshoes.com\/it\/wp-json\/wp\/v2\/product_cat?post=61357"},{"taxonomy":"product_tag","embeddable":true,"href":"https:\/\/www.beatnikshoes.com\/it\/wp-json\/wp\/v2\/product_tag?post=61357"},{"taxonomy":"woo-feed-brand","embeddable":true,"href":"https:\/\/www.beatnikshoes.com\/it\/wp-json\/wp\/v2\/woo-feed-brand?post=61357"}],"curies":[{"name":"wp","href":"https:\/\/api.w.org\/{rel}","templated":true}]}}