{"id":61248,"date":"2018-04-24T13:05:46","date_gmt":"2018-04-24T11:05:46","guid":{"rendered":"https:\/\/www.beatnikshoes.com\/?post_type=product&#038;p=61248"},"modified":"2025-08-27T21:44:31","modified_gmt":"2025-08-27T19:44:31","slug":"scarpe-oxford-da-uomo-in-pelle-marrone-miller-marrone","status":"publish","type":"product","link":"https:\/\/www.beatnikshoes.com\/it\/scarpe-fatte-a-mano\/scarpe-oxford-da-uomo-in-pelle-marrone-miller-marrone\/","title":{"rendered":"Oxford da uomo Miller in pelle marrone"},"content":{"rendered":"<h2>CLASSICIT\u00c0 MASCHILE CON UN TOCCO DI COLORE<\/h2>\n<p>La combinazione di una forma classica ed elegante con un sobrio colore marrone \u00e8 irresistibile. Le linee sobrie della nostra <strong>scarpa oxford<\/strong> marrone Miller, realizzata in pelle di vitello, sono facili da abbinare a qualsiasi tavolozza di colori. Si abbina facilmente con abiti o giacche in colori freddi come il grigio o con l&#8217;intera gamma dei blu, risultando particolarmente elegante con le tonalit\u00e0 del blu navy. E ovviamente \u00e8 perfetto con tutta la gamma di colori pastello e terra.<\/p>\n<p>L&#8217;abbinamento della <strong>scarpa Miller Oxford marrone<\/strong> con un abito gessato blu e grigio \u00e8 perfetto. Allo stesso tempo, con un paio di pantaloni chino non pu\u00f2 essere pi\u00f9 elegante e facile da indossare.<\/p>\n<p>Il marrone scuro della sua pelle bovina quasi opaca offre una sfumatura di colore che ammorbidisce i toni scuri di un abito completamente scuro e, d&#8217;altra parte, offre possibilit\u00e0 di combinazione con altri toni pi\u00f9 primaverili. Allo stesso tempo, \u00e8 un modello che funziona anche in contesti pi\u00f9 casual e persino nel tempo libero.<\/p>\n<p>Le linee classiche della tomaia di questa <strong>scarpa Oxford marrone da uomo<\/strong> dallo stile decisamente britannico, unite al design sobrio, danno pieno risalto alla qualit\u00e0 della pelle di vitello con cui \u00e8 costruita. L&#8217;interno \u00e8 interamente foderato in pelle di vitello viola. La suola \u00e8 in vera pelle cucita con il metodo tradizionale Blake e uno strato aggiuntivo di sp\u00e1i antiscivolo \u00e8 stato aggiunto per isolare la suola. Il tutto per offrire il massimo comfort e un&#8217;eleganza senza tempo.<\/p>\n","protected":false},"excerpt":{"rendered":"<h2>Oxford da uomo in pelle marrone fatte a mano in Spagna<\/h2>\n<p>Materiale esterno: pelle di vitello marrone<br \/>\nFodera: pelle di vacchetta viola<br \/>\nMateriale della suola: vera pelle cucita e spatola antiscivolo<br \/>\nChiusura: lacci<br \/>\nTipo di tacco: basso<\/p>\n","protected":false},"featured_media":70565,"comment_status":"open","ping_status":"closed","template":"","meta":[],"product_brand":[],"product_cat":[9158,9166],"product_tag":[],"woo-feed-brand":[],"class_list":{"0":"post-61248","1":"product","2":"type-product","3":"status-publish","4":"has-post-thumbnail","6":"product_cat-scarpe-da-uomo","7":"product_cat-scarpe-oxford-da-uomo","8":"pa_talla-zapato-39-it","9":"pa_talla-zapato-40-it","10":"pa_talla-zapato-41-it","11":"pa_talla-zapato-42-it","12":"pa_talla-zapato-43-it","13":"pa_talla-zapato-44-it","14":"pa_talla-zapato-45-it","15":"pa_talla-zapato-46-it","17":"first","18":"instock","19":"sale","20":"taxable","21":"shipping-taxable","22":"purchasable","23":"product-type-variable"},"_links":{"self":[{"href":"https:\/\/www.beatnikshoes.com\/it\/wp-json\/wp\/v2\/product\/61248","targetHints":{"allow":["GET"]}}],"collection":[{"href":"https:\/\/www.beatnikshoes.com\/it\/wp-json\/wp\/v2\/product"}],"about":[{"href":"https:\/\/www.beatnikshoes.com\/it\/wp-json\/wp\/v2\/types\/product"}],"replies":[{"embeddable":true,"href":"https:\/\/www.beatnikshoes.com\/it\/wp-json\/wp\/v2\/comments?post=61248"}],"wp:featuredmedia":[{"embeddable":true,"href":"https:\/\/www.beatnikshoes.com\/it\/wp-json\/wp\/v2\/media\/70565"}],"wp:attachment":[{"href":"https:\/\/www.beatnikshoes.com\/it\/wp-json\/wp\/v2\/media?parent=61248"}],"wp:term":[{"taxonomy":"product_brand","embeddable":true,"href":"https:\/\/www.beatnikshoes.com\/it\/wp-json\/wp\/v2\/product_brand?post=61248"},{"taxonomy":"product_cat","embeddable":true,"href":"https:\/\/www.beatnikshoes.com\/it\/wp-json\/wp\/v2\/product_cat?post=61248"},{"taxonomy":"product_tag","embeddable":true,"href":"https:\/\/www.beatnikshoes.com\/it\/wp-json\/wp\/v2\/product_tag?post=61248"},{"taxonomy":"woo-feed-brand","embeddable":true,"href":"https:\/\/www.beatnikshoes.com\/it\/wp-json\/wp\/v2\/woo-feed-brand?post=61248"}],"curies":[{"name":"wp","href":"https:\/\/api.w.org\/{rel}","templated":true}]}}