{"id":61173,"date":"2018-12-02T21:33:13","date_gmt":"2018-12-02T20:33:13","guid":{"rendered":"https:\/\/www.beatnikshoes.com\/?post_type=product&#038;p=61173"},"modified":"2025-08-27T19:47:10","modified_gmt":"2025-08-27T17:47:10","slug":"sneakers-bicolore-bianco-e-nero-bianco-e-nero-pelle-per-uomini-e-donne-harper-bw","status":"publish","type":"product","link":"https:\/\/www.beatnikshoes.com\/it\/scarpe-fatte-a-mano\/sneakers-bicolore-bianco-e-nero-bianco-e-nero-pelle-per-uomini-e-donne-harper-bw\/","title":{"rendered":"Scarpe da ginnastica bicolore in pelle bianca e nera da uomo e da donna Harper Black and White"},"content":{"rendered":"<h2>Scarpe da ginnastica bicolore in pelle bianca e nera per uomo e donna fatte a mano in Spagna Harper BW<\/h2>\n<p>Non c&#8217;\u00e8 niente di meglio che introdurre sorprese nella nostra collezione. E queste <strong>scarpe da ginnastica bicolore in pelle bianca e nera per uomo e donna<\/strong> sono una di queste. Abbiamo deciso di presentare un&#8217;edizione limitata delle nostre sneakers Harper, con un design bicolore. I colori aziendali di Beatnik sono il bianco e il nero, quindi non abbiamo una combinazione di colori che ci si addica di pi\u00f9. D&#8217;altra parte, il design di questo pezzo combina il nero opaco della pelle di vitello pi\u00f9 pregiata con una suola bianca in spay, per una combinazione interessante.<\/p>\n<p>L&#8217;intero pezzo \u00e8 stato foderato in pelle di vitello viola. La soletta \u00e8 realizzata in vera pelle ed \u00e8 facilmente rimovibile e rinnovabile, rendendo queste sneakers praticamente eterne. La morbida pelle di vitello utilizzata per queste <strong>scarpe da ginnastica in pelle bicolore bianche e nere da uomo e da donna<\/strong> garantisce un&#8217;estrema comodit\u00e0 di utilizzo.<\/p>\n<p>Per noi questo \u00e8 un modello che cerca il tempo libero. Ma molti dei nostri amici la usano come scarpa di altissima qualit\u00e0 per il lavoro. E sono molto facili da abbinare praticamente a tutta la gamma di colori, sia in estate che in inverno. Come elemento perfetto per un abbigliamento casual o come calzature per riunioni informali, queste scarpe da ginnastica formali, realizzate a mano in Spagna, possono essere il tuo alleato perfetto.<\/p>\n","protected":false},"excerpt":{"rendered":"<h2>Scarpe da ginnastica bianche e nere per uomo e donna realizzate a mano in pelle di vitello.<\/h2>\n<p>Materiale esterno: pelle di vacchetta nera. Fodera: Pelle bovina.<br \/>\nSoletta interna estraibile.<br \/>\nSuola: Mescola antiscivolo bianca.<\/p>\n","protected":false},"featured_media":57069,"comment_status":"open","ping_status":"closed","template":"","meta":[],"product_brand":[],"product_cat":[9188],"product_tag":[],"woo-feed-brand":[],"class_list":{"0":"post-61173","1":"product","2":"type-product","3":"status-publish","4":"has-post-thumbnail","6":"product_cat-uscita","7":"pa_talla-zapato-35-it","8":"pa_talla-zapato-36-it","9":"pa_talla-zapato-37-it","10":"pa_talla-zapato-38-it","11":"pa_talla-zapato-39-it","12":"pa_talla-zapato-40-it","13":"pa_talla-zapato-41-it","14":"pa_talla-zapato-42-it","15":"pa_talla-zapato-43-it","16":"pa_talla-zapato-44-it","17":"pa_talla-zapato-45-it","18":"pa_talla-zapato-46-it","20":"first","21":"instock","22":"sale","23":"taxable","24":"shipping-taxable","25":"purchasable","26":"product-type-variable"},"_links":{"self":[{"href":"https:\/\/www.beatnikshoes.com\/it\/wp-json\/wp\/v2\/product\/61173","targetHints":{"allow":["GET"]}}],"collection":[{"href":"https:\/\/www.beatnikshoes.com\/it\/wp-json\/wp\/v2\/product"}],"about":[{"href":"https:\/\/www.beatnikshoes.com\/it\/wp-json\/wp\/v2\/types\/product"}],"replies":[{"embeddable":true,"href":"https:\/\/www.beatnikshoes.com\/it\/wp-json\/wp\/v2\/comments?post=61173"}],"wp:featuredmedia":[{"embeddable":true,"href":"https:\/\/www.beatnikshoes.com\/it\/wp-json\/wp\/v2\/media\/57069"}],"wp:attachment":[{"href":"https:\/\/www.beatnikshoes.com\/it\/wp-json\/wp\/v2\/media?parent=61173"}],"wp:term":[{"taxonomy":"product_brand","embeddable":true,"href":"https:\/\/www.beatnikshoes.com\/it\/wp-json\/wp\/v2\/product_brand?post=61173"},{"taxonomy":"product_cat","embeddable":true,"href":"https:\/\/www.beatnikshoes.com\/it\/wp-json\/wp\/v2\/product_cat?post=61173"},{"taxonomy":"product_tag","embeddable":true,"href":"https:\/\/www.beatnikshoes.com\/it\/wp-json\/wp\/v2\/product_tag?post=61173"},{"taxonomy":"woo-feed-brand","embeddable":true,"href":"https:\/\/www.beatnikshoes.com\/it\/wp-json\/wp\/v2\/woo-feed-brand?post=61173"}],"curies":[{"name":"wp","href":"https:\/\/api.w.org\/{rel}","templated":true}]}}