{"id":61142,"date":"2019-09-03T14:26:34","date_gmt":"2019-09-03T12:26:34","guid":{"rendered":"https:\/\/www.beatnikshoes.com\/?post_type=product&#038;p=61142"},"modified":"2026-04-11T15:46:30","modified_gmt":"2026-04-11T13:46:30","slug":"doppia-fibbia-marrone-per-uomo-lamantia","status":"publish","type":"product","link":"https:\/\/www.beatnikshoes.com\/it\/scarpe-fatte-a-mano\/doppia-fibbia-marrone-per-uomo-lamantia\/","title":{"rendered":"Scarpa Lamantia doppia fibbia marrone da uomo"},"content":{"rendered":"<h2>LA CAVIGLIERA MARRONE DA UOMO DA INDOSSARE QUESTA STAGIONE<\/h2>\n<p>\u00c8 il momento di calarsi in una <strong>scarpa marrone a doppia fibbia da uomo<\/strong>.<\/p>\n<p>Vi presentiamo un paio di <strong>scarpe da monaco<\/strong> <strong>marroni<\/strong>, con doppia fibbia, realizzate a mano in Spagna in un tipo di pelle bovina venata e con una texture esterna morbidamente granulata, estremamente flessibile. Questo tipo di pelle bovina si chiama Imel ed \u00e8 uno dei tipi di pelle pi\u00f9 ricercati per la produzione di scarpe da uomo di alta gamma. Queste <strong>scarpe monk marroni con doppia fibbia<\/strong> sono foderate in pelle di vacchetta viola. Inoltre, la suola in cuoio \u00e8 cucita e presenta un sottile strato antiscivolo. Il set \u00e8 perfetto per una combinazione classica per vestire un abito completo per l&#8217;ufficio. D&#8217;altra parte, aggiunge un tocco di raffinatezza ai look casual, anche con i jeans.<\/p>\n<p>La tonalit\u00e0 marrone scuro di queste scarpe da uomo con due fibbie \u00e8 perfetta con molte tonalit\u00e0. E probabilmente la sua combinazione con il blu \u00e8 una delle pi\u00f9 classiche e interessanti. Insieme a diverse tonalit\u00e0 di grigio, anche con un abito completo, \u00e8 una combinazione perfetta per l&#8217;ambiente di lavoro.<\/p>\n<p>Le linee eleganti di questa <strong>monk strap marrone con doppia fibbia da uomo<\/strong> la rendono la compagna perfetta del guardaroba maschile, che insegue i propri sogni e la propria attivit\u00e0. Queste <strong>scarpe maschili<\/strong> <strong>marroni con doppia fibbia saranno<\/strong> le tue migliori alleate per completare uno stile vincente.<\/p>\n<p>Questo modo urban chic \u00e8 una <strong>scarpa marrone a doppia fibbia per uomo<\/strong>.<\/p>\n","protected":false},"excerpt":{"rendered":"<h2>Scarpe in pelle fatte a mano in Spagna<\/h2>\n<p>Materiale esterno: Pelle Imel marrone &#8211; Fodera: Pelle di vacchetta viola<br \/>\nMateriale della suola: vera pelle cucita pi\u00f9 un sottile strato antiscivolo iniettato<br \/>\nChiusura: doppia fibbia<br \/>\nTipo di tacco: basso<\/p>\n","protected":false},"featured_media":76594,"comment_status":"open","ping_status":"closed","template":"","meta":[],"product_brand":[11791],"product_cat":[9158,9371],"product_tag":[],"woo-feed-brand":[],"class_list":{"0":"post-61142","1":"product","2":"type-product","3":"status-publish","4":"has-post-thumbnail","6":"product_brand-beatnik-shoes-it","7":"product_cat-scarpe-da-uomo","8":"product_cat-scarpe-con-fibbia","9":"pa_talla-zapato-39-it","10":"pa_talla-zapato-40-it","11":"pa_talla-zapato-41-it","12":"pa_talla-zapato-42-it","13":"pa_talla-zapato-43-it","14":"pa_talla-zapato-44-it","15":"pa_talla-zapato-45-it","16":"pa_talla-zapato-46-it","18":"first","19":"instock","20":"sale","21":"taxable","22":"shipping-taxable","23":"purchasable","24":"product-type-variable"},"_links":{"self":[{"href":"https:\/\/www.beatnikshoes.com\/it\/wp-json\/wp\/v2\/product\/61142","targetHints":{"allow":["GET"]}}],"collection":[{"href":"https:\/\/www.beatnikshoes.com\/it\/wp-json\/wp\/v2\/product"}],"about":[{"href":"https:\/\/www.beatnikshoes.com\/it\/wp-json\/wp\/v2\/types\/product"}],"replies":[{"embeddable":true,"href":"https:\/\/www.beatnikshoes.com\/it\/wp-json\/wp\/v2\/comments?post=61142"}],"wp:featuredmedia":[{"embeddable":true,"href":"https:\/\/www.beatnikshoes.com\/it\/wp-json\/wp\/v2\/media\/76594"}],"wp:attachment":[{"href":"https:\/\/www.beatnikshoes.com\/it\/wp-json\/wp\/v2\/media?parent=61142"}],"wp:term":[{"taxonomy":"product_brand","embeddable":true,"href":"https:\/\/www.beatnikshoes.com\/it\/wp-json\/wp\/v2\/product_brand?post=61142"},{"taxonomy":"product_cat","embeddable":true,"href":"https:\/\/www.beatnikshoes.com\/it\/wp-json\/wp\/v2\/product_cat?post=61142"},{"taxonomy":"product_tag","embeddable":true,"href":"https:\/\/www.beatnikshoes.com\/it\/wp-json\/wp\/v2\/product_tag?post=61142"},{"taxonomy":"woo-feed-brand","embeddable":true,"href":"https:\/\/www.beatnikshoes.com\/it\/wp-json\/wp\/v2\/woo-feed-brand?post=61142"}],"curies":[{"name":"wp","href":"https:\/\/api.w.org\/{rel}","templated":true}]}}