{"id":61005,"date":"2023-05-14T17:28:57","date_gmt":"2023-05-14T15:28:57","guid":{"rendered":"https:\/\/www.beatnikshoes.com\/zapatos-hechos-a-mano\/scarpe-da-salotto-con-tacco-basso-cinturino-per-abito-in-pelle-senape-marrone\/"},"modified":"2025-08-25T22:19:09","modified_gmt":"2025-08-25T20:19:09","slug":"lounge-shoes-con-tacco-basso-scarpe-da-abito-in-pelle-mustard-jane-mustard","status":"publish","type":"product","link":"https:\/\/www.beatnikshoes.com\/it\/scarpe-fatte-a-mano\/lounge-shoes-con-tacco-basso-scarpe-da-abito-in-pelle-mustard-jane-mustard\/","title":{"rendered":"Mustard Jane Scarpe da sera in pelle senape con tacco basso"},"content":{"rendered":"<h2>LE MIGLIORI D\u00c9COLLET\u00c9 CON TACCO BASSO IN PELLE SENAPE DI QUESTA STAGIONE PER LE SCARPE ELEGANTI<\/h2>\n<p>Il pi\u00f9 delle volte, tutto ci\u00f2 che ha valore deve aspettare. E con le vostre nuove<strong> d\u00e9collet\u00e9 con tacco basso in pelle senape Jane Mustard<\/strong>, questa massima \u00e8 stata rispettata alla perfezione. Dai primi prototipi a oggi \u00e8 passata un&#8217;eternit\u00e0. Ma il risultato di tutta questa attesa \u00e8 evidente.<\/p>\n<p>Il design di questo <strong>d\u00e9collet\u00e9 in pelle senape<\/strong> ha un&#8217;impronta decisamente classica. Da un lato, la finitura leggermente appuntita ricorda gli anni Cinquanta. Il tacco basso e il contrafforte con tacco hanno un forte stile anni &#8217;60. E l&#8217;insieme, privo di decorazioni superflue, ci porta al passo con il design pi\u00f9 minimalista e attuale.<\/p>\n<p>This <strong>mustard low-heeled leather pump<\/strong> looks great with almost any color combination. Con tutte le palette di blu, terra, pastello, cammello e grigio si adatta perfettamente. E con gli altri colori, data la sua tonalit\u00e0 quasi nude, \u00e8 molto facile da indossare.<\/p>\n<p>Le occasioni per indossare una <strong>d\u00e9collet\u00e9 con tacco basso<\/strong> sono pressoch\u00e9 infinite. Stiamo parlando di una scarpa elegante e comoda, che d\u00e0 un tocco di stile al vostro stile casual. Dall&#8217;altro lato, abbiamo una scarpa da sera che pu\u00f2 essere indossata tutto il giorno per il lavoro o per un&#8217;occasione formale, senza perdere il comfort. Lo stile classico di queste scarpe \u00e8 perfetto con i jeans e la giacca di un completo. E non ci sono molti modelli cos\u00ec versatili quando si tratta di essere combinati.<\/p>\n<h3>SCARPE DA SALOTTO ELEGANTI, FATTE PER DURARE NEL TEMPO<\/h3>\n<p>Per quanto riguarda la costruzione di questi pezzi, la pelle scelta \u00e8 quella di vitello. Il pi\u00f9 morbido e confortevole per le scarpe eleganti. Come tutta la nostra collezione, sono anche foderati internamente in pelle viola. La suola \u00e8 in materiale antiscivolo e la soletta \u00e8 in pelle. Tutto ci\u00f2 che ci circonda dovrebbe avere la consistenza pi\u00f9 confortevole e con i materiali utilizzati da Beatnik questa massima \u00e8 sempre vera. Oltre a una forma leggermente pi\u00f9 ampia rispetto a quella delle d\u00e9collet\u00e9, \u00e8 stato inserito un cinturino posteriore in pelle per migliorare la calzata della scarpa. Oltre alla funzionalit\u00e0, lo stile che questo pezzo aggiunge al tacco \u00e8 indiscutibile.<\/p>\n<p>Come potete vedere, il risultato finale di tutta l&#8217;attesa \u00e8 valso la pena. Ora non vi resta che indossare queste <strong>d\u00e9collet\u00e9 con tacco basso in pelle senape<\/strong> con lo stesso piacere con cui le abbiamo create noi.<\/p>\n","protected":false},"excerpt":{"rendered":"<h2>Mustard Jane Scarpe da sera in pelle senape con tacco basso fatte a mano in Spagna<\/h2>\n<p>Materiale esterno: Pelle di vitello color senape<br \/>\nFodera: pelle di vacchetta viola<br \/>\nMateriale della suola: materiale antiscivolo<br \/>\nChiusura: fibbie<br \/>\nTipo di tacco: basso<br \/>\nComposizione: 100% pelle<\/p>\n","protected":false},"featured_media":59315,"comment_status":"open","ping_status":"closed","template":"","meta":[],"product_brand":[],"product_cat":[9026,10486,9188],"product_tag":[],"woo-feed-brand":[],"class_list":{"0":"post-61005","1":"product","2":"type-product","3":"status-publish","4":"has-post-thumbnail","6":"product_cat-scarpe-da-donna","7":"product_cat-ballerine-destalonadas","8":"product_cat-uscita","9":"pa_talla-zapato-36-it","10":"pa_talla-zapato-37-it","11":"pa_talla-zapato-38-it","12":"pa_talla-zapato-39-it","13":"pa_talla-zapato-40-it","14":"pa_talla-zapato-41-it","15":"pa_talla-zapato-42-it","17":"first","18":"instock","19":"sale","20":"taxable","21":"shipping-taxable","22":"purchasable","23":"product-type-variable"},"_links":{"self":[{"href":"https:\/\/www.beatnikshoes.com\/it\/wp-json\/wp\/v2\/product\/61005","targetHints":{"allow":["GET"]}}],"collection":[{"href":"https:\/\/www.beatnikshoes.com\/it\/wp-json\/wp\/v2\/product"}],"about":[{"href":"https:\/\/www.beatnikshoes.com\/it\/wp-json\/wp\/v2\/types\/product"}],"replies":[{"embeddable":true,"href":"https:\/\/www.beatnikshoes.com\/it\/wp-json\/wp\/v2\/comments?post=61005"}],"wp:featuredmedia":[{"embeddable":true,"href":"https:\/\/www.beatnikshoes.com\/it\/wp-json\/wp\/v2\/media\/59315"}],"wp:attachment":[{"href":"https:\/\/www.beatnikshoes.com\/it\/wp-json\/wp\/v2\/media?parent=61005"}],"wp:term":[{"taxonomy":"product_brand","embeddable":true,"href":"https:\/\/www.beatnikshoes.com\/it\/wp-json\/wp\/v2\/product_brand?post=61005"},{"taxonomy":"product_cat","embeddable":true,"href":"https:\/\/www.beatnikshoes.com\/it\/wp-json\/wp\/v2\/product_cat?post=61005"},{"taxonomy":"product_tag","embeddable":true,"href":"https:\/\/www.beatnikshoes.com\/it\/wp-json\/wp\/v2\/product_tag?post=61005"},{"taxonomy":"woo-feed-brand","embeddable":true,"href":"https:\/\/www.beatnikshoes.com\/it\/wp-json\/wp\/v2\/woo-feed-brand?post=61005"}],"curies":[{"name":"wp","href":"https:\/\/api.w.org\/{rel}","templated":true}]}}