{"id":60946,"date":"2023-05-14T18:28:28","date_gmt":"2023-05-14T16:28:28","guid":{"rendered":"https:\/\/www.beatnikshoes.com\/zapatos-hechos-a-mano\/sandali-verdi-canguro-sandali-con-tallone-basso-cinghie-fatte-su-piedi\/"},"modified":"2025-08-25T22:10:56","modified_gmt":"2025-08-25T20:10:56","slug":"verde-verde-canguro-sandali-con-tallone-basso-cravatta-su-piedi","status":"publish","type":"product","link":"https:\/\/www.beatnikshoes.com\/it\/scarpe-fatte-a-mano\/verde-verde-canguro-sandali-con-tallone-basso-cravatta-su-piedi\/","title":{"rendered":"Sandali a granchio verdi con tacco basso in pelle Beatnik Fran\u00e7oise Vert"},"content":{"rendered":"<h2>I SANDALI CON TACCO BASSO IN GRANCHIO VERDE CHE STAVATE ASPETTANDO<\/h2>\n<p>Quest&#8217;anno abbiamo un&#8217;edizione limitata dei vostri sandali in pelle preferiti. Come potete vedere, i <strong>sandali verdi con tacco basso in pelle<\/strong> sono una delizia assoluta per questa stagione.<\/p>\n<p>L&#8217;ultimo dei nostri <strong>sandali a granchio in pelle<\/strong> \u00e8 uno dei pi\u00f9 comodi dell&#8217;intera collezione. La larghezza perfetta, i cinturini giusti al posto giusto, la migliore pelle di vitello, insomma, tutti i dettagli e le regolazioni necessarie per rendere questi sandali i preferiti di tutti i nostri clienti. Il suo stile si abbina perfettamente a qualsiasi tipo di abito e di taglio, dando un tocco molto elegante, visto che stiamo parlando di una scarpa aperta. Abbiamo sempre trovato la chiusura sulla tomaia una soluzione molto pratica per proteggere la punta del piede e aggiungere un tocco di stile. La chiusura con fibbia \u00e8 una soluzione sicura per la calzata di questo sandalo. I cinturini laterali in pelle completano il design perfetto, soprattutto nelle giornate pi\u00f9 calde.<\/p>\n<p>Da Beatnik, le collezioni sono assolutamente senza tempo. E questo <strong>sandalo a granchio in pelle verde<\/strong> lo sar\u00e0 ancora per molto tempo. Il colore verde ravviva un design ispirato agli anni Sessanta. Questo colore, destinato ad essere abbinato a tutte le palette di colori, soprattutto ai toni pi\u00f9 chiari della primavera e dell&#8217;estate, \u00e8 uno dei nostri colori preferiti in ogni stagione. E se \u00e8 di moda quest&#8217;anno, pensiamo che sia altrettanto valido, perch\u00e9 si abbina perfettamente a tutti gli stili, indipendentemente dall&#8217;anno.<\/p>\n<h3>SANDALI DA SERA IN PELLE PREGIATA<\/h3>\n<p>La pelle utilizzata \u00e8 la pi\u00f9 morbida delle pelli di vitello. Le suole sono in spai antiscivolo. L&#8217;intero pezzo \u00e8 foderato in pelle viola. Il tacco scelto \u00e8 quadrato e largo, foderato in pelle. E con l&#8217;altezza perfetta per non compromettere il comfort in nessun momento, quattro centimetri di altezza.<\/p>\n<p>Non lasciatevi sfuggire i migliori<strong> sandali verdi da <\/strong><strong>donna<\/strong> Fran\u00e7oise Vert.<\/p>\n","protected":false},"excerpt":{"rendered":"<h2>Sandalo in pelle fatto a mano in Spagna<\/h2>\n<p>Materiale esterno: pelle di vitello verde.<br \/>\nFodera: Pelle bovina viola<br \/>\nMateriale della suola: Pelle sintetica antiscivolo.<br \/>\nChiusura: fibbie<br \/>\nTipo di tacco: medio<br \/>\nComposizione: 100 % pelle<\/p>\n<p><strong>Nota sulle taglie del modello Fran\u00e7oise<\/strong>: ordinare una taglia in pi\u00f9 del solito.<\/p>\n","protected":false},"featured_media":59305,"comment_status":"open","ping_status":"closed","template":"","meta":[],"product_brand":[],"product_cat":[9560,9026],"product_tag":[],"woo-feed-brand":[],"class_list":{"0":"post-60946","1":"product","2":"type-product","3":"status-publish","4":"has-post-thumbnail","6":"product_cat-sandali-cangrejeras","7":"product_cat-scarpe-da-donna","8":"pa_talla-zapato-36-it","9":"pa_talla-zapato-37-it","10":"pa_talla-zapato-38-it","11":"pa_talla-zapato-39-it","12":"pa_talla-zapato-40-it","13":"pa_talla-zapato-41-it","15":"first","16":"instock","17":"sale","18":"taxable","19":"shipping-taxable","20":"purchasable","21":"product-type-variable"},"_links":{"self":[{"href":"https:\/\/www.beatnikshoes.com\/it\/wp-json\/wp\/v2\/product\/60946","targetHints":{"allow":["GET"]}}],"collection":[{"href":"https:\/\/www.beatnikshoes.com\/it\/wp-json\/wp\/v2\/product"}],"about":[{"href":"https:\/\/www.beatnikshoes.com\/it\/wp-json\/wp\/v2\/types\/product"}],"replies":[{"embeddable":true,"href":"https:\/\/www.beatnikshoes.com\/it\/wp-json\/wp\/v2\/comments?post=60946"}],"wp:featuredmedia":[{"embeddable":true,"href":"https:\/\/www.beatnikshoes.com\/it\/wp-json\/wp\/v2\/media\/59305"}],"wp:attachment":[{"href":"https:\/\/www.beatnikshoes.com\/it\/wp-json\/wp\/v2\/media?parent=60946"}],"wp:term":[{"taxonomy":"product_brand","embeddable":true,"href":"https:\/\/www.beatnikshoes.com\/it\/wp-json\/wp\/v2\/product_brand?post=60946"},{"taxonomy":"product_cat","embeddable":true,"href":"https:\/\/www.beatnikshoes.com\/it\/wp-json\/wp\/v2\/product_cat?post=60946"},{"taxonomy":"product_tag","embeddable":true,"href":"https:\/\/www.beatnikshoes.com\/it\/wp-json\/wp\/v2\/product_tag?post=60946"},{"taxonomy":"woo-feed-brand","embeddable":true,"href":"https:\/\/www.beatnikshoes.com\/it\/wp-json\/wp\/v2\/woo-feed-brand?post=60946"}],"curies":[{"name":"wp","href":"https:\/\/api.w.org\/{rel}","templated":true}]}}