{"id":60920,"date":"2023-06-01T12:29:27","date_gmt":"2023-06-01T10:29:27","guid":{"rendered":"https:\/\/www.beatnikshoes.com\/zapatos-hechos-a-mano\/nero-salon-calzatura-con-tacco-basso-tallone-tallone-tallone-tallone-tallone-tallone-tallone-tallone-tallone-tallone-tallone-tallone-tallone-tallone\/"},"modified":"2025-06-19T22:50:28","modified_gmt":"2025-06-19T20:50:28","slug":"nero-salon-calzatura-con-tacco-basso-tallone-tallone-tallone-tallone-tallone-tallone-tallone-tallone-tallone-tallone-tallone-tallone-tallone-tallone","status":"publish","type":"product","link":"https:\/\/www.beatnikshoes.com\/it\/scarpe-fatte-a-mano\/nero-salon-calzatura-con-tacco-basso-tallone-tallone-tallone-tallone-tallone-tallone-tallone-tallone-tallone-tallone-tallone-tallone-tallone-tallone\/","title":{"rendered":"Jane Nero Pompa con tacco basso Jane Nero"},"content":{"rendered":"<h2>ELEGANZA E COMFORT SUPREMI CON QUESTE D\u00c9COLLET\u00c9 NERE A TACCO BASSO.<\/h2>\n<p>Si d\u00e0 il caso che le buone idee rimangano a lungo in circolazione. E la verit\u00e0 \u00e8 che una <strong>d\u00e9collet\u00e9 nera con tacco basso<\/strong> \u00e8 un&#8217;ottima soluzione per vestirsi perfettamente in qualsiasi momento.<\/p>\n<p>Le combinazioni possibili con le nostre d\u00e9collet\u00e9 Jane <strong>nere<\/strong> sono infinite.<\/p>\n<p>L&#8217;elegante tomaia monopezzo, il tacco basso e la forma classica ne fanno la scarpa perfetta per il luogo di lavoro. Si abbina perfettamente a pantaloni di qualsiasi larghezza, giacche da abito, pantaloni chino o anche al venerd\u00ec casual, con i jeans. E indossando queste <strong>d\u00e9collet\u00e9 nere con tacco aperto<\/strong> con un abito o un completo con gonna, il risultato \u00e8 perfetto.<\/p>\n<p>Nelle occasioni in cui \u00e8 richiesto uno stile classico, queste d\u00e9collet\u00e9 nere con tacco basso diventano una scarpa elegante e funzionale in egual misura. Il suo taglio e il suo design sono perfetti sia con un abito che con un completo, dando un tocco molto femminile allo stile scelto.<\/p>\n<p>Il nero \u00e8 un basic per tutte le stagioni e per tutti gli stili per una scarpa da sera. Non ci sar\u00e0 una stagione in cui non si vestiranno perfettamente. E la facilit\u00e0 di abbinamento con ogni tipo di tavolozza di colori, soprattutto in contesti pi\u00f9 formali.<\/p>\n<h3>SCARPE DA SALOTTO CON TACCO BASSO E ULTRA CONFORTEVOLI<\/h3>\n<p>Il design senza tempo di queste <strong>d\u00e9collet\u00e9 nere con tacco basso<\/strong> si combina con il comfort della tomaia, il design della forma e la facile chiusura del cinturino posteriore. Il tutto \u00e8 completato da un tacco basso e quadrato, perfetto per le lunghe passeggiate o le lunghe giornate di lavoro.<\/p>\n<p>La pelle scelta per questo modello \u00e8 morbida pelle di vitello, interamente foderata in morbida pelle con cuciture minime, soletta in pelle e suola antiscivolo. Solo la migliore pelle garantisce un comfort totale, uno stile pulito e una vita molto lunga di questo pezzo, in perfette condizioni.<\/p>\n<p>Le<strong>scarpe da salotto<\/strong> o<strong>\u201cscarpe da tribunale<\/strong>\u201d o<strong>\u201csouliers de court<\/strong>\u201d, come vengono chiamate in francese o in inglese, hanno un \u201corigine che risale alla regina francese Eleonora d\u201d Aquitania e poi, molto pi\u00f9 vicino al loro aspetto attuale, al XVIII secolo in Francia. E come suggerisce il nome, si trattava di una scarpa specificamente utilizzata per la sala da ballo.<\/p>\n<p>Molto pi\u00f9 comodo che ballare con gli stivali, che erano ampiamente utilizzati come calzature da esterno. E c&#8217;era un altro modello con cui convivevano in termini di tempo e luogo come scarpa comoda per camminare in casa, le pantofole o ciabatte che provenivano dall&#8217;Impero Ottomano. E che lo erano, per comodit\u00e0. Se combiniamo questi due modelli con il tacco basso di una ballerina, insieme alla forma pi\u00f9 confortevole del nostro laboratorio, abbiamo l&#8217;origine della nostra Jane.<\/p>\n<p>Per tutti questi motivi, \u00e8 il momento di indossare le migliori d\u00e9collet\u00e9 <strong>nere con tacco basso<\/strong>.<\/p>\n","protected":false},"excerpt":{"rendered":"<h2>Ballerine in pelle fatte a mano in Spagna<\/h2>\n<p>Materiale esterno: Pelle di vitello nera<br \/>\nFodera: pelle di vacchetta viola<br \/>\nMateriale della suola: materiale antiscivolo<br \/>\nChiusura: fibbie<br \/>\nTipo di tacco: basso<br \/>\nComposizione: 100% pelle<\/p>\n","protected":false},"featured_media":59329,"comment_status":"open","ping_status":"closed","template":"","meta":[],"product_brand":[],"product_cat":[10486,9026,9188],"product_tag":[],"woo-feed-brand":[],"class_list":{"0":"post-60920","1":"product","2":"type-product","3":"status-publish","4":"has-post-thumbnail","6":"product_cat-ballerine-destalonadas","7":"product_cat-scarpe-da-donna","8":"product_cat-uscita","9":"pa_talla-zapato-36-it","10":"pa_talla-zapato-37-it","11":"pa_talla-zapato-38-it","12":"pa_talla-zapato-39-it","13":"pa_talla-zapato-40-it","14":"pa_talla-zapato-41-it","15":"pa_talla-zapato-42-it","17":"first","18":"instock","19":"sale","20":"taxable","21":"shipping-taxable","22":"purchasable","23":"product-type-variable"},"_links":{"self":[{"href":"https:\/\/www.beatnikshoes.com\/it\/wp-json\/wp\/v2\/product\/60920","targetHints":{"allow":["GET"]}}],"collection":[{"href":"https:\/\/www.beatnikshoes.com\/it\/wp-json\/wp\/v2\/product"}],"about":[{"href":"https:\/\/www.beatnikshoes.com\/it\/wp-json\/wp\/v2\/types\/product"}],"replies":[{"embeddable":true,"href":"https:\/\/www.beatnikshoes.com\/it\/wp-json\/wp\/v2\/comments?post=60920"}],"wp:featuredmedia":[{"embeddable":true,"href":"https:\/\/www.beatnikshoes.com\/it\/wp-json\/wp\/v2\/media\/59329"}],"wp:attachment":[{"href":"https:\/\/www.beatnikshoes.com\/it\/wp-json\/wp\/v2\/media?parent=60920"}],"wp:term":[{"taxonomy":"product_brand","embeddable":true,"href":"https:\/\/www.beatnikshoes.com\/it\/wp-json\/wp\/v2\/product_brand?post=60920"},{"taxonomy":"product_cat","embeddable":true,"href":"https:\/\/www.beatnikshoes.com\/it\/wp-json\/wp\/v2\/product_cat?post=60920"},{"taxonomy":"product_tag","embeddable":true,"href":"https:\/\/www.beatnikshoes.com\/it\/wp-json\/wp\/v2\/product_tag?post=60920"},{"taxonomy":"woo-feed-brand","embeddable":true,"href":"https:\/\/www.beatnikshoes.com\/it\/wp-json\/wp\/v2\/woo-feed-brand?post=60920"}],"curies":[{"name":"wp","href":"https:\/\/api.w.org\/{rel}","templated":true}]}}