{"id":60888,"date":"2023-05-14T20:15:39","date_gmt":"2023-05-14T18:15:39","guid":{"rendered":"https:\/\/www.beatnikshoes.com\/zapatos-hechos-a-mano\/scarpa-da-donna-in-pelle-marrone-con-fibbia\/"},"modified":"2025-08-25T21:58:21","modified_gmt":"2025-08-25T19:58:21","slug":"scarpa-da-donna-in-pelle-marrone-con-fibbia","status":"publish","type":"product","link":"https:\/\/www.beatnikshoes.com\/it\/scarpe-fatte-a-mano\/scarpa-da-donna-in-pelle-marrone-con-fibbia\/","title":{"rendered":"Scarpe con fibbia Martha Brown da donna in pelle marrone"},"content":{"rendered":"<h2>SCARPE DA DONNA CON FIBBIA MARRONE E TACCO BASSO BEATNIK<\/h2>\n<p>Uno dei modelli Beatnik preferiti sono le scarpe con la fibbia. E ogni anno cerchiamo di presentarvi una nuova scarpa da monaco.<\/p>\n<p>Quest&#8217;anno vi presentiamo le nostre nuove <strong>scarpe da donna con fibbia marrone in pelle Beatnik<\/strong>. La forma utilizzata \u00e8 la stessa di tutte le nostre scarpe Oxford. Una forma collaudata con un comfort comprovato che ha attraversato i cinque continenti.<\/p>\n<p>Questa <strong>scarpa marrone con fibbie<\/strong> \u00e8 un modello classico, ma la forma della chiusura a fibbia la rende quasi una Mary Jane formale ed elegante. Il tacco di 3 centimetri garantisce un grande comfort e la rende estremamente pratica come scarpa da lavoro.<br \/>\nLa suola \u00e8 in vera pelle e, come tutti i modelli della nostra collezione, \u00e8 foderata internamente in pelle viola. La tomaia \u00e8 decorata con il classico motivo Brogue, che aggiunge un tocco di classicit\u00e0 alla vostra linea. La chiusura \u00e8 con un&#8217;unica fibbia d&#8217;argento.<\/p>\n<p>Come standard su tutti i nostri modelli, la pelle di vitello utilizzata per questo modello \u00e8 la pi\u00f9 morbida ed elastica del mercato e aggiunge un tocco di comfort al design della tomaia. La tonalit\u00e0 marrone \u00e8 perfetta per essere abbinata ai toni della terra, ai blu e ai grigi, rendendolo un modello adatto a tutte le stagioni e a qualsiasi situazione.<\/p>\n<h3>UNA SCARPA CLASSICA CON FIBBIA PER CHI NON \u00c8 COS\u00cc CLASSICO<\/h3>\n<p>Per tutti questi motivi, questa <strong>scarpa monk marrone con fibbie<\/strong> pu\u00f2 essere indossata perfettamente con pantaloni e un abito classico, ma allo stesso tempo la sua linea chiusa permette di indossarla anche con una gonna e un vestito.<\/p>\n<p>Con jeans di qualsiasi colore o con una gonna lunga, queste <strong>scarpe con cinturino alla caviglia o con fibbia marrone<\/strong> Beatnik sono la perfetta dichiarazione di stile. Tutto questo senza perdere il comfort e lo stile classico.<\/p>\n<p>Non perdete quindi l&#8217;occasione di indossare queste classiche <strong>scarpe Beatnik marroni con cinturino o fibbia<\/strong>.<\/p>\n","protected":false},"excerpt":{"rendered":"<h2>Scarpe con fibbia marrone fatte a mano<\/h2>\n<p>Materiale esterno: pelle di vitello marrone mogano<br \/>\nFodera: pelle di vitello<br \/>\nMateriale della suola: pelle cucita pi\u00f9 uno strato di materiale antiscivolo<br \/>\nChiusura: fibbie<br \/>\nTipo di tacco: basso<\/p>\n","protected":false},"featured_media":70137,"comment_status":"open","ping_status":"closed","template":"","meta":[],"product_brand":[],"product_cat":[9026,9260],"product_tag":[],"woo-feed-brand":[],"class_list":{"0":"post-60888","1":"product","2":"type-product","3":"status-publish","4":"has-post-thumbnail","6":"product_cat-scarpe-da-donna","7":"product_cat-scarpa-con-fibbie","8":"pa_talla-zapato-35-it","9":"pa_talla-zapato-36-it","10":"pa_talla-zapato-37-it","11":"pa_talla-zapato-38-it","12":"pa_talla-zapato-39-it","13":"pa_talla-zapato-40-it","14":"pa_talla-zapato-41-it","15":"pa_talla-zapato-42-it","17":"first","18":"instock","19":"sale","20":"featured","21":"taxable","22":"shipping-taxable","23":"purchasable","24":"product-type-variable"},"_links":{"self":[{"href":"https:\/\/www.beatnikshoes.com\/it\/wp-json\/wp\/v2\/product\/60888","targetHints":{"allow":["GET"]}}],"collection":[{"href":"https:\/\/www.beatnikshoes.com\/it\/wp-json\/wp\/v2\/product"}],"about":[{"href":"https:\/\/www.beatnikshoes.com\/it\/wp-json\/wp\/v2\/types\/product"}],"replies":[{"embeddable":true,"href":"https:\/\/www.beatnikshoes.com\/it\/wp-json\/wp\/v2\/comments?post=60888"}],"wp:featuredmedia":[{"embeddable":true,"href":"https:\/\/www.beatnikshoes.com\/it\/wp-json\/wp\/v2\/media\/70137"}],"wp:attachment":[{"href":"https:\/\/www.beatnikshoes.com\/it\/wp-json\/wp\/v2\/media?parent=60888"}],"wp:term":[{"taxonomy":"product_brand","embeddable":true,"href":"https:\/\/www.beatnikshoes.com\/it\/wp-json\/wp\/v2\/product_brand?post=60888"},{"taxonomy":"product_cat","embeddable":true,"href":"https:\/\/www.beatnikshoes.com\/it\/wp-json\/wp\/v2\/product_cat?post=60888"},{"taxonomy":"product_tag","embeddable":true,"href":"https:\/\/www.beatnikshoes.com\/it\/wp-json\/wp\/v2\/product_tag?post=60888"},{"taxonomy":"woo-feed-brand","embeddable":true,"href":"https:\/\/www.beatnikshoes.com\/it\/wp-json\/wp\/v2\/woo-feed-brand?post=60888"}],"curies":[{"name":"wp","href":"https:\/\/api.w.org\/{rel}","templated":true}]}}