{"id":60843,"date":"2022-08-12T11:33:02","date_gmt":"2022-08-12T09:33:02","guid":{"rendered":"https:\/\/www.beatnikshoes.com\/zapatos-hechos-a-mano\/blu-e-bianco-blu-e-bianco-abito-donna-sneakers-harper-blue-white\/"},"modified":"2025-08-26T20:41:30","modified_gmt":"2025-08-26T18:41:30","slug":"blu-e-bianco-blu-e-bianco-abito-donna-sneakers-harper-blue-white","status":"publish","type":"product","link":"https:\/\/www.beatnikshoes.com\/it\/scarpe-fatte-a-mano\/blu-e-bianco-blu-e-bianco-abito-donna-sneakers-harper-blue-white\/","title":{"rendered":"Pantofole da donna in pelle blu e bianca Beatnik Harper Blue White"},"content":{"rendered":"<h2>SCARPE DA GINNASTICA DA DONNA IN PELLE BLU E BIANCA BEATNIK HARPER BLU E BIANCO<\/h2>\n<p>Le <strong>scarpe da ginnastica Harper in pelle blu e suola bianca dal<\/strong> design minimalista sono tornate da Beatnik Shoes. Le nostre sneakers Harper in pelle, dal design classico, sono una delle linee pi\u00f9 apprezzate. Quindi date il benvenuto alle <strong>scarpe da ginnastica in pelle blu<\/strong> pi\u00f9 comode ed eleganti.<\/p>\n<p>La nostra collezione \u00e8 ricca di scarpe colorate. E queste <strong>scarpe da ginnastica casual in pelle<\/strong> blu e suola bianca, simili a quelle della nostra linea Oxfords, sono una scommessa vincente. Il blu \u00e8 uno dei colori pi\u00f9 universali e facile da abbinare in qualsiasi stagione. Le linee pulite ed essenziali di queste <strong>sneakers in pelle<\/strong> si abbinano perfettamente a qualsiasi stile.<\/p>\n<p>La tomaia di queste <strong>scarpe da ginnastica da donna in pelle blu<\/strong> \u00e8 realizzata con la pelle pi\u00f9 morbida e flessibile disponibile sul mercato. Un comfort totale che si accompagna anche al design dell&#8217;ultima di queste <strong>scarpe da ginnastica in pelle blu <\/strong>. Un design che gioca con le proporzioni perfette per garantire un uso intensivo per lungo tempo.<\/p>\n<h3>DESIGN CLASSICO E MINIMALISTA<\/h3>\n<p>Inoltre, il design elegante delle sue linee conferisce uno stile molto elegante e discreto. E se a questo si aggiunge il colore blu in cui \u00e8 montata questa <strong>sneaker da donna in pelle<\/strong>, \u00e8 facile innamorarsi del risultato finale.<\/p>\n<p>In questa edizione limitata abbiamo aggiunto una suola bianca in materiale antiscivolo. Mantiene lo stile classico di queste <strong>scarpe da ginnastica casual in pelle blu,<\/strong> aggiungendo un tocco leggermente meno formale.<\/p>\n<p>Per un maggiore comfort, l&#8217;interno di queste <strong>scarpe da ginnastica casual in pelle blu<\/strong> \u00e8 foderato in morbida pelle di vitello viola. La suola interna in cuoio \u00e8 facilmente rimovibile e rinnovabile quante volte si vuole, per una maggiore durata del pezzo. In questo modo, la durata di vita delle vostre scarpe in pelle aumenter\u00e0 in modo esponenziale.<\/p>\n<h3>STILE SMART CASUAL E COMFORT TOTALE<\/h3>\n<p>Nell&#8217;ambiente di lavoro odierno, ci sono sempre pi\u00f9 opportunit\u00e0 di allontanarsi dallo stile pi\u00f9 tradizionale. E con la nostra linea di <strong>sneaker in pelle Harper,<\/strong> non ci limitiamo a offrire le classiche scarpe da ginnastica in pelle. Sono anche un accessorio casual per le giornate in ufficio, quando il protocollo \u00e8 un po&#8217; pi\u00f9 aperto. Anche per le riunioni di lavoro o per i &#8220;venerd\u00ec casual&#8221;, queste scarpe in pelle blu possono essere una parte essenziale del kit quotidiano, elegante e confortevole.<\/p>\n","protected":false},"excerpt":{"rendered":"<h2>Scarpe da ginnastica blu per uomo e donna realizzate a mano in pelle di vitello.<\/h2>\n<p>Materiale esterno: pelle di vacchetta blu.<br \/>\nFodera: pelle di vacchetta.<br \/>\nSoletta rimovibile.<br \/>\nMateriale della suola: mescola bianca antiscivolo.<\/p>\n","protected":false},"featured_media":59039,"comment_status":"open","ping_status":"closed","template":"","meta":[],"product_brand":[],"product_cat":[9026,9705,9188],"product_tag":[],"woo-feed-brand":[],"class_list":{"0":"post-60843","1":"product","2":"type-product","3":"status-publish","4":"has-post-thumbnail","6":"product_cat-scarpe-da-donna","7":"product_cat-scarpe-da-ginnastica-in-pelle-it","8":"product_cat-uscita","9":"pa_talla-zapato-35-it","10":"pa_talla-zapato-36-it","11":"pa_talla-zapato-37-it","12":"pa_talla-zapato-38-it","14":"first","15":"instock","16":"sale","17":"taxable","18":"shipping-taxable","19":"purchasable","20":"product-type-variable"},"_links":{"self":[{"href":"https:\/\/www.beatnikshoes.com\/it\/wp-json\/wp\/v2\/product\/60843","targetHints":{"allow":["GET"]}}],"collection":[{"href":"https:\/\/www.beatnikshoes.com\/it\/wp-json\/wp\/v2\/product"}],"about":[{"href":"https:\/\/www.beatnikshoes.com\/it\/wp-json\/wp\/v2\/types\/product"}],"replies":[{"embeddable":true,"href":"https:\/\/www.beatnikshoes.com\/it\/wp-json\/wp\/v2\/comments?post=60843"}],"wp:featuredmedia":[{"embeddable":true,"href":"https:\/\/www.beatnikshoes.com\/it\/wp-json\/wp\/v2\/media\/59039"}],"wp:attachment":[{"href":"https:\/\/www.beatnikshoes.com\/it\/wp-json\/wp\/v2\/media?parent=60843"}],"wp:term":[{"taxonomy":"product_brand","embeddable":true,"href":"https:\/\/www.beatnikshoes.com\/it\/wp-json\/wp\/v2\/product_brand?post=60843"},{"taxonomy":"product_cat","embeddable":true,"href":"https:\/\/www.beatnikshoes.com\/it\/wp-json\/wp\/v2\/product_cat?post=60843"},{"taxonomy":"product_tag","embeddable":true,"href":"https:\/\/www.beatnikshoes.com\/it\/wp-json\/wp\/v2\/product_tag?post=60843"},{"taxonomy":"woo-feed-brand","embeddable":true,"href":"https:\/\/www.beatnikshoes.com\/it\/wp-json\/wp\/v2\/woo-feed-brand?post=60843"}],"curies":[{"name":"wp","href":"https:\/\/api.w.org\/{rel}","templated":true}]}}