{"id":60832,"date":"2022-05-26T13:21:32","date_gmt":"2022-05-26T11:21:32","guid":{"rendered":"https:\/\/www.beatnikshoes.com\/zapatos-hechos-a-mano\/scarpe-da-ginnastica-in-pelle-blu-per-uomo-e-donna-beatnik-harper-blue\/"},"modified":"2025-10-22T00:16:24","modified_gmt":"2025-10-21T22:16:24","slug":"scarpe-da-ginnastica-in-pelle-blu-per-uomo-e-donna-beatnik-harper-blue","status":"publish","type":"product","link":"https:\/\/www.beatnikshoes.com\/it\/scarpe-fatte-a-mano\/scarpe-da-ginnastica-in-pelle-blu-per-uomo-e-donna-beatnik-harper-blue\/","title":{"rendered":"Scarpe da sera in pelle blu per uomo e donna Beatnik Harper Blue"},"content":{"rendered":"<h2>SNEAKERS IN PELLE BLU PER UOMO E DONNA BEATNIK HARPER BLU<\/h2>\n<p>Questo \u00e8 il nostro regalo per questa nuova stagione. Le <strong>scarpe da ginnastica Harper blu in pelle<\/strong> di vitello morbidissima e dal design minimalista sono tornate da Beatnik Shoes.<\/p>\n<p>Le nostre <strong>sneakers Harper in pelle<\/strong>, dal design classico, sono una delle linee pi\u00f9 apprezzate. E queste <strong>sneakers eleganti in pelle blu in edizione limitata per uomo e donna<\/strong> sono la nostra risposta.<\/p>\n<p>Amiamo le scarpe colorate e questa combinazione di pelle blu e suola blu abbinata, simile a quelle della nostra linea di Oxfords, \u00e8 una scommessa vincente.<\/p>\n<p>Il blu \u00e8 uno dei colori pi\u00f9 universali e facile da abbinare in qualsiasi stagione. E il contrasto minimo con la suola valorizza totalmente l&#8217;intero look. Le linee pulite e nette del suo design, senza alcuna decorazione, si sposano perfettamente con qualsiasi stile.<\/p>\n<p>La pelle di vitello di questa<strong> scarpa da ginnastica unisex in pelle blu<\/strong> \u00e8 la pi\u00f9 morbida ed elastica che abbiamo mai chiesto. La sensazione di estremo comfort della pelle delle nostre <strong>scarpe Beatnik Harper da uomo e da donna in pelle blu<\/strong> \u00e8 una sensazione che non dimenticherete presto.<\/p>\n<p>L&#8217;intero pezzo \u00e8 realizzato a mano in Spagna, curando ogni dettaglio. La forma \u00e8 stata progettata con una larghezza perfetta per offrire un comfort totale e pu\u00f2 essere indossata come un paio di <strong>scarpe da ginnastica blu da passeggio<\/strong>. O come un paio di <strong>sneakers blu da sera<\/strong>.<\/p>\n<p>La suola antiscivolo ha una presa perfetta. La soletta in pelle \u00e8 progettata in modo ergonomico per migliorare anche la sensazione di comfort. E con il meraviglioso dettaglio che \u00e8 rimovibile e rinnovabile, in modo da poterlo sostituire e cambiare tutte le volte che si vuole. Come l&#8217;intera collezione Beatnik, l&#8217;interno di questa <strong>scarpa classica in pelle blu<\/strong> \u00e8 foderato in pelle di vitello viola.<\/p>\n<h3>STILE, ELEGANZA E COMFORT<\/h3>\n<p>Il design classico di queste <strong>scarpe da uomo e da donna in pelle blu <\/strong>\u00e8 perfetto per un ambiente business casual. \u00c8 una <strong>scarpa da ginnastica in pelle blu<\/strong> dal design elegante e minimalista. E allo stesso tempo sono <strong>sneakers in pelle blu<\/strong> che danno un tocco casual.<\/p>\n<p>Senza dimenticare che nel nuovo contesto lavorativo, dove si sono aperte le frontiere di stili meno formali, queste <strong>elegantissime scarpe da abito in pelle blu<\/strong>, di estrema qualit\u00e0 e dalla linea pi\u00f9 rilassata, avranno un sicuro successo. In definitiva, si tratta di <strong>scarpe da ginnastica blu<\/strong>, ma realizzate in pelle pregiata.<\/p>\n<p>\u00c8 un dato di fatto che il blu \u00e8 uno dei colori pi\u00f9 utilizzati per il lavoro e la sua combinazione con tutte le palette di colori \u00e8 molto facile, in qualsiasi stagione dell&#8217;anno.<\/p>\n<p>Queste <strong>scarpe da ginnastica in pelle blu<\/strong>, sappiamo che diventeranno le vostre scarpe da sera in pelle blu preferite. E lo saranno ancora per molto tempo.<\/p>\n","protected":false},"excerpt":{"rendered":"<h2>Scarpe da ginnastica blu per uomo e donna realizzate a mano in pelle di vitello.<\/h2>\n<p>Materiale esterno: pelle di vacchetta blu.<br \/>\nFodera: pelle di vacchetta.<br \/>\nSoletta rimovibile.<br \/>\nMateriale della suola: mescola bianca antiscivolo.<\/p>\n","protected":false},"featured_media":59349,"comment_status":"open","ping_status":"closed","template":"","meta":[],"product_brand":[],"product_cat":[9704,9026,9705,9158,9188],"product_tag":[],"woo-feed-brand":[],"class_list":{"0":"post-60832","1":"product","2":"type-product","3":"status-publish","4":"has-post-thumbnail","6":"product_cat-scarpe-da-ginnastica-in-pelle","7":"product_cat-scarpe-da-donna","8":"product_cat-scarpe-da-ginnastica-in-pelle-it","9":"product_cat-scarpe-da-uomo","10":"product_cat-uscita","11":"pa_talla-zapato-35-it","12":"pa_talla-zapato-36-it","13":"pa_talla-zapato-37-it","14":"pa_talla-zapato-38-it","15":"pa_talla-zapato-39-it","16":"pa_talla-zapato-40-it","17":"pa_talla-zapato-41-it","18":"pa_talla-zapato-42-it","19":"pa_talla-zapato-43-it","20":"pa_talla-zapato-44-it","21":"pa_talla-zapato-45-it","22":"pa_talla-zapato-46-it","24":"first","25":"instock","26":"sale","27":"taxable","28":"shipping-taxable","29":"purchasable","30":"product-type-variable"},"_links":{"self":[{"href":"https:\/\/www.beatnikshoes.com\/it\/wp-json\/wp\/v2\/product\/60832","targetHints":{"allow":["GET"]}}],"collection":[{"href":"https:\/\/www.beatnikshoes.com\/it\/wp-json\/wp\/v2\/product"}],"about":[{"href":"https:\/\/www.beatnikshoes.com\/it\/wp-json\/wp\/v2\/types\/product"}],"replies":[{"embeddable":true,"href":"https:\/\/www.beatnikshoes.com\/it\/wp-json\/wp\/v2\/comments?post=60832"}],"wp:featuredmedia":[{"embeddable":true,"href":"https:\/\/www.beatnikshoes.com\/it\/wp-json\/wp\/v2\/media\/59349"}],"wp:attachment":[{"href":"https:\/\/www.beatnikshoes.com\/it\/wp-json\/wp\/v2\/media?parent=60832"}],"wp:term":[{"taxonomy":"product_brand","embeddable":true,"href":"https:\/\/www.beatnikshoes.com\/it\/wp-json\/wp\/v2\/product_brand?post=60832"},{"taxonomy":"product_cat","embeddable":true,"href":"https:\/\/www.beatnikshoes.com\/it\/wp-json\/wp\/v2\/product_cat?post=60832"},{"taxonomy":"product_tag","embeddable":true,"href":"https:\/\/www.beatnikshoes.com\/it\/wp-json\/wp\/v2\/product_tag?post=60832"},{"taxonomy":"woo-feed-brand","embeddable":true,"href":"https:\/\/www.beatnikshoes.com\/it\/wp-json\/wp\/v2\/woo-feed-brand?post=60832"}],"curies":[{"name":"wp","href":"https:\/\/api.w.org\/{rel}","templated":true}]}}