{"id":60774,"date":"2021-11-10T17:45:09","date_gmt":"2021-11-10T16:45:09","guid":{"rendered":"https:\/\/www.beatnikshoes.com\/zapatos-hechos-a-mano\/scarpe-marrone-doppia-fibbia-giugno-marrone-brogue\/"},"modified":"2025-08-26T21:26:40","modified_gmt":"2025-08-26T19:26:40","slug":"scarpe-marrone-doppia-fibbia-giugno-marrone-brogue","status":"publish","type":"product","link":"https:\/\/www.beatnikshoes.com\/it\/scarpe-fatte-a-mano\/scarpe-marrone-doppia-fibbia-giugno-marrone-brogue\/","title":{"rendered":"June Brown Brogue Scarpe marroni con doppia fibbia"},"content":{"rendered":"<h2>SONO ARRIVATE LE SCARPE DA DONNA MARRONI A DUE FIBBIE CON DECORAZIONE BROGUE<\/h2>\n<p>Il modello <strong>June<\/strong> <strong>Brown Brogue<\/strong> \u00e8 presente nella collezione Beatnik. Una delle novit\u00e0 pi\u00f9 attese del catalogo di quest&#8217;anno. Le <strong>scarpe June Brown Brogue da donna con doppia fibbia<\/strong> sono un punto fermo per ogni guardaroba autunnale e invernale. Un modello classico di scarpa da cerimonia che si indossa perfettamente come scarpa da cerimonia. Ma funziona anche come scarpa pi\u00f9 casual. E a cui, in questo caso, \u00e8 stata aggiunta una decorazione con il classico design brogue. E per completare il design, una suola tecnica extra large, in tinta con il colore del pezzo.<\/p>\n<p>Il colore marrone della pelle di vitello si abbina perfettamente a tutti i blu e i grigi. E naturalmente con tutte le gamme di colori pastello e terra. Le scarpe in pelle marrone sono una delle scelte pi\u00f9 comuni quando si tratta di indossare scarpe eleganti. Inoltre, ci permettono di aggiungere una nota di colore pi\u00f9 calda al nostro guardaroba formale, rispetto al pi\u00f9 classico nero. Le diverse tonalit\u00e0 di pelle di queste <strong>scarpe da donna con doppia fibbia marrone<\/strong> sono perfette da abbinare a colori pi\u00f9 freddi e seriosi. Facili da indossare come parte dello stile lavorativo, queste scarpe da donna con doppia fibbia marrone brillano anche in altri contesti molto pi\u00f9 casual.<\/p>\n<h3>TECNICA TRADIZIONALE. DESIGN CONTEMPORANEO<\/h3>\n<p>Per una giornata di tempo sgradevole, freddo o piovoso, niente di meglio che affidarsi a queste <strong>scarpe Monkstrap marroni con due fibbie da donna<\/strong>. Per un maggiore calore, sono montati su una suola in materiale tecnico antiscivolo. Questo tipo di suola, oltre a un&#8217;incredibile aderenza, offre un perfetto isolamento sia dal freddo che dall&#8217;umidit\u00e0. Questa suola extra larga tiene il terreno freddo lontano dalla suola del proprietario. E sopra questo pezzo isolante e ultraleggero, abbiamo inserito una soletta in pelle ammortizzata. Infine, l&#8217;interno della scarpa \u00e8 circondato dalla pelle di vitello che riveste l&#8217;intero pezzo.<\/p>\n<p>Ogni singolo pezzo di queste <strong>scarpe da donna con doppia fibbia marrone<\/strong> \u00e8 cucito insieme. Seguendo le tecniche pi\u00f9 tradizionali dei laboratori di calzature spagnoli. Cos\u00ec, combinando la qualit\u00e0 dei materiali utilizzati, le migliori pelli bovine, il design di una forma ultra-confortevole e la competenza dei migliori artigiani, si ottiene un pezzo tanto elegante quanto ultra-confortevole.<\/p>\n<p>Per questa e molte altre stagioni a venire.<\/p>\n","protected":false},"excerpt":{"rendered":"<h2>Scarpa full brogue marrone con doppia fibbia realizzata a mano in Spagna<\/h2>\n<p>Materiale esterno: Pelle di vitello marrone<br \/>\nRivestimento: Pelle di vacchetta viola<br \/>\nMateriale della suola: suola tecnica isolante e antiscivolo<br \/>\nTipo di tacco: basso<\/p>\n","protected":false},"featured_media":59099,"comment_status":"open","ping_status":"closed","template":"","meta":[],"product_brand":[],"product_cat":[9026,9260],"product_tag":[],"woo-feed-brand":[],"class_list":{"0":"post-60774","1":"product","2":"type-product","3":"status-publish","4":"has-post-thumbnail","6":"product_cat-scarpe-da-donna","7":"product_cat-scarpa-con-fibbie","8":"pa_talla-zapato-36-it","9":"pa_talla-zapato-37-it","10":"pa_talla-zapato-38-it","11":"pa_talla-zapato-39-it","12":"pa_talla-zapato-40-it","13":"pa_talla-zapato-41-it","15":"first","16":"instock","17":"sale","18":"taxable","19":"shipping-taxable","20":"purchasable","21":"product-type-variable"},"_links":{"self":[{"href":"https:\/\/www.beatnikshoes.com\/it\/wp-json\/wp\/v2\/product\/60774","targetHints":{"allow":["GET"]}}],"collection":[{"href":"https:\/\/www.beatnikshoes.com\/it\/wp-json\/wp\/v2\/product"}],"about":[{"href":"https:\/\/www.beatnikshoes.com\/it\/wp-json\/wp\/v2\/types\/product"}],"replies":[{"embeddable":true,"href":"https:\/\/www.beatnikshoes.com\/it\/wp-json\/wp\/v2\/comments?post=60774"}],"wp:featuredmedia":[{"embeddable":true,"href":"https:\/\/www.beatnikshoes.com\/it\/wp-json\/wp\/v2\/media\/59099"}],"wp:attachment":[{"href":"https:\/\/www.beatnikshoes.com\/it\/wp-json\/wp\/v2\/media?parent=60774"}],"wp:term":[{"taxonomy":"product_brand","embeddable":true,"href":"https:\/\/www.beatnikshoes.com\/it\/wp-json\/wp\/v2\/product_brand?post=60774"},{"taxonomy":"product_cat","embeddable":true,"href":"https:\/\/www.beatnikshoes.com\/it\/wp-json\/wp\/v2\/product_cat?post=60774"},{"taxonomy":"product_tag","embeddable":true,"href":"https:\/\/www.beatnikshoes.com\/it\/wp-json\/wp\/v2\/product_tag?post=60774"},{"taxonomy":"woo-feed-brand","embeddable":true,"href":"https:\/\/www.beatnikshoes.com\/it\/wp-json\/wp\/v2\/woo-feed-brand?post=60774"}],"curies":[{"name":"wp","href":"https:\/\/api.w.org\/{rel}","templated":true}]}}