{"id":60761,"date":"2022-06-01T13:03:46","date_gmt":"2022-06-01T11:03:46","guid":{"rendered":"https:\/\/www.beatnikshoes.com\/zapatos-hechos-a-mano\/scarpe-da-ginnastica-artigianali-da-uomo-e-da-donna-in-pelle-marrone-in-spain\/"},"modified":"2025-08-26T20:47:20","modified_gmt":"2025-08-26T18:47:20","slug":"scarpe-da-ginnastica-artigianali-da-uomo-e-da-donna-in-pelle-marrone-in-spain","status":"publish","type":"product","link":"https:\/\/www.beatnikshoes.com\/it\/scarpe-fatte-a-mano\/scarpe-da-ginnastica-artigianali-da-uomo-e-da-donna-in-pelle-marrone-in-spain\/","title":{"rendered":"Scarpe da uomo e da donna in pelle Beatnik Brown"},"content":{"rendered":"<h2>SNEAKERS IN PELLE MARRONE HARPER BROWN<\/h2>\n<p>Diamo il benvenuto a una delle <strong>scarpe da ginnastica in pelle<\/strong> pi\u00f9 attese dai nostri amici.<\/p>\n<p>Le <strong>scarpe da uomo e da donna in pelle marrone<\/strong> pi\u00f9 comode del mercato sono qui. Inoltre, il colore marrone della morbida pelle di vitello si abbina perfettamente a quasi tutte le tonalit\u00e0 di colore. Soprattutto con una combinazione classica come tutte le tonalit\u00e0 di blu. Quindi, questi Beatnik Harper Brown indossati con jeans classici o pantaloni chino saranno sempre una combinazione vincente. E non solo per un look casual.<\/p>\n<p>Il design minimale di questa <strong>scarpa da ginnastica in pelle marrone<\/strong> \u00e8 perfetto per essere indossato come una scarpa quasi formale, che si adatta a tutti gli stili business casual o smart casual nell&#8217;ambiente di lavoro di oggi.<\/p>\n<p>Il sobrio colore marrone della morbida pelle di vitello si adatta al look formale di qualsiasi riunione di lavoro o allo stile pi\u00f9 rilassato di molti uffici odierni. La suola antiscivolo \u00e8 di un colore marrone caramello che si abbina alla tomaia in pelle di queste <strong>scarpe da sera unisex in pelle marrone<\/strong>.<\/p>\n<h3>UN CLASSICO IMMEDIATO<\/h3>\n<p>Le <strong>scarpe eleganti marroni<\/strong> sono un punto fermo, cos\u00ec come le scarpe oxford marroni in stile pi\u00f9 formale. Le <strong>scarpe da ginnastica Beatnik Harper Brown da uomo e da donna in pelle marrone<\/strong> sono la risposta a tutti coloro che hanno chiesto l&#8217;estrema qualit\u00e0 della pelle di vitello in uno stile pi\u00f9 casual e in un colore facile da abbinare.<\/p>\n<p>Da un lato, il design di queste <strong>scarpe da uomo e da donna in pelle marrone<\/strong> ha una linea molto pulita e priva di decorazioni. Inoltre, l&#8217;ultima di queste <strong>scarpe da ginnastica in pelle marrone<\/strong>\u00e8 stata provata e testata. Ed \u00e8 perfetta per lunghe passeggiate o come scarpa formale.<\/p>\n<p>La larghezza \u00e8 perfetta e si adatta a entrambi gli usi. La larghezza della suola antiscivolo \u00e8 molto confortevole. Se a questo si aggiunge la suola ergonomica in pelle, la sensazione al piede \u00e8 ottima.<\/p>\n<p>La suola in cuoio \u00e8 facilmente rimovibile e sostituibile, per cui dura praticamente per sempre. L&#8217;intero interno di questa sneaker in pelle marrone \u00e8 foderato in morbida pelle di vitello viola. Vestirsi e andare in giro con queste <strong>scarpe da sera in pelle marrone<\/strong> per uomo e donna \u00e8 una vera sensazione.<\/p>\n<h3>PERFETTO IN QUALSIASI MOMENTO<\/h3>\n<p>Pensiamo quindi a quando possiamo indossare queste <strong>nuove scarpe da ginnastica in pelle marrone<\/strong>. Nei fine settimana? Perfetto per una passeggiata o un giro di shopping in tutta comodit\u00e0. Durante la settimana per andare in ufficio o a una riunione di lavoro? Nessun problema. Abbinati a pantaloni chino di qualsiasi colore, aggiungono un tocco leggermente casual, mitigato dal design classico e dal colore sobrio. in estate e in inverno? Stiamo parlando di pelle di altissima qualit\u00e0, che si adatta perfettamente alla nostra pelle e si adatta facilmente alla temperatura ambientale. E per uomini e donne, perch\u00e9 stile, eleganza e personalit\u00e0 sono sempre fondamentali per tutti noi.<\/p>\n<p>Questa stagione, scegliete le <strong>scarpe da sera in pelle marrone<\/strong> pi\u00f9 eleganti del mercato. Sappiamo che li amerete e che non smetterete di indossarli. Parola.<\/p>\n","protected":false},"excerpt":{"rendered":"<h2>Scarpe da ginnastica marroni da uomo e da donna realizzate a mano in pelle di vitello.<\/h2>\n<p>Materiale esterno: pelle di vacchetta marrone.<br \/>\nFodera: pelle di vacchetta.<br \/>\nSoletta rimovibile.<br \/>\nMateriale della suola: mescola antiscivolo marrone.<\/p>\n","protected":false},"featured_media":59215,"comment_status":"open","ping_status":"closed","template":"","meta":[],"product_brand":[],"product_cat":[9158,9026,9705,9704,9188],"product_tag":[],"woo-feed-brand":[],"class_list":{"0":"post-60761","1":"product","2":"type-product","3":"status-publish","4":"has-post-thumbnail","6":"product_cat-scarpe-da-uomo","7":"product_cat-scarpe-da-donna","8":"product_cat-scarpe-da-ginnastica-in-pelle-it","9":"product_cat-scarpe-da-ginnastica-in-pelle","10":"product_cat-uscita","11":"pa_talla-zapato-38-it","12":"pa_talla-zapato-39-it","13":"pa_talla-zapato-40-it","14":"pa_talla-zapato-41-it","15":"pa_talla-zapato-42-it","16":"pa_talla-zapato-43-it","17":"pa_talla-zapato-44-it","18":"pa_talla-zapato-45-it","19":"pa_talla-zapato-46-it","21":"first","22":"instock","23":"sale","24":"taxable","25":"shipping-taxable","26":"purchasable","27":"product-type-variable"},"_links":{"self":[{"href":"https:\/\/www.beatnikshoes.com\/it\/wp-json\/wp\/v2\/product\/60761","targetHints":{"allow":["GET"]}}],"collection":[{"href":"https:\/\/www.beatnikshoes.com\/it\/wp-json\/wp\/v2\/product"}],"about":[{"href":"https:\/\/www.beatnikshoes.com\/it\/wp-json\/wp\/v2\/types\/product"}],"replies":[{"embeddable":true,"href":"https:\/\/www.beatnikshoes.com\/it\/wp-json\/wp\/v2\/comments?post=60761"}],"wp:featuredmedia":[{"embeddable":true,"href":"https:\/\/www.beatnikshoes.com\/it\/wp-json\/wp\/v2\/media\/59215"}],"wp:attachment":[{"href":"https:\/\/www.beatnikshoes.com\/it\/wp-json\/wp\/v2\/media?parent=60761"}],"wp:term":[{"taxonomy":"product_brand","embeddable":true,"href":"https:\/\/www.beatnikshoes.com\/it\/wp-json\/wp\/v2\/product_brand?post=60761"},{"taxonomy":"product_cat","embeddable":true,"href":"https:\/\/www.beatnikshoes.com\/it\/wp-json\/wp\/v2\/product_cat?post=60761"},{"taxonomy":"product_tag","embeddable":true,"href":"https:\/\/www.beatnikshoes.com\/it\/wp-json\/wp\/v2\/product_tag?post=60761"},{"taxonomy":"woo-feed-brand","embeddable":true,"href":"https:\/\/www.beatnikshoes.com\/it\/wp-json\/wp\/v2\/woo-feed-brand?post=60761"}],"curies":[{"name":"wp","href":"https:\/\/api.w.org\/{rel}","templated":true}]}}