{"id":60716,"date":"2021-12-09T19:43:33","date_gmt":"2021-12-09T18:43:33","guid":{"rendered":"https:\/\/www.beatnikshoes.com\/zapatos-hechos-a-mano\/mocassini-neri-da-donna-in-pelle-firmata-tutti-neri\/"},"modified":"2025-08-26T21:16:52","modified_gmt":"2025-08-26T19:16:52","slug":"mocassini-neri-da-donna-in-pelle-firmata-tutti-neri","status":"publish","type":"product","link":"https:\/\/www.beatnikshoes.com\/it\/scarpe-fatte-a-mano\/mocassini-neri-da-donna-in-pelle-firmata-tutti-neri\/","title":{"rendered":"Irma All Black mocassini da donna in pelle Irma All Black"},"content":{"rendered":"<h2>MOCASSINI CLASSICI NERI DA DONNA IN PELLE PREGIATA<\/h2>\n<p>I nuovi <strong>mocassini in pelle da donna Irma All Black<\/strong> sono uno dei modelli che sappiamo vi daranno molta gioia. Da un lato, la tomaia di tutti i nostri <strong>mocassini \u00e8 realizzata con una maschera<\/strong> che stilizza completamente il piede. Dall&#8217;altro lato, la morbida pelle nera, colore jolly di ogni guardaroba. E per finire, la pelle fiore di altissima qualit\u00e0 presente sul mercato. Uno stile assolutamente vincente. Nelle stagioni pi\u00f9 fredde, il grigio, il nero e il bianco sono i colori pi\u00f9 comuni da indossare. E questi <strong>mocassini da donna in pelle nera<\/strong> non potrebbero essere pi\u00f9 adatti a questa e a qualsiasi tavolozza di colori.<\/p>\n<p>La pelle fiore della tomaia di questo mocassino nero da donna \u00e8 una delizia assoluta. Questo sia per la lucentezza che offre, sia per la perfetta aderenza al piede. La lama \u00e8 cucita in un unico pezzo, per evitare il pi\u00f9 possibile le cuciture. L&#8217;interno del mocassino nero da donna Irma \u00e8 foderato in morbida pelle di vitello viola. In questo modo la pelle a contatto con il piede \u00e8 infinitamente morbida e calda. La suola \u00e8 montata su un sottopiede in pelle. La suola \u00e8 realizzata in spandex leggero e antiscivolo per isolare chi la indossa dal freddo e dall&#8217;umidit\u00e0 esterni.<\/p>\n<h3>L&#8217;ELEGANZA SENZA TEMPO DEL PENNY LOAFER NERO DA DONNA<\/h3>\n<p>Questi <strong>mocassini da donna in pelle nera<\/strong> attingono alle fonti di stile pi\u00f9 classiche. La comodit\u00e0 del loro design fa s\u00ec che dagli anni Cinquanta del secolo scorso i mocassini siano uno dei modelli pi\u00f9 accettati nell&#8217;abbigliamento da lavoro. I<strong>&#8220;penny loafers neri da donna<\/strong>&#8221; sono perfetti con un tailleur, impeccabili con i pantaloni, comodi con una gonna o un abito, stiamo parlando di un modello che non pu\u00f2 mancare nel guardaroba di un professionista. E anche in uno stile molto pi\u00f9 rilassato, abbinato a pantaloni chino o jeans, per un look elegante nelle giornate di svago. Pochi modelli sono universali, da indossare tutti i giorni della settimana, in qualsiasi contesto.<\/p>\n<p>Cos\u00ec, oltre ai nostri mocassini ricchi di colori e combinazioni, ora avete a disposizione il pi\u00f9 classico e versatile <strong>penny loafer nero da donna<\/strong>.<\/p>\n","protected":false},"excerpt":{"rendered":"<h2>Mocassini neri fatti a mano in Spagna<\/h2>\n<p>Materiale esterno: Pelle di grano<br \/>\nRivestimento: Pelle di vacchetta viola<br \/>\nMateriale della suola: suola tecnica isolante e antiscivolo<br \/>\nTipo di tacco: basso<\/p>\n","protected":false},"featured_media":59177,"comment_status":"open","ping_status":"closed","template":"","meta":[],"product_brand":[],"product_cat":[9026,9050,9188],"product_tag":[],"woo-feed-brand":[],"class_list":{"0":"post-60716","1":"product","2":"type-product","3":"status-publish","4":"has-post-thumbnail","6":"product_cat-scarpe-da-donna","7":"product_cat-mocassini","8":"product_cat-uscita","9":"pa_talla-zapato-36-it","10":"pa_talla-zapato-37-it","11":"pa_talla-zapato-38-it","12":"pa_talla-zapato-39-it","13":"pa_talla-zapato-40-it","14":"pa_talla-zapato-41-it","16":"first","17":"instock","18":"sale","19":"taxable","20":"shipping-taxable","21":"purchasable","22":"product-type-variable"},"_links":{"self":[{"href":"https:\/\/www.beatnikshoes.com\/it\/wp-json\/wp\/v2\/product\/60716","targetHints":{"allow":["GET"]}}],"collection":[{"href":"https:\/\/www.beatnikshoes.com\/it\/wp-json\/wp\/v2\/product"}],"about":[{"href":"https:\/\/www.beatnikshoes.com\/it\/wp-json\/wp\/v2\/types\/product"}],"replies":[{"embeddable":true,"href":"https:\/\/www.beatnikshoes.com\/it\/wp-json\/wp\/v2\/comments?post=60716"}],"wp:featuredmedia":[{"embeddable":true,"href":"https:\/\/www.beatnikshoes.com\/it\/wp-json\/wp\/v2\/media\/59177"}],"wp:attachment":[{"href":"https:\/\/www.beatnikshoes.com\/it\/wp-json\/wp\/v2\/media?parent=60716"}],"wp:term":[{"taxonomy":"product_brand","embeddable":true,"href":"https:\/\/www.beatnikshoes.com\/it\/wp-json\/wp\/v2\/product_brand?post=60716"},{"taxonomy":"product_cat","embeddable":true,"href":"https:\/\/www.beatnikshoes.com\/it\/wp-json\/wp\/v2\/product_cat?post=60716"},{"taxonomy":"product_tag","embeddable":true,"href":"https:\/\/www.beatnikshoes.com\/it\/wp-json\/wp\/v2\/product_tag?post=60716"},{"taxonomy":"woo-feed-brand","embeddable":true,"href":"https:\/\/www.beatnikshoes.com\/it\/wp-json\/wp\/v2\/woo-feed-brand?post=60716"}],"curies":[{"name":"wp","href":"https:\/\/api.w.org\/{rel}","templated":true}]}}