{"id":60709,"date":"2021-04-28T13:36:40","date_gmt":"2021-04-28T11:36:40","guid":{"rendered":"https:\/\/www.beatnikshoes.com\/zapatos-hechos-a-mano\/scarpe-blu-lace-up-oxford-stile-oxford-donna-ethel-aqua\/"},"modified":"2025-08-26T21:35:56","modified_gmt":"2025-08-26T19:35:56","slug":"scarpe-blu-lace-up-oxford-stile-oxford-donna-ethel-aqua","status":"publish","type":"product","link":"https:\/\/www.beatnikshoes.com\/it\/scarpe-fatte-a-mano\/scarpe-blu-lace-up-oxford-stile-oxford-donna-ethel-aqua\/","title":{"rendered":"Scarpe oxford stringate blu da donna Ethel Aqua"},"content":{"rendered":"<h2>LE BLUCHER BLU ACQUAMARINA CHE STAVATE ASPETTANDO<\/h2>\n<p>Per questa nuova stagione, cosa c&#8217;\u00e8 di meglio che ampliare la nostra collezione con uno dei vostri modelli preferiti. L&#8217;Ethel Blucher, con il suo classico design britannico, la discreta decorazione <strong>brogue<\/strong> fatta a mano sulla tomaia e il comfort totale del suo comodo tacco.<\/p>\n<p>In questo anno speciale abbiamo deciso di accogliere un colore pieno di speranza. E la gioia per tutto il bene che verr\u00e0. L&#8217;acquamarina. Diamo quindi il benvenuto a questa edizione limitata delle scarpe oxford stringate <strong>blu <\/strong>da donna Ethel Aqua.<\/p>\n<h3>UN BLUCHER DALLE FORME CLASSICHE IN MORBIDA PELLE E UN COLORE PIENO DI FORZA E PERSONALIT\u00c0.<\/h3>\n<p>La tomaia lunga e il colore garantiscono che sarete le pi\u00f9 chic del vostro gruppo di amiche quest&#8217;estate. La scelta di questa tonalit\u00e0 acquamarina, da un lato lontana dai colori pi\u00f9 usuali e dall&#8217;altro facilmente abbinabile a tutti i tipi di colori pastello, rende facile abbinare questo Blucher al vostro guardaroba estivo quest&#8217;estate.<\/p>\n<p>Come tutta la nostra collezione di <strong>Oxford e Blucher<\/strong>, anche questa \u00e8 ultra-confortevole e la morbida pelle di vitello, oltre al comfort, garantisce che il piede sia avvolto da un materiale traspirante che gli consente di adattarsi perfettamente alla temperatura ambiente.<\/p>\n<p>Li amiamo con i pantaloni di cotone, sia chino che corti, con un abito lungo estivo o con una gonna classica. Il nostro colore per questa stagione \u00e8 il blu acquamarina (o \u00e8 verde?) della nostra <strong>Derby Ethel Aqua<\/strong>.<\/p>\n","protected":false},"excerpt":{"rendered":"<h2>Scarpe da donna blu stile oxford fatte a mano in Spagna<\/h2>\n<p>Materiale esterno: Pelle di vitello<br \/>\nRivestimento: Pelle di vacchetta viola<br \/>\nMateriale della suola: suola tecnica isolante e antiscivolo<br \/>\nTipo di tacco: basso<\/p>\n","protected":false},"featured_media":70500,"comment_status":"open","ping_status":"closed","template":"","meta":[],"product_brand":[],"product_cat":[9026,9103,9102],"product_tag":[],"woo-feed-brand":[],"class_list":{"0":"post-60709","1":"product","2":"type-product","3":"status-publish","4":"has-post-thumbnail","6":"product_cat-scarpe-da-donna","7":"product_cat-scarpe-blucher-da-donna","8":"product_cat-scarpe-oxford-da-donna","9":"pa_talla-zapato-35-it","10":"pa_talla-zapato-36-it","11":"pa_talla-zapato-37-it","12":"pa_talla-zapato-38-it","13":"pa_talla-zapato-39-it","14":"pa_talla-zapato-40-it","15":"pa_talla-zapato-41-it","17":"first","18":"instock","19":"sale","20":"taxable","21":"shipping-taxable","22":"purchasable","23":"product-type-variable"},"_links":{"self":[{"href":"https:\/\/www.beatnikshoes.com\/it\/wp-json\/wp\/v2\/product\/60709","targetHints":{"allow":["GET"]}}],"collection":[{"href":"https:\/\/www.beatnikshoes.com\/it\/wp-json\/wp\/v2\/product"}],"about":[{"href":"https:\/\/www.beatnikshoes.com\/it\/wp-json\/wp\/v2\/types\/product"}],"replies":[{"embeddable":true,"href":"https:\/\/www.beatnikshoes.com\/it\/wp-json\/wp\/v2\/comments?post=60709"}],"wp:featuredmedia":[{"embeddable":true,"href":"https:\/\/www.beatnikshoes.com\/it\/wp-json\/wp\/v2\/media\/70500"}],"wp:attachment":[{"href":"https:\/\/www.beatnikshoes.com\/it\/wp-json\/wp\/v2\/media?parent=60709"}],"wp:term":[{"taxonomy":"product_brand","embeddable":true,"href":"https:\/\/www.beatnikshoes.com\/it\/wp-json\/wp\/v2\/product_brand?post=60709"},{"taxonomy":"product_cat","embeddable":true,"href":"https:\/\/www.beatnikshoes.com\/it\/wp-json\/wp\/v2\/product_cat?post=60709"},{"taxonomy":"product_tag","embeddable":true,"href":"https:\/\/www.beatnikshoes.com\/it\/wp-json\/wp\/v2\/product_tag?post=60709"},{"taxonomy":"woo-feed-brand","embeddable":true,"href":"https:\/\/www.beatnikshoes.com\/it\/wp-json\/wp\/v2\/woo-feed-brand?post=60709"}],"curies":[{"name":"wp","href":"https:\/\/api.w.org\/{rel}","templated":true}]}}