{"id":60644,"date":"2019-09-03T15:12:35","date_gmt":"2019-09-03T13:12:35","guid":{"rendered":"https:\/\/www.beatnikshoes.com\/zapatos-hechos-a-mano\/scarpe-da-uomo-oxford-in-front-marrone-corso\/"},"modified":"2025-08-26T21:59:32","modified_gmt":"2025-08-26T19:59:32","slug":"scarpe-da-uomo-oxford-in-front-marrone-corso","status":"publish","type":"product","link":"https:\/\/www.beatnikshoes.com\/it\/scarpe-fatte-a-mano\/scarpe-da-uomo-oxford-in-front-marrone-corso\/","title":{"rendered":"Corso scarpe oxford da uomo in pelle scamosciata marrone"},"content":{"rendered":"<h2>IL LOOK SMART CASUAL<\/h2>\n<p>Queste <strong>oxford da uomo in pelle scamosciata marrone<\/strong> sono la <strong>scarpa perfetta<\/strong> all&#8217;incrocio tra elegante e rilassato. Una vestibilit\u00e0 slim, sottile, che sta benissimo con pantaloni di cotone o jeans, ma anche per le riunioni, per il business casual o in molti settori o industrie che non optano pi\u00f9 esclusivamente per l&#8217;abito completo come abbigliamento da lavoro. Questa <strong>scarpa maschile allacciata in pelle scamosciata marrone<\/strong> \u00e8 assolutamente impeccabile. Un 10 in stile per tutti i venerd\u00ec casual e business casual dell&#8217;anno.<\/p>\n<p>Questa <strong>scarpa stringata da uomo in pelle scamosciata marrone<\/strong> \u00e8 caratterizzata da un morbido camoscio francese ed \u00e8 interamente foderata in pelle di vitello. Infine, \u00e8 stata rifinita con una suola in cuoio cucita con un sottile strato antiscivolo.<\/p>\n<p>Queste <strong>scarpe<\/strong> da <strong>uomo in pelle scamosciata marrone<\/strong> sono perfette sia per il gioved\u00ec sera che per il venerd\u00ec mattina. Perfetti per un pomeriggio pigro, per una serata non elegante e, naturalmente, per essere indossati tutti i giorni. Per qualsiasi viaggio, che sia una vacanza o un viaggio di lavoro, lo stile e il comfort dei loro ultimi \u00e8 un must.<\/p>\n<p>La tonalit\u00e0 di queste scarpe <strong>oxford da uomo in pelle scamosciata marrone<\/strong> \u00e8 perfetta per essere abbinata a tutto ci\u00f2 che \u00e8 blu, dal navy all&#8217;indaco. Si adatta perfettamente anche alle tonalit\u00e0 pastello, ai toni della terra e persino come contrappunto ai toni pi\u00f9 freddi come il grigio.<\/p>\n<p>L&#8217;enorme comfort del loro design, la versatilit\u00e0 e la facilit\u00e0 di abbinamento con tutti i colori e gli stili, le renderanno le vostre nuove scarpe preferite. Promesso.<\/p>\n","protected":false},"excerpt":{"rendered":"<h2>Pelle scamosciata Oxford realizzata a mano in Spagna<\/h2>\n<p>Materiale esterno: Pelle scamosciata<br \/>\nFodera: pelle di vacchetta viola<br \/>\nMateriale della suola: vera pelle cucita pi\u00f9 un sottile strato antiscivolo iniettato<br \/>\nChiusura: lacci<br \/>\nTipo di tacco: basso<\/p>\n","protected":false},"featured_media":76531,"comment_status":"open","ping_status":"closed","template":"","meta":[],"product_brand":[11791],"product_cat":[9158,9166],"product_tag":[],"woo-feed-brand":[],"class_list":{"0":"post-60644","1":"product","2":"type-product","3":"status-publish","4":"has-post-thumbnail","6":"product_brand-beatnik-shoes-it","7":"product_cat-scarpe-da-uomo","8":"product_cat-scarpe-oxford-da-uomo","9":"pa_talla-zapato-39-it","10":"pa_talla-zapato-40-it","11":"pa_talla-zapato-41-it","12":"pa_talla-zapato-42-it","13":"pa_talla-zapato-43-it","14":"pa_talla-zapato-44-it","15":"pa_talla-zapato-45-it","16":"pa_talla-zapato-46-it","18":"first","19":"instock","20":"sale","21":"taxable","22":"shipping-taxable","23":"purchasable","24":"product-type-variable"},"_links":{"self":[{"href":"https:\/\/www.beatnikshoes.com\/it\/wp-json\/wp\/v2\/product\/60644","targetHints":{"allow":["GET"]}}],"collection":[{"href":"https:\/\/www.beatnikshoes.com\/it\/wp-json\/wp\/v2\/product"}],"about":[{"href":"https:\/\/www.beatnikshoes.com\/it\/wp-json\/wp\/v2\/types\/product"}],"replies":[{"embeddable":true,"href":"https:\/\/www.beatnikshoes.com\/it\/wp-json\/wp\/v2\/comments?post=60644"}],"wp:featuredmedia":[{"embeddable":true,"href":"https:\/\/www.beatnikshoes.com\/it\/wp-json\/wp\/v2\/media\/76531"}],"wp:attachment":[{"href":"https:\/\/www.beatnikshoes.com\/it\/wp-json\/wp\/v2\/media?parent=60644"}],"wp:term":[{"taxonomy":"product_brand","embeddable":true,"href":"https:\/\/www.beatnikshoes.com\/it\/wp-json\/wp\/v2\/product_brand?post=60644"},{"taxonomy":"product_cat","embeddable":true,"href":"https:\/\/www.beatnikshoes.com\/it\/wp-json\/wp\/v2\/product_cat?post=60644"},{"taxonomy":"product_tag","embeddable":true,"href":"https:\/\/www.beatnikshoes.com\/it\/wp-json\/wp\/v2\/product_tag?post=60644"},{"taxonomy":"woo-feed-brand","embeddable":true,"href":"https:\/\/www.beatnikshoes.com\/it\/wp-json\/wp\/v2\/woo-feed-brand?post=60644"}],"curies":[{"name":"wp","href":"https:\/\/api.w.org\/{rel}","templated":true}]}}