{"id":60591,"date":"2017-10-24T18:02:38","date_gmt":"2017-10-24T16:02:38","guid":{"rendered":"https:\/\/www.beatnikshoes.com\/zapatos-hechos-a-mano\/scarpa-oxford-marrone-donna-lena\/"},"modified":"2025-08-27T21:50:23","modified_gmt":"2025-08-27T19:50:23","slug":"scarpa-oxford-marrone-donna-lena","status":"publish","type":"product","link":"https:\/\/www.beatnikshoes.com\/it\/scarpe-fatte-a-mano\/scarpa-oxford-marrone-donna-lena\/","title":{"rendered":"Scarpa Oxford Lena da donna, marrone"},"content":{"rendered":"<h2>SCARPA OXFORD MARRONE DA DONNA. UNA PERFETTA COMBINAZIONE DI CLASSICIT\u00c0 E COLORE<\/h2>\n<p>L&#8217;ultima delle nostre <strong>oxford da donna Lena Brown<\/strong> \u00e8 la preferita da molti dei nostri clienti per il suo infinito comfort. E per la nostra nuova collezione era d&#8217;obbligo realizzare una versione nella pelle pi\u00f9 morbida del mercato, il vitello. Abbiamo scelto uno dei colori pi\u00f9 versatili dell&#8217;intera tavolozza e uno dei pi\u00f9 facili da combinare, il marrone chiaro.<\/p>\n<p>Indossare comode scarpe stringate in pelle pregiata rifinisce qualsiasi stile in un&#8217;ampia gamma di colori. I colori vanno dalle tonalit\u00e0 della terra e dei pastelli all&#8217;intera gamma di colori freddi. Inoltre, \u00e8 una tonalit\u00e0 che si abbina perfettamente a tutti i tipi di stampe e motivi.<\/p>\n<p>La classica forma brogued di questa <strong>scarpa stringata da donna in marrone<\/strong> \u00e8 perfetta per l&#8217;ambiente di lavoro, sia che venga indossata con un pantalone, una gonna o un completo. D&#8217;altra parte, la loro comoda forma \u00e8 perfetta per i pomeriggi pigri. Con un abito lungo, una gonna, un tailleur e naturalmente con qualsiasi tipo di pantalone, il risultato \u00e8 impeccabile.<\/p>\n<p>L&#8217;intero pezzo \u00e8 realizzato a mano in Spagna, la suola \u00e8 in vera pelle cucita ed \u00e8 rifinita con uno strato di materiale antiscivolo. L&#8217;intero interno \u00e8 foderato con un unico pezzo di pelle di vacchetta viola. In questo modo la pelle sottile del piede \u00e8 circondata dalla pelle pi\u00f9 morbida del mercato. La pelle di vitello isola e protegge dal freddo e dalle intemperie. Vengono consegnati con due set di lacci nei colori beige e marrone da combinare a piacere.<\/p>\n<p><strong>Scarpe da donna stile oxford in pelle marrone<\/strong>, piacevoli da indossare tutto l&#8217;anno.<\/p>\n","protected":false},"excerpt":{"rendered":"<h2>Oxford in pelle fatte a mano in Spagna<\/h2>\n<p>Materiale esterno: Pelle di vitello<br \/>\nFodera: pelle di vitello viola<br \/>\nMateriale della suola<br \/>\nPelle cucita pi\u00f9 uno strato di materiale antiscivolo<br \/>\nChiusura: lacci<br \/>\nTipo di tacco: basso<\/p>\n","protected":false},"featured_media":73600,"comment_status":"open","ping_status":"closed","template":"","meta":[],"product_brand":[11791],"product_cat":[9026,9102],"product_tag":[],"woo-feed-brand":[],"class_list":{"0":"post-60591","1":"product","2":"type-product","3":"status-publish","4":"has-post-thumbnail","6":"product_brand-beatnik-shoes-it","7":"product_cat-scarpe-da-donna","8":"product_cat-scarpe-oxford-da-donna","9":"pa_talla-zapato-35-it","10":"pa_talla-zapato-36-it","11":"pa_talla-zapato-37-it","12":"pa_talla-zapato-38-it","13":"pa_talla-zapato-39-it","14":"pa_talla-zapato-40-it","15":"pa_talla-zapato-41-it","16":"pa_talla-zapato-42-it","18":"first","19":"instock","20":"sale","21":"taxable","22":"shipping-taxable","23":"purchasable","24":"product-type-variable"},"_links":{"self":[{"href":"https:\/\/www.beatnikshoes.com\/it\/wp-json\/wp\/v2\/product\/60591","targetHints":{"allow":["GET"]}}],"collection":[{"href":"https:\/\/www.beatnikshoes.com\/it\/wp-json\/wp\/v2\/product"}],"about":[{"href":"https:\/\/www.beatnikshoes.com\/it\/wp-json\/wp\/v2\/types\/product"}],"replies":[{"embeddable":true,"href":"https:\/\/www.beatnikshoes.com\/it\/wp-json\/wp\/v2\/comments?post=60591"}],"wp:featuredmedia":[{"embeddable":true,"href":"https:\/\/www.beatnikshoes.com\/it\/wp-json\/wp\/v2\/media\/73600"}],"wp:attachment":[{"href":"https:\/\/www.beatnikshoes.com\/it\/wp-json\/wp\/v2\/media?parent=60591"}],"wp:term":[{"taxonomy":"product_brand","embeddable":true,"href":"https:\/\/www.beatnikshoes.com\/it\/wp-json\/wp\/v2\/product_brand?post=60591"},{"taxonomy":"product_cat","embeddable":true,"href":"https:\/\/www.beatnikshoes.com\/it\/wp-json\/wp\/v2\/product_cat?post=60591"},{"taxonomy":"product_tag","embeddable":true,"href":"https:\/\/www.beatnikshoes.com\/it\/wp-json\/wp\/v2\/product_tag?post=60591"},{"taxonomy":"woo-feed-brand","embeddable":true,"href":"https:\/\/www.beatnikshoes.com\/it\/wp-json\/wp\/v2\/woo-feed-brand?post=60591"}],"curies":[{"name":"wp","href":"https:\/\/api.w.org\/{rel}","templated":true}]}}