{"id":60453,"date":"2019-05-29T17:52:06","date_gmt":"2019-05-29T15:52:06","guid":{"rendered":"https:\/\/www.beatnikshoes.com\/zapatos-hechos-a-mano\/nero-rogue-stivale-nero-beatnik-barbara-nero-pelle-lace-up-beatnik-barbara-nero-stivale\/"},"modified":"2025-08-26T22:15:55","modified_gmt":"2025-08-26T20:15:55","slug":"nero-rogue-stivale-nero-beatnik-barbara-nero-pelle-lace-up-beatnik-barbara-nero-stivale","status":"publish","type":"product","link":"https:\/\/www.beatnikshoes.com\/it\/scarpe-fatte-a-mano\/nero-rogue-stivale-nero-beatnik-barbara-nero-pelle-lace-up-beatnik-barbara-nero-stivale\/","title":{"rendered":"Beatnik Barbara Stivale brogue allacciato in pelle nera"},"content":{"rendered":"<h2>LO STIVALE STRINGATO IN PELLE NERA CON IL CLASSICO STILE OXFORD CHE STAVATE ASPETTANDO<\/h2>\n<p>Le stagioni iniziano e finiscono prima ogni anno. E poich\u00e9 abbiamo la fortuna di avere amici in tutto il mondo, non abbiamo resistito a proporre questo<strong> stivale brogue stringato in pelle nera<\/strong> in stile unisex, che abbiamo chiamato Barbara Black. Si tratta di una versione del nostro classico stivale Barbara marrone caramello, realizzato a mano con la stessa pelle.<\/p>\n<p>Lo stesso comfort assoluto offerto dalla forma delle nostre scarpe oxford. Lo stesso classico design britannico, ma ora con un tocco pi\u00f9 contemporaneo dato dal colore nero. Un colore che si adatta a tutte le palette e personalit\u00e0, in qualsiasi contesto.<\/p>\n<p>Questo <strong>stivale brogue allacciato in pelle nera<\/strong> \u00e8 interamente foderato in pelle di vitello viola. La coulisse centrale e la zip laterale per un facile accesso sono disponibili come chiusure. La suola interna \u00e8 in cuoio e la suola esterna in vera pelle, a cui \u00e8 stato aggiunto un sottile strato antiscivolo. L&#8217;intero gruppo \u00e8 cucito insieme per garantire una maggiore durata.<\/p>\n<p>Lo stile di questo <strong>stivale brogue oxford nero<\/strong> si adatta perfettamente come stivale casual con jeans o chino, indipendentemente dalla lunghezza o dal taglio. E sono anche una delizia come stivale da abbinare a un abito o a una gonna lunga. La parte centrale del polpaccio pu\u00f2 essere nascosta dal pantalone e l&#8217;effetto \u00e8 quello di indossare una scarpa Oxford, ma con tutto il calore e il comfort di uno stivale. In alternativa, i pantaloni possono essere infilati all&#8217;interno della gamba per un effetto totalmente diverso e molto pi\u00f9 decantato. E per loro, lo stile classico di questo stivale brogue \u00e8 perfetto con un look formale. E fa da contrappunto elegante a uno stile pi\u00f9 casual.<\/p>\n<p>Barbara Black \u00e8 uno <strong>stivale stringato in pelle nera unisex<\/strong> con un design perfetto per il vostro stile personale.<\/p>\n","protected":false},"excerpt":{"rendered":"<h2>Stivale brogue nero fatto a mano in Spagna<\/h2>\n<p>Materiale esterno: Pelle di vitello<br \/>\nFodera: pelle di vitello<br \/>\nMateriale della suola: Vera pelle pi\u00f9 uno strato di materiale antiscivolo<br \/>\nChiusura: passante e cerniera<br \/>\nTipo di tacco: basso<\/p>\n","protected":false},"featured_media":59243,"comment_status":"open","ping_status":"closed","template":"","meta":[],"product_brand":[],"product_cat":[9026,9158,9433,9349,9422,9436],"product_tag":[],"woo-feed-brand":[],"class_list":{"0":"post-60453","1":"product","2":"type-product","3":"status-publish","4":"has-post-thumbnail","6":"product_cat-scarpe-da-donna","7":"product_cat-scarpe-da-uomo","8":"product_cat-stivale-allacciato","9":"product_cat-stivali","10":"product_cat-stivali-allacciati","11":"product_cat-stivali-da-donna","12":"pa_talla-zapato-35-it","13":"pa_talla-zapato-36-it","14":"pa_talla-zapato-37-it","15":"pa_talla-zapato-38-it","16":"pa_talla-zapato-39-it","17":"pa_talla-zapato-40-it","18":"pa_talla-zapato-41-it","19":"pa_talla-zapato-42-it","20":"pa_talla-zapato-43-it","21":"pa_talla-zapato-44-it","22":"pa_talla-zapato-45-it","24":"first","25":"instock","26":"sale","27":"taxable","28":"shipping-taxable","29":"purchasable","30":"product-type-variable"},"_links":{"self":[{"href":"https:\/\/www.beatnikshoes.com\/it\/wp-json\/wp\/v2\/product\/60453","targetHints":{"allow":["GET"]}}],"collection":[{"href":"https:\/\/www.beatnikshoes.com\/it\/wp-json\/wp\/v2\/product"}],"about":[{"href":"https:\/\/www.beatnikshoes.com\/it\/wp-json\/wp\/v2\/types\/product"}],"replies":[{"embeddable":true,"href":"https:\/\/www.beatnikshoes.com\/it\/wp-json\/wp\/v2\/comments?post=60453"}],"wp:featuredmedia":[{"embeddable":true,"href":"https:\/\/www.beatnikshoes.com\/it\/wp-json\/wp\/v2\/media\/59243"}],"wp:attachment":[{"href":"https:\/\/www.beatnikshoes.com\/it\/wp-json\/wp\/v2\/media?parent=60453"}],"wp:term":[{"taxonomy":"product_brand","embeddable":true,"href":"https:\/\/www.beatnikshoes.com\/it\/wp-json\/wp\/v2\/product_brand?post=60453"},{"taxonomy":"product_cat","embeddable":true,"href":"https:\/\/www.beatnikshoes.com\/it\/wp-json\/wp\/v2\/product_cat?post=60453"},{"taxonomy":"product_tag","embeddable":true,"href":"https:\/\/www.beatnikshoes.com\/it\/wp-json\/wp\/v2\/product_tag?post=60453"},{"taxonomy":"woo-feed-brand","embeddable":true,"href":"https:\/\/www.beatnikshoes.com\/it\/wp-json\/wp\/v2\/woo-feed-brand?post=60453"}],"curies":[{"name":"wp","href":"https:\/\/api.w.org\/{rel}","templated":true}]}}