{"id":60360,"date":"2020-06-01T13:18:58","date_gmt":"2020-06-01T11:18:58","guid":{"rendered":"https:\/\/www.beatnikshoes.com\/zapatos-hechos-a-mano\/mocasines-bicolores-de-mujer-irma-nero-bianco\/"},"modified":"2025-08-26T21:51:24","modified_gmt":"2025-08-26T19:51:24","slug":"mocasines-bicolores-de-mujer-irma-nero-bianco","status":"publish","type":"product","link":"https:\/\/www.beatnikshoes.com\/it\/scarpe-fatte-a-mano\/mocasines-bicolores-de-mujer-irma-nero-bianco\/","title":{"rendered":"Mocassini bicolore da donna Irma Black &amp; White"},"content":{"rendered":"<h2>TUTTO IL CLASSICISMO DEI MOCASSINI DA DONNA CON UN TOCCO TRASGRESSIVO<\/h2>\n<p>Benvenuti ai nostri <strong>mocassini da donna bicolore<\/strong> Beatnik Irma Black &amp; White. Fin dalla nostra prima collezione abbiamo sempre incluso scarpe bicolore. Si tratta di modelli che si rivolgono a clienti molto speciali che cercano qualcosa di diverso dai soliti modelli. Ecco perch\u00e9 quest&#8217;anno abbiamo incluso un <strong>mocassino Penny da donna in bianco e<\/strong> nero.<\/p>\n<p>I <strong>mocassini Penny bicolore<\/strong> <strong>bianchi e neri<\/strong> sono un modello classico che viene indossato da decenni. Questo perch\u00e9 l&#8217;abbinamento di questi due colori di base con qualsiasi stile \u00e8 piuttosto semplice. La base del mocassino \u00e8 nera, per proteggere la scarpa da eventuali urti. E solo la parte superiore della lama \u00e8 bianca. Pertanto, se si indossano colori chiari o grigi, si abbinano perfettamente al colore superiore del mocassino. Allo stesso modo, indossando colori scuri, \u00e8 visibile solo una linea di colore sulla parte superiore della scarpa.<\/p>\n<p>La costruzione di questi <strong>mocassini da donna bicolore<\/strong> Beatnik Irma Black &amp; White \u00e8 realizzata con un unico pezzo di pelle che costituisce l&#8217;intera parte inferiore della tomaia. L&#8217;interno \u00e8 foderato in morbida pelle di vitello viola. Inoltre, affinch\u00e9 questi <strong>mocassini da donna bianchi e<\/strong> neri possano essere indossati in qualsiasi momento dell&#8217;anno, anche nelle giornate di pioggia, la suola extra-larga \u00e8 realizzata in un materiale tecnico leggero e antiscivolo.<\/p>\n<h3>MOCASSINI DA DONNA: UN CLASSICO CHE COLPISCE SEMPRE NEL SEGNO<\/h3>\n<p>I mocassini sono un elemento di base del guardaroba femminile che, anno dopo anno, sta guadagnando spazio. Ci\u00f2 \u00e8 dovuto al comfort della forma e alla facilit\u00e0 di abbinamento con stili sia formali che informali. Di conseguenza, cresce l&#8217;interesse per i nostri <strong>mocassini Penny da donna<\/strong>. \u00c8 sicuramente impossibile resistere all&#8217;eleganza classica del loro design con il tocco bicolore che li rende un paio di <strong>mocassini da donna in bianco e nero<\/strong> cos\u00ec speciali. I <strong>mocassini da donna<\/strong> Beatnik Irma Black &amp; White in pelle bicolore con mascherina combinano il classico design dei <strong>mocassini con un tocco di colore sulla tomaia<\/strong>.<\/p>\n<p>Qualcosa che valorizzer\u00e0 lo stile della proprietaria per molte stagioni e in molte occasioni in cui potr\u00e0 indossare questi <strong>mocassini Penny bicolore<\/strong>.<\/p>\n","protected":false},"excerpt":{"rendered":"<h2>Mocassino bianco e nero fatto a mano in Spagna<\/h2>\n<p>Materiale esterno: Pelle di grano<br \/>\nRivestimento: Pelle di vacchetta viola<br \/>\nMateriale della suola: suola tecnica isolante e antiscivolo<br \/>\nTipo di tacco: basso<\/p>\n","protected":false},"featured_media":58289,"comment_status":"open","ping_status":"closed","template":"","meta":[],"product_brand":[],"product_cat":[9026,9050,9248,9188],"product_tag":[],"woo-feed-brand":[],"class_list":{"0":"post-60360","1":"product","2":"type-product","3":"status-publish","4":"has-post-thumbnail","6":"product_cat-scarpe-da-donna","7":"product_cat-mocassini","8":"product_cat-scarpe-da-donna-bicolore","9":"product_cat-uscita","10":"pa_talla-zapato-35-it","11":"pa_talla-zapato-36-it","12":"pa_talla-zapato-37-it","13":"pa_talla-zapato-38-it","14":"pa_talla-zapato-39-it","15":"pa_talla-zapato-40-it","16":"pa_talla-zapato-41-it","18":"first","19":"instock","20":"sale","21":"taxable","22":"shipping-taxable","23":"purchasable","24":"product-type-variable"},"_links":{"self":[{"href":"https:\/\/www.beatnikshoes.com\/it\/wp-json\/wp\/v2\/product\/60360","targetHints":{"allow":["GET"]}}],"collection":[{"href":"https:\/\/www.beatnikshoes.com\/it\/wp-json\/wp\/v2\/product"}],"about":[{"href":"https:\/\/www.beatnikshoes.com\/it\/wp-json\/wp\/v2\/types\/product"}],"replies":[{"embeddable":true,"href":"https:\/\/www.beatnikshoes.com\/it\/wp-json\/wp\/v2\/comments?post=60360"}],"wp:featuredmedia":[{"embeddable":true,"href":"https:\/\/www.beatnikshoes.com\/it\/wp-json\/wp\/v2\/media\/58289"}],"wp:attachment":[{"href":"https:\/\/www.beatnikshoes.com\/it\/wp-json\/wp\/v2\/media?parent=60360"}],"wp:term":[{"taxonomy":"product_brand","embeddable":true,"href":"https:\/\/www.beatnikshoes.com\/it\/wp-json\/wp\/v2\/product_brand?post=60360"},{"taxonomy":"product_cat","embeddable":true,"href":"https:\/\/www.beatnikshoes.com\/it\/wp-json\/wp\/v2\/product_cat?post=60360"},{"taxonomy":"product_tag","embeddable":true,"href":"https:\/\/www.beatnikshoes.com\/it\/wp-json\/wp\/v2\/product_tag?post=60360"},{"taxonomy":"woo-feed-brand","embeddable":true,"href":"https:\/\/www.beatnikshoes.com\/it\/wp-json\/wp\/v2\/woo-feed-brand?post=60360"}],"curies":[{"name":"wp","href":"https:\/\/api.w.org\/{rel}","templated":true}]}}