{"id":60133,"date":"2022-04-23T18:39:58","date_gmt":"2022-04-23T16:39:58","guid":{"rendered":"https:\/\/www.beatnikshoes.com\/zapatos-hechos-a-mano\/scarpe-stringate-beige-per-donna-beatnik-ethel-beige\/"},"modified":"2025-08-26T21:10:16","modified_gmt":"2025-08-26T19:10:16","slug":"scarpe-stringate-beige-per-donna-beatnik-ethel-beige","status":"publish","type":"product","link":"https:\/\/www.beatnikshoes.com\/it\/scarpe-fatte-a-mano\/scarpe-stringate-beige-per-donna-beatnik-ethel-beige\/","title":{"rendered":"Scarpe stringate beige da donna Beatnik Ethel Beige"},"content":{"rendered":"<h2>LA SCARPA STRINGATA DA DONNA PI\u00d9 CLASSICA NEL COLORE PI\u00d9 ELEGANTE<\/h2>\n<p>Le nostre <strong>scarpe stringate beige stile Derby da donna<\/strong> sono uno dei nuovi arrivi pi\u00f9 popolari di questa stagione. La combinaison d&#8217;un design de <strong>chaussure brogue Blucher classique<\/strong> avec le cuir de veau le plus doux dans la couleur la plus douce cr\u00e9e le r\u00e9sultat \u00e9poustouflant de notre <strong>Blucher pour femme Ethel Beige<\/strong>.<\/p>\n<p>L&#8217;ultimo usato \u00e8 il pi\u00f9 confortevole della collezione. Inoltre, il design discreto della tomaia valorizza il piede femminile. L&#8217;esterno di queste <strong>scarpe blucher beige da donna<\/strong> \u00e8 interamente decorato con un delicato abbellimento fatto a mano.<\/p>\n<p>L&#8217;intero interno della scarpa \u00e8 foderato in pelle di vitello viola. Infine, la suola \u00e8 cucita e realizzata in vera pelle e rifinita con un sottile strato di materiale antiscivolo.<\/p>\n<p>Queste <strong>scarpe stringate da donna color crema<\/strong> sono tra le pi\u00f9 facili da abbinare. \u00c8 quindi uno dei pochi colori che si combina perfettamente con il bianco, il nero e tutti i blu. Oltre a questi tre colori universali, \u00e8 perfetto con colori molto pi\u00f9 vivaci. Quindi potete indossarli con stile con il rosa, il viola, il giallo e l&#8217;arancione.<\/p>\n<p>Quindi, queste <strong>scarpe da donna stringate beige in stile oxford<\/strong> sono perfette per una giornata di lavoro in colori freschi e neutri. D&#8217;altra parte, questi blucher sono molto attraenti abbinati a un outfit molto pi\u00f9 casual, anche con i colori pi\u00f9 stagionali. Allo stesso modo, il contrasto tra il design classico in stile Oxford e il delicato tocco di colore esalter\u00e0 il vostro stile. Ecco perch\u00e9 queste <strong>scarpe da donna stringate beige<\/strong> saranno un punto fermo del guardaroba di questa stagione.<\/p>\n<p>La pelle di vitello utilizzata \u00e8 di altissima qualit\u00e0 e la manutenzione \u00e8 piuttosto semplice. Grazie alle sue caratteristiche naturali, nutrendo regolarmente la pelle con la crema incolore si ottiene un risultato impeccabile. E potrete godere di queste speciali <strong>brogue beige da donna<\/strong> ancora per molto tempo.<\/p>\n","protected":false},"excerpt":{"rendered":"<h2>Blucher in pelle beige realizzati a mano in Spagna<\/h2>\n<p>Materiale esterno: Pelle di vitello beige<br \/>\nFodera: pelle di vacchetta viola<br \/>\nMateriale della suola: Vera pelle<br \/>\nChiusura: lacci<br \/>\nTipo di tacco: basso<\/p>\n","protected":false},"featured_media":74723,"comment_status":"open","ping_status":"closed","template":"","meta":[],"product_brand":[],"product_cat":[9103,9026,9102],"product_tag":[],"woo-feed-brand":[],"class_list":{"0":"post-60133","1":"product","2":"type-product","3":"status-publish","4":"has-post-thumbnail","6":"product_cat-scarpe-blucher-da-donna","7":"product_cat-scarpe-da-donna","8":"product_cat-scarpe-oxford-da-donna","9":"pa_talla-zapato-35-it","10":"pa_talla-zapato-36-it","11":"pa_talla-zapato-37-it","12":"pa_talla-zapato-38-it","13":"pa_talla-zapato-39-it","14":"pa_talla-zapato-40-it","15":"pa_talla-zapato-41-it","16":"pa_talla-zapato-42-it","18":"first","19":"instock","20":"sale","21":"taxable","22":"shipping-taxable","23":"purchasable","24":"product-type-variable"},"_links":{"self":[{"href":"https:\/\/www.beatnikshoes.com\/it\/wp-json\/wp\/v2\/product\/60133","targetHints":{"allow":["GET"]}}],"collection":[{"href":"https:\/\/www.beatnikshoes.com\/it\/wp-json\/wp\/v2\/product"}],"about":[{"href":"https:\/\/www.beatnikshoes.com\/it\/wp-json\/wp\/v2\/types\/product"}],"replies":[{"embeddable":true,"href":"https:\/\/www.beatnikshoes.com\/it\/wp-json\/wp\/v2\/comments?post=60133"}],"wp:featuredmedia":[{"embeddable":true,"href":"https:\/\/www.beatnikshoes.com\/it\/wp-json\/wp\/v2\/media\/74723"}],"wp:attachment":[{"href":"https:\/\/www.beatnikshoes.com\/it\/wp-json\/wp\/v2\/media?parent=60133"}],"wp:term":[{"taxonomy":"product_brand","embeddable":true,"href":"https:\/\/www.beatnikshoes.com\/it\/wp-json\/wp\/v2\/product_brand?post=60133"},{"taxonomy":"product_cat","embeddable":true,"href":"https:\/\/www.beatnikshoes.com\/it\/wp-json\/wp\/v2\/product_cat?post=60133"},{"taxonomy":"product_tag","embeddable":true,"href":"https:\/\/www.beatnikshoes.com\/it\/wp-json\/wp\/v2\/product_tag?post=60133"},{"taxonomy":"woo-feed-brand","embeddable":true,"href":"https:\/\/www.beatnikshoes.com\/it\/wp-json\/wp\/v2\/woo-feed-brand?post=60133"}],"curies":[{"name":"wp","href":"https:\/\/api.w.org\/{rel}","templated":true}]}}