{"id":60093,"date":"2018-12-01T19:29:11","date_gmt":"2018-12-01T18:29:11","guid":{"rendered":"https:\/\/www.beatnikshoes.com\/zapatos-hechos-a-mano\/scarpe-da-ginnastica-uomo-donna-harper-white-white-white-sneakers\/"},"modified":"2025-08-27T19:57:07","modified_gmt":"2025-08-27T17:57:07","slug":"scarpe-da-ginnastica-uomo-donna-harper-white-white-white-sneakers","status":"publish","type":"product","link":"https:\/\/www.beatnikshoes.com\/it\/scarpe-fatte-a-mano\/scarpe-da-ginnastica-uomo-donna-harper-white-white-white-sneakers\/","title":{"rendered":"Scarpe da ginnastica in pelle da uomo e da donna Harper White"},"content":{"rendered":"<h2>HARPER WHITE &#8211; SCARPE DA GINNASTICA IN PELLE BIANCA PER UOMO E DONNA FATTE A MANO IN SPAGNA<\/h2>\n<p>Queste <strong>scarpe da ginnastica in pelle bianca per uomo e donna<\/strong> sono le nostre scarpe da ginnastica pi\u00f9 minimaliste. Una forma ultra-confortevole sviluppata con grande cura. Materiali di lusso selezionati dalle migliori concerie d&#8217;Europa. Artigianato con migliaia di ore di esperienza alle spalle. E una linea tanto discreta quanto elegante nell&#8217;insieme.<\/p>\n<p>Uno degli elementi che ha fatto irruzione sulle passerelle internazionali \u00e8 l&#8217;uso di linee sportive abbinate a stili pi\u00f9 classici. 177 \/ 5.000<br \/>Harper White \u00e8 una <strong>classica sneaker in pelle di vitello bianca<\/strong> che si abbina perfettamente alle linee contemporanee e allo stile pi\u00f9 casual ricercato per il tempo libero. La suola \u00e8 in spay rinforzato con doppia cucitura e battistrada antiscivolo extra largo. La suola interna \u00e8 in vera pelle e l&#8217;intero interno \u00e8 foderato in pelle di vitello viola. La suola, anch&#8217;essa in cuoio, \u00e8 facilmente rimovibile e rinnovabile, per far durare pi\u00f9 a lungo l&#8217;intero pezzo. La pelle di vitello \u00e8 stata trattata contro l&#8217;umidit\u00e0 e la pioggia. Un semplice panno umido per rimuovere la polvere li manterr\u00e0 perfetti.<\/p>\n<p>Tra le combinazioni di colori, il bianco \u00e8 un colore universale e si abbina perfettamente a qualsiasi altra gamma di colori o motivi. Per quanto riguarda il design di queste <strong>scarpe da ginnastica in pelle bianca per uomo e donna<\/strong>, le loro linee pure e minimaliste vi faranno prendere in considerazione solo l&#8217;enorme comfort che vi offre indossarle.<\/p>\n","protected":false},"excerpt":{"rendered":"<h2>Scarpe da ginnastica bianche per uomo e donna realizzate a mano in pelle di vitello.<\/h2>\n<p>Materiale esterno: pelle di vacchetta bianca.<br \/>\nFodera: pelle di vacchetta.<br \/>\nSoletta: Rimovibile<br \/>\nMateriale della suola: Composto antiscivolo nero.<\/p>\n","protected":false},"featured_media":57079,"comment_status":"open","ping_status":"closed","template":"","meta":[],"product_brand":[],"product_cat":[9158,9026,9704,9705,9188],"product_tag":[],"woo-feed-brand":[],"class_list":{"0":"post-60093","1":"product","2":"type-product","3":"status-publish","4":"has-post-thumbnail","6":"product_cat-scarpe-da-uomo","7":"product_cat-scarpe-da-donna","8":"product_cat-scarpe-da-ginnastica-in-pelle","9":"product_cat-scarpe-da-ginnastica-in-pelle-it","10":"product_cat-uscita","11":"pa_talla-zapato-35-it","12":"pa_talla-zapato-36-it","13":"pa_talla-zapato-37-it","14":"pa_talla-zapato-38-it","15":"pa_talla-zapato-39-it","16":"pa_talla-zapato-40-it","17":"pa_talla-zapato-41-it","18":"pa_talla-zapato-42-it","19":"pa_talla-zapato-43-it","20":"pa_talla-zapato-44-it","21":"pa_talla-zapato-45-it","22":"pa_talla-zapato-46-it","24":"first","25":"instock","26":"sale","27":"taxable","28":"shipping-taxable","29":"purchasable","30":"product-type-variable"},"_links":{"self":[{"href":"https:\/\/www.beatnikshoes.com\/it\/wp-json\/wp\/v2\/product\/60093","targetHints":{"allow":["GET"]}}],"collection":[{"href":"https:\/\/www.beatnikshoes.com\/it\/wp-json\/wp\/v2\/product"}],"about":[{"href":"https:\/\/www.beatnikshoes.com\/it\/wp-json\/wp\/v2\/types\/product"}],"replies":[{"embeddable":true,"href":"https:\/\/www.beatnikshoes.com\/it\/wp-json\/wp\/v2\/comments?post=60093"}],"wp:featuredmedia":[{"embeddable":true,"href":"https:\/\/www.beatnikshoes.com\/it\/wp-json\/wp\/v2\/media\/57079"}],"wp:attachment":[{"href":"https:\/\/www.beatnikshoes.com\/it\/wp-json\/wp\/v2\/media?parent=60093"}],"wp:term":[{"taxonomy":"product_brand","embeddable":true,"href":"https:\/\/www.beatnikshoes.com\/it\/wp-json\/wp\/v2\/product_brand?post=60093"},{"taxonomy":"product_cat","embeddable":true,"href":"https:\/\/www.beatnikshoes.com\/it\/wp-json\/wp\/v2\/product_cat?post=60093"},{"taxonomy":"product_tag","embeddable":true,"href":"https:\/\/www.beatnikshoes.com\/it\/wp-json\/wp\/v2\/product_tag?post=60093"},{"taxonomy":"woo-feed-brand","embeddable":true,"href":"https:\/\/www.beatnikshoes.com\/it\/wp-json\/wp\/v2\/woo-feed-brand?post=60093"}],"curies":[{"name":"wp","href":"https:\/\/api.w.org\/{rel}","templated":true}]}}