{"id":60086,"date":"2018-11-29T15:08:18","date_gmt":"2018-11-29T14:08:18","guid":{"rendered":"https:\/\/www.beatnikshoes.com\/zapatos-hechos-a-mano\/oxford-bicolore-holmes-nero-blu-scarpa-da-uomo\/"},"modified":"2025-08-27T20:38:02","modified_gmt":"2025-08-27T18:38:02","slug":"oxford-bicolore-holmes-nero-blu-scarpa-da-uomo","status":"publish","type":"product","link":"https:\/\/www.beatnikshoes.com\/it\/scarpe-fatte-a-mano\/oxford-bicolore-holmes-nero-blu-scarpa-da-uomo\/","title":{"rendered":"Holmes Scarpa oxford da uomo bicolore nera e blu"},"content":{"rendered":"<h2>SCARPA OXFORD DA UOMO BICOLORE BLU E NERA HOLMES<\/h2>\n<p>La nostra <strong>scarpa da uomo Holmes Black &amp; Blue Oxford bicolore <\/strong> \u00e8 diventata una delle vostre scarpe preferite. Per questa collezione abbiamo pensato di proporvi questa classica scarpa da uomo in stile Oxford con un pizzico di colore.<\/p>\n<p>Guardando i nostri armadi, in inverno dominano i toni scuri e il blu. Li abbiamo combinati in modo discreto. L&#8217;intera tomaia e la parte inferiore sono nere, quindi a prima vista abbiamo un&#8217;elegante brogue nera. Ma la parte superiore dell&#8217;allacciatura \u00e8 blu cobalto scuro. Un abbinamento semplicemente straordinario con qualsiasi abito grigio o blu, chiaro o scuro. E con qualsiasi modello di pantalone, a tinta unita o con mille righe, \u00e8 semplicemente spettacolare.<\/p>\n<p>Questa<strong> scarpa Oxford da uomo bicolore Holmes Black &amp; Blue, realizzata in pelle blu e nera, <\/strong>\u00e8 montata su una tomaia in vera pelle italiana con un sottile strato di spay antiscivolo. La suola interna \u00e8 in pelle ammortizzata ed \u00e8 completamente foderata in morbida pelle di vitello viola, con cuciture minime. Questa oxford da uomo \u00e8 decorata con la classica lavorazione full brogue, che la rende<strong> una<\/strong> <strong>wingtip full brogue<\/strong>. La tomaia \u00e8 realizzata in pelle fiore, un tipo di pelle bovina estremamente resistente al freddo e all&#8217;umidit\u00e0. Un prodigio di stile, con un tocco di colore per distinguersi dagli altri.<\/p>\n","protected":false},"excerpt":{"rendered":"<h2>Oxford in pelle fatte a mano in Spagna<\/h2>\n<p>Materiale esterno: Pelle fiore nera e blu cobalto<br \/>\nFodera: pelle di vacchetta bordeaux<br \/>\nMateriale della suola: vera pelle cucita pi\u00f9 un sottile strato antiscivolo iniettato<br \/>\nChiusura: lacci<br \/>\nTipo di tacco: basso<\/p>\n","protected":false},"featured_media":70624,"comment_status":"open","ping_status":"closed","template":"","meta":[],"product_brand":[],"product_cat":[9158,9189,9166],"product_tag":[],"woo-feed-brand":[],"class_list":{"0":"post-60086","1":"product","2":"type-product","3":"status-publish","4":"has-post-thumbnail","6":"product_cat-scarpe-da-uomo","7":"product_cat-scarpe-da-uomo-bicolore","8":"product_cat-scarpe-oxford-da-uomo","9":"pa_talla-zapato-39-it","10":"pa_talla-zapato-40-it","11":"pa_talla-zapato-41-it","12":"pa_talla-zapato-42-it","13":"pa_talla-zapato-43-it","14":"pa_talla-zapato-44-it","15":"pa_talla-zapato-45-it","16":"pa_talla-zapato-46-it","18":"first","19":"instock","20":"sale","21":"taxable","22":"shipping-taxable","23":"purchasable","24":"product-type-variable"},"_links":{"self":[{"href":"https:\/\/www.beatnikshoes.com\/it\/wp-json\/wp\/v2\/product\/60086","targetHints":{"allow":["GET"]}}],"collection":[{"href":"https:\/\/www.beatnikshoes.com\/it\/wp-json\/wp\/v2\/product"}],"about":[{"href":"https:\/\/www.beatnikshoes.com\/it\/wp-json\/wp\/v2\/types\/product"}],"replies":[{"embeddable":true,"href":"https:\/\/www.beatnikshoes.com\/it\/wp-json\/wp\/v2\/comments?post=60086"}],"wp:featuredmedia":[{"embeddable":true,"href":"https:\/\/www.beatnikshoes.com\/it\/wp-json\/wp\/v2\/media\/70624"}],"wp:attachment":[{"href":"https:\/\/www.beatnikshoes.com\/it\/wp-json\/wp\/v2\/media?parent=60086"}],"wp:term":[{"taxonomy":"product_brand","embeddable":true,"href":"https:\/\/www.beatnikshoes.com\/it\/wp-json\/wp\/v2\/product_brand?post=60086"},{"taxonomy":"product_cat","embeddable":true,"href":"https:\/\/www.beatnikshoes.com\/it\/wp-json\/wp\/v2\/product_cat?post=60086"},{"taxonomy":"product_tag","embeddable":true,"href":"https:\/\/www.beatnikshoes.com\/it\/wp-json\/wp\/v2\/product_tag?post=60086"},{"taxonomy":"woo-feed-brand","embeddable":true,"href":"https:\/\/www.beatnikshoes.com\/it\/wp-json\/wp\/v2\/woo-feed-brand?post=60086"}],"curies":[{"name":"wp","href":"https:\/\/api.w.org\/{rel}","templated":true}]}}