{"id":60081,"date":"2018-06-08T10:53:39","date_gmt":"2018-06-08T08:53:39","guid":{"rendered":"https:\/\/www.beatnikshoes.com\/zapatos-hechos-a-mano\/scarpa-donna-doppia-fibbia-marrone-giugno\/"},"modified":"2025-08-27T21:09:23","modified_gmt":"2025-08-27T19:09:23","slug":"scarpa-donna-doppia-fibbia-marrone-giugno","status":"publish","type":"product","link":"https:\/\/www.beatnikshoes.com\/it\/scarpe-fatte-a-mano\/scarpa-donna-doppia-fibbia-marrone-giugno\/","title":{"rendered":"June Marrone Scarpa doppia fibbia da donna"},"content":{"rendered":"<h2>SCARPA DA DONNA CON DOPPIA FIBBIA MARRONE.<\/h2>\n<h3>LA SOLUZIONE PI\u00d9 VERSATILE.<\/h3>\n<p>La formalit\u00e0 della tomaia sottile della nostra <strong>scarpa da donna con doppia fibbia marrone <\/strong>contrasta piacevolmente con la calda texture caramellata della pregiata pelle di vitello di questo pezzo. La morbida pelle del ponte abbraccia il piede. La chiusura si regola perfettamente con le due fibbie cromate.<\/p>\n<p>Questa <strong>cavigliera marrone da donna<\/strong>, come tutti i modelli della nostra collezione, \u00e8 realizzata a mano. \u00c8 inoltre foderato in pelle di vitello viola con cuciture minime, in modo che il piede sia completamente protetto dalla pelle pi\u00f9 morbida del mercato. La suola in pelle di questa <strong>scarpa da donna marrone <\/strong>\u00e8 rifinita con un sottile strato di materiale antiscivolo. Tutto questo per isolare ulteriormente il proprietario dalle intemperie.<\/p>\n<p>Il colore marrone di questa <strong>scarpa con due fibbie <\/strong> \u00e8 una tonalit\u00e0 perfetta da abbinare a tutta la gamma di tonalit\u00e0 nere o blu. E naturalmente con qualsiasi tipo di ghiaccioli o torte alla crema.<\/p>\n<p>In conclusione, questa <strong>femminile tracolla marrone<\/strong> \u00e8 un pezzo pregiato di altissima manifattura che unisce il classicismo senza tempo della sua tonalit\u00e0 caramello al calore della migliore pelle sul mercato.<\/p>\n","protected":false},"excerpt":{"rendered":"<h2>Scarpe a due fibbie marroni fatte a mano<\/h2>\n<p>Materiale esterno: pelle di vitello marrone mogano<br \/>\nFodera: pelle di vitello<br \/>\nMateriale della suola: pelle cucita pi\u00f9 uno strato di materiale antiscivolo<br \/>\nChiusura: fibbie<br \/>\nTipo di tacco: basso<\/p>\n","protected":false},"featured_media":59003,"comment_status":"open","ping_status":"closed","template":"","meta":[],"product_brand":[],"product_cat":[9026,9260],"product_tag":[],"woo-feed-brand":[],"class_list":{"0":"post-60081","1":"product","2":"type-product","3":"status-publish","4":"has-post-thumbnail","6":"product_cat-scarpe-da-donna","7":"product_cat-scarpa-con-fibbie","8":"pa_talla-zapato-35-it","9":"pa_talla-zapato-36-it","10":"pa_talla-zapato-37-it","11":"pa_talla-zapato-38-it","12":"pa_talla-zapato-39-it","13":"pa_talla-zapato-40-it","14":"pa_talla-zapato-41-it","15":"pa_talla-zapato-42-it","17":"first","18":"instock","19":"sale","20":"taxable","21":"shipping-taxable","22":"purchasable","23":"product-type-variable"},"_links":{"self":[{"href":"https:\/\/www.beatnikshoes.com\/it\/wp-json\/wp\/v2\/product\/60081","targetHints":{"allow":["GET"]}}],"collection":[{"href":"https:\/\/www.beatnikshoes.com\/it\/wp-json\/wp\/v2\/product"}],"about":[{"href":"https:\/\/www.beatnikshoes.com\/it\/wp-json\/wp\/v2\/types\/product"}],"replies":[{"embeddable":true,"href":"https:\/\/www.beatnikshoes.com\/it\/wp-json\/wp\/v2\/comments?post=60081"}],"wp:featuredmedia":[{"embeddable":true,"href":"https:\/\/www.beatnikshoes.com\/it\/wp-json\/wp\/v2\/media\/59003"}],"wp:attachment":[{"href":"https:\/\/www.beatnikshoes.com\/it\/wp-json\/wp\/v2\/media?parent=60081"}],"wp:term":[{"taxonomy":"product_brand","embeddable":true,"href":"https:\/\/www.beatnikshoes.com\/it\/wp-json\/wp\/v2\/product_brand?post=60081"},{"taxonomy":"product_cat","embeddable":true,"href":"https:\/\/www.beatnikshoes.com\/it\/wp-json\/wp\/v2\/product_cat?post=60081"},{"taxonomy":"product_tag","embeddable":true,"href":"https:\/\/www.beatnikshoes.com\/it\/wp-json\/wp\/v2\/product_tag?post=60081"},{"taxonomy":"woo-feed-brand","embeddable":true,"href":"https:\/\/www.beatnikshoes.com\/it\/wp-json\/wp\/v2\/woo-feed-brand?post=60081"}],"curies":[{"name":"wp","href":"https:\/\/api.w.org\/{rel}","templated":true}]}}