{"id":60054,"date":"2018-05-17T13:22:13","date_gmt":"2018-05-17T11:22:13","guid":{"rendered":"https:\/\/www.beatnikshoes.com\/zapatos-hechos-a-mano\/blucher-dark-orange-crush-donna-ethel-orange-crush\/"},"modified":"2025-08-27T21:20:30","modified_gmt":"2025-08-27T19:20:30","slug":"blucher-dark-orange-crush-donna-ethel-orange-crush","status":"publish","type":"product","link":"https:\/\/www.beatnikshoes.com\/it\/scarpe-fatte-a-mano\/blucher-dark-orange-crush-donna-ethel-orange-crush\/","title":{"rendered":"Blucher donna arancio scuro Ethel Orange Crush"},"content":{"rendered":"<h2>LA SCELTA MIGLIORE \u00c8 UN BLUCHER ARANCIONE SCURO<\/h2>\n<h3>TUTTO IL COLORE E LA PERSONALIT\u00c0 DI QUESTA STAGIONE.<\/h3>\n<p>Questo <strong>blucher da donna in pelle rossa<\/strong> abbronzata \u00e8 il culmine della nostra nuova collezione. Sulla forma pi\u00f9 comoda della nostra gamma, abbiamo inserito la <strong>pelle di vitello<\/strong> pi\u00f9 morbida ed elastica del mercato in una delle tonalit\u00e0 pi\u00f9 vivaci che siamo riusciti a trovare. Un arancione tostato ricco di sfumature che, a seconda della luce del giorno, muta in una tonalit\u00e0 rosso scuro.<\/p>\n<p>Lo stile classico di questa <strong>scarpa rossa da donna con lacci<\/strong> contrasta con il tocco di colore sulla tomaia. Garantisce quindi un perfetto equilibrio tra l&#8217;eleganza pi\u00f9 tradizionale e il tocco contemporaneo della sua colorazione. La tonalit\u00e0 di questa pelle \u00e8 ricca di sfumature e si abbina perfettamente a tutti i tipi di colori pastello e terrosi, nonch\u00e9 al bianco e al blu, colori perfetti per questa stagione. D&#8217;altra parte, il design della tomaia, la morbida fodera in pelle di vitello praticamente priva di cuciture e la suola in cuoio pieno garantiscono un comfort ineguagliabile, con e senza calze. La suola in cuoio \u00e8 inoltre rifinita con un sottile strato antiscivolo per isolare in caso di pioggia.<\/p>\n<p>Questa <strong>scarpa arancione da donna in stile Oxford<\/strong> \u00e8 interamente <strong>realizzata a mano in Spagna <\/strong>. Unisce la tradizione secolare dell&#8217;artigianato della pelle nelle scarpe di lusso con l&#8217;intramontabile stile britannico. Tutto questo insieme d\u00e0 vita a un modello che vi accompagner\u00e0 per molte stagioni, grazie al suo comfort e alla sua eleganza.<\/p>\n<p>Il vostro prossimo successo sicuro in arancione.<\/p>\n","protected":false},"excerpt":{"rendered":"<h2>Blucher in pelle realizzati a mano in Spagna<\/h2>\n<p>Materiale esterno: pelle di vitello arancione scuro<br \/>\nFodera: pelle di vacchetta viola<br \/>\nMateriale della suola: Vera pelle<br \/>\nChiusura: lacci<br \/>\nTipo di tacco: basso<\/p>\n","protected":false},"featured_media":59137,"comment_status":"open","ping_status":"closed","template":"","meta":[],"product_brand":[],"product_cat":[9026,9103,9102],"product_tag":[],"woo-feed-brand":[],"class_list":{"0":"post-60054","1":"product","2":"type-product","3":"status-publish","4":"has-post-thumbnail","6":"product_cat-scarpe-da-donna","7":"product_cat-scarpe-blucher-da-donna","8":"product_cat-scarpe-oxford-da-donna","9":"pa_talla-zapato-35-it","10":"pa_talla-zapato-36-it","11":"pa_talla-zapato-37-it","12":"pa_talla-zapato-38-it","13":"pa_talla-zapato-39-it","14":"pa_talla-zapato-40-it","15":"pa_talla-zapato-41-it","16":"pa_talla-zapato-42-it","17":"pa_talla-zapato-43-it","18":"pa_talla-zapato-44-it","20":"first","21":"instock","22":"sale","23":"taxable","24":"shipping-taxable","25":"purchasable","26":"product-type-variable"},"_links":{"self":[{"href":"https:\/\/www.beatnikshoes.com\/it\/wp-json\/wp\/v2\/product\/60054","targetHints":{"allow":["GET"]}}],"collection":[{"href":"https:\/\/www.beatnikshoes.com\/it\/wp-json\/wp\/v2\/product"}],"about":[{"href":"https:\/\/www.beatnikshoes.com\/it\/wp-json\/wp\/v2\/types\/product"}],"replies":[{"embeddable":true,"href":"https:\/\/www.beatnikshoes.com\/it\/wp-json\/wp\/v2\/comments?post=60054"}],"wp:featuredmedia":[{"embeddable":true,"href":"https:\/\/www.beatnikshoes.com\/it\/wp-json\/wp\/v2\/media\/59137"}],"wp:attachment":[{"href":"https:\/\/www.beatnikshoes.com\/it\/wp-json\/wp\/v2\/media?parent=60054"}],"wp:term":[{"taxonomy":"product_brand","embeddable":true,"href":"https:\/\/www.beatnikshoes.com\/it\/wp-json\/wp\/v2\/product_brand?post=60054"},{"taxonomy":"product_cat","embeddable":true,"href":"https:\/\/www.beatnikshoes.com\/it\/wp-json\/wp\/v2\/product_cat?post=60054"},{"taxonomy":"product_tag","embeddable":true,"href":"https:\/\/www.beatnikshoes.com\/it\/wp-json\/wp\/v2\/product_tag?post=60054"},{"taxonomy":"woo-feed-brand","embeddable":true,"href":"https:\/\/www.beatnikshoes.com\/it\/wp-json\/wp\/v2\/woo-feed-brand?post=60054"}],"curies":[{"name":"wp","href":"https:\/\/api.w.org\/{rel}","templated":true}]}}