{"id":60001,"date":"2017-10-24T16:59:52","date_gmt":"2017-10-24T14:59:52","guid":{"rendered":"https:\/\/www.beatnikshoes.com\/zapatos-hechos-a-mano\/stivale-da-uomo-marrone-chesea\/"},"modified":"2025-08-27T21:58:25","modified_gmt":"2025-08-27T19:58:25","slug":"stivale-da-uomo-marrone-chesea","status":"publish","type":"product","link":"https:\/\/www.beatnikshoes.com\/it\/scarpe-fatte-a-mano\/stivale-da-uomo-marrone-chesea\/","title":{"rendered":"Stivale Chelsea marrone da uomo"},"content":{"rendered":"<h2>STIVALE CHELSEA MARRONE DA UOMO, STILE CON UN TOCCO DI CLASSE.<\/h2>\n<p>Lo stile impareggiabile dello <strong>stivale Chelsea marrone da uomo<\/strong> con le sue linee eleganti e classiche. Il tutto abbinato alla pelle marrone rossastra di questi stivaletti da uomo. Una combinazione vincente per il guardaroba di chi la indossa.<\/p>\n<p>Realizzati a mano in Spagna in morbidissima pelle marrone, con una suola in vera pelle ricoperta da un ulteriore strato di materiale antiscivolo. L&#8217;intero interno dello stivale \u00e8 foderato con un pezzo di pelle di vitello praticamente senza cuciture. La morbidezza di questo pezzo \u00e8 un&#8217;assoluta delizia su cui camminare. Gli stivali Chelsea non sono solo eleganti, ma anche molto veloci da indossare e togliere, poich\u00e9 non ci sono lacci o cerniere. I fianchi elasticizzati sostengono perfettamente la falcata senza costringere, dando una sensazione di libert\u00e0 e comfort senza pari.<\/p>\n<p>D&#8217;altra parte, la pelle di vitello in cui \u00e8 realizzato questo stivale diventa ancora pi\u00f9 morbida del nuovo con l&#8217;uso e il passare del tempo. Questo modello \u00e8 sempre pi\u00f9 destinato a diventare il paio di stivali pi\u00f9 comodi del guardaroba maschile.<\/p>\n<p>L&#8217;eleganza del taglio della lama, la discrezione formale del suo design e il tocco di colore che fornisce la personalit\u00e0 essenziale per completare l&#8217;estetica del suo proprietario. Lo <strong>stivale Chelsea marrone da uomo<\/strong> \u00e8 abbinabile a diverse palette di colori e stampe. Come i toni della terra, i pastelli, i blu, i grigi e i neri. E con pantaloni in tutti i tipi di tessuto e perfetti sia per il tempo libero che per il lavoro.<\/p>\n<p><strong>Stivali Chelsea da uomo<\/strong> dal taglio classico con un tocco di colore mogano, perfetti per tutte le situazioni e tutti gli ambienti.<\/p>\n","protected":false},"excerpt":{"rendered":"<h2>Stivaletti in pelle realizzati a mano in Spagna<\/h2>\n<p>Materiale esterno: Pelle di vitello marrone<br \/>\nFodera: pelle di vitello viola<br \/>\nMateriale del pavimento: vera pelle cucita pi\u00f9 uno strato di materiale antiscivolo<br \/>\nChiusura: elastica<br \/>\nTipo di tacco: basso<\/p>\n","protected":false},"featured_media":76639,"comment_status":"open","ping_status":"closed","template":"","meta":[],"product_brand":[11791],"product_cat":[9158,9349,9350],"product_tag":[],"woo-feed-brand":[],"class_list":{"0":"post-60001","1":"product","2":"type-product","3":"status-publish","4":"has-post-thumbnail","6":"product_brand-beatnik-shoes-it","7":"product_cat-scarpe-da-uomo","8":"product_cat-stivali","9":"product_cat-stivali-chelsea","10":"pa_talla-zapato-39-it","11":"pa_talla-zapato-40-it","12":"pa_talla-zapato-41-it","13":"pa_talla-zapato-42-it","14":"pa_talla-zapato-43-it","15":"pa_talla-zapato-44-it","16":"pa_talla-zapato-45-it","17":"pa_talla-zapato-46-it","19":"first","20":"instock","21":"sale","22":"taxable","23":"shipping-taxable","24":"purchasable","25":"product-type-variable"},"_links":{"self":[{"href":"https:\/\/www.beatnikshoes.com\/it\/wp-json\/wp\/v2\/product\/60001","targetHints":{"allow":["GET"]}}],"collection":[{"href":"https:\/\/www.beatnikshoes.com\/it\/wp-json\/wp\/v2\/product"}],"about":[{"href":"https:\/\/www.beatnikshoes.com\/it\/wp-json\/wp\/v2\/types\/product"}],"replies":[{"embeddable":true,"href":"https:\/\/www.beatnikshoes.com\/it\/wp-json\/wp\/v2\/comments?post=60001"}],"wp:featuredmedia":[{"embeddable":true,"href":"https:\/\/www.beatnikshoes.com\/it\/wp-json\/wp\/v2\/media\/76639"}],"wp:attachment":[{"href":"https:\/\/www.beatnikshoes.com\/it\/wp-json\/wp\/v2\/media?parent=60001"}],"wp:term":[{"taxonomy":"product_brand","embeddable":true,"href":"https:\/\/www.beatnikshoes.com\/it\/wp-json\/wp\/v2\/product_brand?post=60001"},{"taxonomy":"product_cat","embeddable":true,"href":"https:\/\/www.beatnikshoes.com\/it\/wp-json\/wp\/v2\/product_cat?post=60001"},{"taxonomy":"product_tag","embeddable":true,"href":"https:\/\/www.beatnikshoes.com\/it\/wp-json\/wp\/v2\/product_tag?post=60001"},{"taxonomy":"woo-feed-brand","embeddable":true,"href":"https:\/\/www.beatnikshoes.com\/it\/wp-json\/wp\/v2\/woo-feed-brand?post=60001"}],"curies":[{"name":"wp","href":"https:\/\/api.w.org\/{rel}","templated":true}]}}