{"id":59973,"date":"2017-10-11T18:00:33","date_gmt":"2017-10-11T16:00:33","guid":{"rendered":"https:\/\/www.beatnikshoes.com\/zapatos-hechos-a-mano\/uomo-allen-allen-loafer-nero-straight-jacket\/"},"modified":"2024-09-06T00:09:20","modified_gmt":"2024-09-05T22:09:20","slug":"uomo-allen-allen-loafer-nero-straight-jacket","status":"publish","type":"product","link":"https:\/\/www.beatnikshoes.com\/it\/scarpe-fatte-a-mano\/uomo-allen-allen-loafer-nero-straight-jacket\/","title":{"rendered":"Mocassino classico Allen nero da uomo"},"content":{"rendered":"<h2>MOCASSINO CLASSICO DA UOMO NERO CON MASCHERA FATTA A MANO. UN CLASSICO ATTUALIZZATO.<\/h2>\n<p>Il nostro nuovo <strong>mocassino<\/strong> Allen <strong>nero da uomo<\/strong> \u00e8 rifinito con una classica mascherina anteriore, per i pi\u00f9 classici. La tomaia sottile \u00e8 realizzata in un unico pezzo di vera pelle. L&#8217;interno comprende una fodera in pelle bovina senza cuciture, una soletta in pelle e una suola cucita.<\/p>\n<p>Grazie al design della tomaia, l&#8217;intero piede \u00e8 completamente circondato da vera pelle, senza punti di attrito, ed \u00e8 protetto dal caldo, dal freddo e dalle intemperie. Tutto ci\u00f2 costituisce una <strong>scarpa da uomo nera in stile castigliano<\/strong> adatta a tutte le stagioni.<\/p>\n<p>In breve, questo <strong>classico mocassino nero da uomo<\/strong>, realizzato a mano in Spagna, \u00e8 perfetto da abbinare a completi formali o a combinazioni pi\u00f9 rilassate, con qualsiasi tipo di pantalone in qualsiasi colore. Di conseguenza, questo modello \u00e8 un pezzo molto facile da indossare e da abbinare, che offre a chi lo indossa un tocco molto classico nel vestire, oltre a un grande comfort.<\/p>\n","protected":false},"excerpt":{"rendered":"<h2>Mocassino nero fatto a mano in Spagna<\/h2>\n<p>Materiale esterno: Pelle di vitello<br \/>\nFodera: pelle di vitello<br \/>\nMateriale della suola: pelle cucita pi\u00f9 uno strato di materiale antiscivolo<br \/>\nChiusura: regolazione<br \/>\nTipo di tacco: basso<br \/>\n<strong>Nota sulla taglia del modello Allen<\/strong>: ordinare una taglia in meno del solito.<\/p>\n","protected":false},"featured_media":70332,"comment_status":"open","ping_status":"closed","template":"","meta":[],"product_brand":[11791],"product_cat":[9365,9158,9188],"product_tag":[],"woo-feed-brand":[],"class_list":{"0":"post-59973","1":"product","2":"type-product","3":"status-publish","4":"has-post-thumbnail","6":"product_brand-beatnik-shoes-it","7":"product_cat-mocassini-it","8":"product_cat-scarpe-da-uomo","9":"product_cat-uscita","10":"pa_talla-zapato-39-it","11":"pa_talla-zapato-40-it","12":"pa_talla-zapato-41-it","13":"pa_talla-zapato-42-it","14":"pa_talla-zapato-43-it","15":"pa_talla-zapato-44-it","16":"pa_talla-zapato-45-it","17":"pa_talla-zapato-46-it","19":"first","20":"instock","21":"sale","22":"taxable","23":"shipping-taxable","24":"purchasable","25":"product-type-variable"},"_links":{"self":[{"href":"https:\/\/www.beatnikshoes.com\/it\/wp-json\/wp\/v2\/product\/59973","targetHints":{"allow":["GET"]}}],"collection":[{"href":"https:\/\/www.beatnikshoes.com\/it\/wp-json\/wp\/v2\/product"}],"about":[{"href":"https:\/\/www.beatnikshoes.com\/it\/wp-json\/wp\/v2\/types\/product"}],"replies":[{"embeddable":true,"href":"https:\/\/www.beatnikshoes.com\/it\/wp-json\/wp\/v2\/comments?post=59973"}],"wp:featuredmedia":[{"embeddable":true,"href":"https:\/\/www.beatnikshoes.com\/it\/wp-json\/wp\/v2\/media\/70332"}],"wp:attachment":[{"href":"https:\/\/www.beatnikshoes.com\/it\/wp-json\/wp\/v2\/media?parent=59973"}],"wp:term":[{"taxonomy":"product_brand","embeddable":true,"href":"https:\/\/www.beatnikshoes.com\/it\/wp-json\/wp\/v2\/product_brand?post=59973"},{"taxonomy":"product_cat","embeddable":true,"href":"https:\/\/www.beatnikshoes.com\/it\/wp-json\/wp\/v2\/product_cat?post=59973"},{"taxonomy":"product_tag","embeddable":true,"href":"https:\/\/www.beatnikshoes.com\/it\/wp-json\/wp\/v2\/product_tag?post=59973"},{"taxonomy":"woo-feed-brand","embeddable":true,"href":"https:\/\/www.beatnikshoes.com\/it\/wp-json\/wp\/v2\/woo-feed-brand?post=59973"}],"curies":[{"name":"wp","href":"https:\/\/api.w.org\/{rel}","templated":true}]}}