{"id":59893,"date":"2018-04-26T11:07:12","date_gmt":"2018-04-26T09:07:12","guid":{"rendered":"https:\/\/www.beatnikshoes.com\/zapatos-hechos-a-mano\/nero-francoise-noir-donna-nero-canguro-sandalo\/"},"modified":"2025-08-27T21:30:11","modified_gmt":"2025-08-27T19:30:11","slug":"nero-francoise-noir-donna-nero-canguro-sandalo","status":"publish","type":"product","link":"https:\/\/www.beatnikshoes.com\/it\/scarpe-fatte-a-mano\/nero-francoise-noir-donna-nero-canguro-sandalo\/","title":{"rendered":"Fran\u00e7oise Noir sandalo granchio donna nero"},"content":{"rendered":"<h2>SANDALO DONNA BLACK CRAB: STILE E COMFORT SENZA PARI<\/h2>\n<p>Un <strong>sandalo granchio nero da donna<\/strong> in pelle pregiata \u00e8 la soluzione migliore per passeggiare nelle giornate e nelle serate pi\u00f9 piacevoli dell&#8217;Europa meridionale. E questi eleganti sandali Beatnik con punta chiusa e comodo tacco di 4 centimetri non sono solo per la stagione. Sono perfetti per tutti i mesi caldi che abbiamo la fortuna di vivere, sia con che senza collant. Abbiamo sviluppato una forma che si adatta perfettamente al piede ed \u00e8 coperta da una tomaia creata da sottili strisce di pelle di vitello foderate di morbida pelle di vitello.<\/p>\n<p>Ciascuno dei <strong>sandali chiusi in pelle nera Fran\u00e7oise noir<\/strong> \u00e8 intrecciato con la suola e il set \u00e8 rifinito con la punta sottile della tomaia. La regolazione avviene alla caviglia tramite una comoda fibbia in metallo cromato.<\/p>\n<p>Un prodigio dell&#8217;artigianato, che utilizza solo la pelle pi\u00f9 pregiata del mercato per creare un sandalo elegante con un comodo tacco largo. Questa altezza \u00e8 quindi quella ideale per separare il tallone dall&#8217;eventuale calore del terreno. La suola \u00e8 in vero cuoio e l&#8217;intera soletta interna \u00e8 foderata in pelle di vitello. Il design accurato della tomaia e il colore nero della vera pelle rendono questo modello di <strong>sandalo nero a punta e tacco basso<\/strong> un&#8217;opzione molto semplice da indossare con comodit\u00e0 ed eleganza in questa stagione. Questo sandalo nero da donna si abbina perfettamente a qualsiasi abito, gonna o pantalone corto o lungo.<\/p>\n<p>Grazie al loro taglio, sono perfetti per un look pi\u00f9 casual o per uno stile pi\u00f9 formale o addirittura business. Le forme organiche di questo <strong>granchio nero da donna <\/strong>completano un look molto sofisticato e sono perfette con i jeans. Ci\u00f2 \u00e8 dovuto alla sua versatilit\u00e0 e alla facilit\u00e0 di combinazione.<\/p>\n<p>Una scommessa sicura per questa stagione.<\/p>\n","protected":false},"excerpt":{"rendered":"<h2>Sandalo a granchio in pelle nera fatto a mano in Spagna<\/h2>\n<p>Materiale esterno: pelle di vitello nera<br \/>\nFodera: pelle di vacchetta viola<br \/>\nMateriale della suola: Vera pelle<br \/>\nChiusura: fibbie<br \/>\nTipo di tacco: medio<br \/>\nComposizione: 100 % pelle<\/p>\n<p><strong>Nota sulla taglia del nostro modello Fran\u00e7oise: ordinare una taglia in pi\u00f9.<\/strong><\/p>\n","protected":false},"featured_media":57221,"comment_status":"open","ping_status":"closed","template":"","meta":[],"product_brand":[11791],"product_cat":[9026,9560],"product_tag":[],"woo-feed-brand":[],"class_list":{"0":"post-59893","1":"product","2":"type-product","3":"status-publish","4":"has-post-thumbnail","6":"product_brand-beatnik-shoes-it","7":"product_cat-scarpe-da-donna","8":"product_cat-sandali-cangrejeras","9":"pa_talla-zapato-35-it","10":"pa_talla-zapato-36-it","11":"pa_talla-zapato-37-it","12":"pa_talla-zapato-38-it","13":"pa_talla-zapato-39-it","14":"pa_talla-zapato-40-it","15":"pa_talla-zapato-41-it","16":"pa_talla-zapato-42-it","17":"pa_talla-zapato-43-it","18":"pa_talla-zapato-44-it","19":"pa_talla-zapato-45-it","21":"first","22":"instock","23":"sale","24":"taxable","25":"shipping-taxable","26":"purchasable","27":"product-type-variable"},"_links":{"self":[{"href":"https:\/\/www.beatnikshoes.com\/it\/wp-json\/wp\/v2\/product\/59893","targetHints":{"allow":["GET"]}}],"collection":[{"href":"https:\/\/www.beatnikshoes.com\/it\/wp-json\/wp\/v2\/product"}],"about":[{"href":"https:\/\/www.beatnikshoes.com\/it\/wp-json\/wp\/v2\/types\/product"}],"replies":[{"embeddable":true,"href":"https:\/\/www.beatnikshoes.com\/it\/wp-json\/wp\/v2\/comments?post=59893"}],"wp:featuredmedia":[{"embeddable":true,"href":"https:\/\/www.beatnikshoes.com\/it\/wp-json\/wp\/v2\/media\/57221"}],"wp:attachment":[{"href":"https:\/\/www.beatnikshoes.com\/it\/wp-json\/wp\/v2\/media?parent=59893"}],"wp:term":[{"taxonomy":"product_brand","embeddable":true,"href":"https:\/\/www.beatnikshoes.com\/it\/wp-json\/wp\/v2\/product_brand?post=59893"},{"taxonomy":"product_cat","embeddable":true,"href":"https:\/\/www.beatnikshoes.com\/it\/wp-json\/wp\/v2\/product_cat?post=59893"},{"taxonomy":"product_tag","embeddable":true,"href":"https:\/\/www.beatnikshoes.com\/it\/wp-json\/wp\/v2\/product_tag?post=59893"},{"taxonomy":"woo-feed-brand","embeddable":true,"href":"https:\/\/www.beatnikshoes.com\/it\/wp-json\/wp\/v2\/woo-feed-brand?post=59893"}],"curies":[{"name":"wp","href":"https:\/\/api.w.org\/{rel}","templated":true}]}}