{"id":59874,"date":"2023-12-01T13:03:53","date_gmt":"2023-12-01T12:03:53","guid":{"rendered":"https:\/\/www.beatnikshoes.com\/zapatos-hechos-a-mano\/stivale-chelsea-stivale-nero-donna-in-pelle-carla\/"},"modified":"2025-08-25T14:40:27","modified_gmt":"2025-08-25T12:40:27","slug":"stivale-chelsea-stivale-nero-donna-in-pelle-carla","status":"publish","type":"product","link":"https:\/\/www.beatnikshoes.com\/it\/scarpe-fatte-a-mano\/stivale-chelsea-stivale-nero-donna-in-pelle-carla\/","title":{"rendered":"Stivale Chelsea nero da donna in pelle Carla"},"content":{"rendered":"<h2>UN CLASSICO STIVALE CHELSEA IN NERO, TUTTO LO STILE E LA QUALIT\u00c0 PER VESTIRVI CON ELEGANZA.<\/h2>\n<p>Stile e personalit\u00e0 sono gli elementi che cerchiamo di mantenere nella nostra collezione. E se c&#8217;\u00e8 un modello che la d\u00e0 per scontata, \u00e8 il nostro <strong>stivale Chelsea nero da donna<\/strong>.<\/p>\n<p>Il comfort \u00e8 garantito dagli otto anni di sviluppo della forma, dall&#8217;artigianalit\u00e0 e dalla qualit\u00e0 dei materiali utilizzati.<\/p>\n<p>Scoprite il design eccezionale del nostro <strong>stivale Chelsea nero da donna,<\/strong> progettato per slanciare il piede, offrire una vestibilit\u00e0 unica, proteggere la caviglia e garantire un comfort termico senza pari. La sua versatilit\u00e0 \u00e8 insuperabile, in quanto pu\u00f2 essere indossato sia all&#8217;interno che all&#8217;esterno dei pantaloni, senza bisogno di nasconderlo.<\/p>\n<p>Questo <strong>stivale Chelsea<\/strong> si adatta a tutti i colori e a tutti gli stili, aggiungendo il tocco perfetto a qualsiasi outfit del vostro guardaroba. Con il suo design accuratamente realizzato, questo stivale non \u00e8 solo elegante, ma anche funzionale e comodo per ogni occasione. Aggiungete un tocco di stile e praticit\u00e0 ai vostri look quotidiani con il nostro stivale Chelsea da donna.<\/p>\n<p>I nostri <strong>stivali Chelsea neri <\/strong>Carla sono realizzati a mano con la pi\u00f9 morbida pelle di vitello, presentano una fodera interna in pelle di vacchetta viola cucita a mano e suole interne ed esterne in pelle con uno strato esterno protettivo in spai antiscivolo.<\/p>\n<p>Per questa stagione godetevi il miglior<strong> stivale Chelsea nero da donna<\/strong> realizzato in pelle di vitello nera, fodera in vacchetta viola, suola in cuoio con un sottile strato di spai antiscivolo.<\/p>\n","protected":false},"excerpt":{"rendered":"<h2>Stivale chelsea fatto a mano in Spagna<\/h2>\n<p>Materiale esterno: Pelle di vitello<br \/>\nFodera interna: pelle di vacchetta viola<br \/>\nMateriale della suola: vera pelle pi\u00f9 un sottile strato antiscivolo iniettato<br \/>\nTacco: basso<\/p>\n","protected":false},"featured_media":59231,"comment_status":"open","ping_status":"closed","template":"","meta":[],"product_brand":[11791],"product_cat":[9026,9512,9436],"product_tag":[],"woo-feed-brand":[],"class_list":{"0":"post-59874","1":"product","2":"type-product","3":"status-publish","4":"has-post-thumbnail","6":"product_brand-beatnik-shoes-it","7":"product_cat-scarpe-da-donna","8":"product_cat-stivali-chelsea-donna","9":"product_cat-stivali-da-donna","10":"pa_talla-zapato-35-it","11":"pa_talla-zapato-36-it","12":"pa_talla-zapato-37-it","13":"pa_talla-zapato-38-it","14":"pa_talla-zapato-39-it","15":"pa_talla-zapato-40-it","16":"pa_talla-zapato-41-it","17":"pa_talla-zapato-42-it","19":"first","20":"instock","21":"sale","22":"taxable","23":"shipping-taxable","24":"purchasable","25":"product-type-variable"},"_links":{"self":[{"href":"https:\/\/www.beatnikshoes.com\/it\/wp-json\/wp\/v2\/product\/59874","targetHints":{"allow":["GET"]}}],"collection":[{"href":"https:\/\/www.beatnikshoes.com\/it\/wp-json\/wp\/v2\/product"}],"about":[{"href":"https:\/\/www.beatnikshoes.com\/it\/wp-json\/wp\/v2\/types\/product"}],"replies":[{"embeddable":true,"href":"https:\/\/www.beatnikshoes.com\/it\/wp-json\/wp\/v2\/comments?post=59874"}],"wp:featuredmedia":[{"embeddable":true,"href":"https:\/\/www.beatnikshoes.com\/it\/wp-json\/wp\/v2\/media\/59231"}],"wp:attachment":[{"href":"https:\/\/www.beatnikshoes.com\/it\/wp-json\/wp\/v2\/media?parent=59874"}],"wp:term":[{"taxonomy":"product_brand","embeddable":true,"href":"https:\/\/www.beatnikshoes.com\/it\/wp-json\/wp\/v2\/product_brand?post=59874"},{"taxonomy":"product_cat","embeddable":true,"href":"https:\/\/www.beatnikshoes.com\/it\/wp-json\/wp\/v2\/product_cat?post=59874"},{"taxonomy":"product_tag","embeddable":true,"href":"https:\/\/www.beatnikshoes.com\/it\/wp-json\/wp\/v2\/product_tag?post=59874"},{"taxonomy":"woo-feed-brand","embeddable":true,"href":"https:\/\/www.beatnikshoes.com\/it\/wp-json\/wp\/v2\/woo-feed-brand?post=59874"}],"curies":[{"name":"wp","href":"https:\/\/api.w.org\/{rel}","templated":true}]}}