{"id":59846,"date":"2018-04-24T13:51:52","date_gmt":"2018-04-24T11:51:52","guid":{"rendered":"https:\/\/www.beatnikshoes.com\/zapatos-hechos-a-mano\/blucher-bicolore-donna-etelocromo-crema-blu-beige\/"},"modified":"2025-08-27T21:36:42","modified_gmt":"2025-08-27T19:36:42","slug":"blucher-bicolore-donna-etelocromo-crema-blu-beige","status":"publish","type":"product","link":"https:\/\/www.beatnikshoes.com\/it\/scarpe-fatte-a-mano\/blucher-bicolore-donna-etelocromo-crema-blu-beige\/","title":{"rendered":"Blucher Ethel Blue Cream bicolore blu e beige"},"content":{"rendered":"<h2>UNA OXFORD DA DONNA IN MORBIDA PELLE NEI COLORI CREMA PER QUESTA STAGIONE<\/h2>\n<p>Una <strong>blucher da donna bicolore blu e beige<\/strong> realizzata a mano in Spagna in pelle di vitello. La forma pi\u00f9 comoda e collaudata della nostra collezione, con la pelle pi\u00f9 morbida ed elegante del mercato, la pelle di vitello, d\u00e0 vita a questo Blucher elegante e confortevole. Le due tonalit\u00e0 scelte, beige tenue e blu glaciale, si abbinano perfettamente. Tutto questo crea un insieme che si distingue e che offre un tocco di sobria eleganza.<\/p>\n<p>L&#8217;abbinamento di questa <strong>scarpa bicolore da donna in stile Oxford<\/strong> con i colori pastello e gli abiti color terra \u00e8 perfetto. Abbinati ai toni del blu e alle palette di colori freddi, sono un&#8217;ottima scelta. Queste scarpe da donna con lacci bicolore sono una scelta facile da indossare con tutti i tipi di pantaloni, sia quelli formali che quelli pi\u00f9 casual in cotone o con i jeans. Con gonne e abiti di qualsiasi lunghezza e in qualsiasi tonalit\u00e0, sono anche un abbinamento perfetto. Queste <strong>scarpe stringate da donna<\/strong>, femminili e irresistibili, offrono quel tocco di eleganza classica che \u00e8 sempre perfetto per ogni occasione.<\/p>\n<p>Questa<strong> scarpa bassa bicolore da donna<\/strong> presenta una raffinata lavorazione sulla tomaia. La lama \u00e8 broccata a mano con la classica decorazione Oxford a tutta ala. \u00c8 foderato interamente a mano in pelle di vitello viola e cucito quasi senza soluzione di continuit\u00e0 per il massimo comfort. La suola \u00e8 in vera pelle e uno strato di spay antiscivolo \u00e8 stato iniettato sulla suola per garantire un maggiore isolamento e sicurezza della suola.<\/p>\n<p>La pelle di vitello, tanto morbida quanto resistente, \u00e8 molto facile da pulire. Un semplice panno umido rimuove i residui dell&#8217;uso quotidiano. Per nutrire la pelle, una piccola quantit\u00e0 di crema incolore ne ripristina ripetutamente il tono originale.<\/p>\n<p>Vengono forniti con due passanti in beige e in blu glaciale, in modo da poterli combinare.<\/p>\n","protected":false},"excerpt":{"rendered":"<h2>Blucher in pelle bicolore realizzati a mano in Spagna<\/h2>\n<p>Materiale esterno: pelle di vitello bicolore blu e beige<br \/>\nFodera: pelle di vacchetta viola<br \/>\nMateriale della suola: Vera pelle<br \/>\nChiusura: lacci<br \/>\nTipo di tacco basso<\/p>\n<p>&nbsp;<\/p>\n","protected":false},"featured_media":73753,"comment_status":"open","ping_status":"closed","template":"","meta":[],"product_brand":[],"product_cat":[9103,9026,9248,9102],"product_tag":[],"woo-feed-brand":[],"class_list":{"0":"post-59846","1":"product","2":"type-product","3":"status-publish","4":"has-post-thumbnail","6":"product_cat-scarpe-blucher-da-donna","7":"product_cat-scarpe-da-donna","8":"product_cat-scarpe-da-donna-bicolore","9":"product_cat-scarpe-oxford-da-donna","10":"pa_talla-zapato-35-it","11":"pa_talla-zapato-36-it","12":"pa_talla-zapato-37-it","13":"pa_talla-zapato-38-it","14":"pa_talla-zapato-39-it","15":"pa_talla-zapato-40-it","16":"pa_talla-zapato-41-it","17":"pa_talla-zapato-42-it","18":"pa_talla-zapato-43-it","19":"pa_talla-zapato-44-it","21":"first","22":"instock","23":"sale","24":"taxable","25":"shipping-taxable","26":"purchasable","27":"product-type-variable"},"_links":{"self":[{"href":"https:\/\/www.beatnikshoes.com\/it\/wp-json\/wp\/v2\/product\/59846","targetHints":{"allow":["GET"]}}],"collection":[{"href":"https:\/\/www.beatnikshoes.com\/it\/wp-json\/wp\/v2\/product"}],"about":[{"href":"https:\/\/www.beatnikshoes.com\/it\/wp-json\/wp\/v2\/types\/product"}],"replies":[{"embeddable":true,"href":"https:\/\/www.beatnikshoes.com\/it\/wp-json\/wp\/v2\/comments?post=59846"}],"wp:featuredmedia":[{"embeddable":true,"href":"https:\/\/www.beatnikshoes.com\/it\/wp-json\/wp\/v2\/media\/73753"}],"wp:attachment":[{"href":"https:\/\/www.beatnikshoes.com\/it\/wp-json\/wp\/v2\/media?parent=59846"}],"wp:term":[{"taxonomy":"product_brand","embeddable":true,"href":"https:\/\/www.beatnikshoes.com\/it\/wp-json\/wp\/v2\/product_brand?post=59846"},{"taxonomy":"product_cat","embeddable":true,"href":"https:\/\/www.beatnikshoes.com\/it\/wp-json\/wp\/v2\/product_cat?post=59846"},{"taxonomy":"product_tag","embeddable":true,"href":"https:\/\/www.beatnikshoes.com\/it\/wp-json\/wp\/v2\/product_tag?post=59846"},{"taxonomy":"woo-feed-brand","embeddable":true,"href":"https:\/\/www.beatnikshoes.com\/it\/wp-json\/wp\/v2\/woo-feed-brand?post=59846"}],"curies":[{"name":"wp","href":"https:\/\/api.w.org\/{rel}","templated":true}]}}